{"id":233,"date":"2025-08-02T14:37:57","date_gmt":"2025-08-02T14:37:57","guid":{"rendered":"https:\/\/myinternetcasinos.com\/ev\/"},"modified":"2025-08-02T14:37:57","modified_gmt":"2025-08-02T14:37:57","slug":"ev","status":"publish","type":"page","link":"https:\/\/myinternetcasinos.com\/tr\/","title":{"rendered":"Ev"},"content":{"rendered":"<h2>\u0130nternet Casino \u0130ncelemeleri &#8211; \u0130nternetteki En \u0130yi Casinolar<\/h2>\n<p><strong>MyInternetCasinos.com<\/strong>&#8216;un amac\u0131, size en g\u00fcncel bilgileri ve <strong>internet casinolar\u0131 hakk\u0131ndaki incelemeleri<\/strong> sunmakt\u0131r. \u00c7evrimi\u00e7i casinoda oynamak \u00e7ok e\u011flencelidir, ancak nerede oynayaca\u011f\u0131n\u0131z, \u00e7e\u015fitli casino bonus teklifleri ve promosyonlar\u0131, g\u00fcvenlik sorunlar\u0131, para yat\u0131rma se\u00e7enekleri ve \u00e7ok daha fazlas\u0131 hakk\u0131nda bilgi sahibi olmak \u00f6nemlidir.<\/p>\n<p>Web sitemizde t\u00fcm bu bilgileri bulabilirsiniz. En iyi internet casinolar\u0131 hakk\u0131nda kapsaml\u0131 bir <a href=\"http:\/\/www.gambling6.com\" target=\"_blank\" rel=\"noopener\">testi<\/a> ger\u00e7ekle\u015ftirdik. Test kriterlerimiz aras\u0131nda casino yaz\u0131l\u0131m\u0131, oyun se\u00e7enekleri, \u00f6deme y\u00fczdeleri, g\u00fcvenlik standartlar\u0131, m\u00fc\u015fteri deste\u011fi ve daha fazlas\u0131 yer almaktad\u0131r.<\/p>\n<p>Bir\u00e7ok \u00e7evrimi\u00e7i kumarbaz, spor bahisleri, \u00e7evrimi\u00e7i poker, bingo vb. gibi se\u00e7enekler sunan internet casinolar\u0131n\u0131 tercih eder. Bir casino incelemesi ar\u0131yorsan\u0131z ve casinonun ABD&#8217;li oyuncular\u0131 kabul edip etmedi\u011fini merak ediyorsan\u0131z, <a href=\"index.php?option=com_content&amp;view=article&amp;id=92&amp;Itemid=197\"><span style=\"text-decoration: underline;\">Slotland incelememize g\u00f6z at\u0131n<\/span><\/a>. Bu, ABD&#8217;de ya\u015fayan kumarbazlar i\u00e7in tart\u0131\u015fmas\u0131z en iyi se\u00e7enektir. Slotland, ABD&#8217;li kumarbazlar\u0131n kullanabilece\u011fi bir dizi kullan\u0131\u015fl\u0131 ve g\u00fcvenli casino para yat\u0131rma se\u00e7ene\u011fine sahiptir.<\/p>\n<ul>\n<li>En iyi internet casinolar\u0131n\u0131n <strong>incelemelerini<\/strong> g\u00f6rmek i\u00e7in yukar\u0131daki casinolardan birini se\u00e7meniz yeterlidir. Sa\u011fdaki s\u00fctunda bulunan &#8220;\u0130nternet Casino \u0130ncelemeleri&#8221; men\u00fcs\u00fcne t\u0131klayarak daha fazla casino incelemesi bulabilirsiniz.<\/li>\n<li>MyInternetCasinos.com&#8217;da ayr\u0131ca sizi yeni promosyonlar ve internette oynayabilece\u011finiz en heyecan verici oyunlar hakk\u0131nda g\u00fcncel tutaca\u011f\u0131z.<\/li>\n<li>Hangi casino stratejisinin size en iyi sonu\u00e7lar\u0131 getirece\u011fine dair ipu\u00e7lar\u0131 m\u0131 ar\u0131yorsunuz? O da bizde.<\/li>\n<li>\u0130nternetteki bir\u00e7ok casino, oyunlar\u0131n\u0131 \u00fccretsiz deneme \u015fans\u0131 sunar &#8211; \u00dccretsiz D\u00f6nd\u00fcrmeler veya \u00fccretsiz casino paras\u0131 promosyonuyla, casino oyunlar\u0131n\u0131 denemek i\u00e7in kendi paran\u0131z\u0131 yat\u0131rman\u0131za bile gerek kalmaz. Ve en iyisi, <a href=\"https:\/\/www.bestuscasinos.org\/games\/slots\/\" target=\"_blank\" rel=\"noopener\">ger\u00e7ek parayla \u00e7evrimi\u00e7i slot oynayabilir<\/a> ve kazanc\u0131n\u0131z\u0131n \u00f6nemli bir k\u0131sm\u0131n\u0131 da saklayabilirsiniz (bunun i\u00e7in kendi paran\u0131z\u0131 yat\u0131rman\u0131z gerekecek!)<\/li>\n<\/ul>\n<h3>\u0130nternetteki en iyi casinolar\u0131n keyfini \u00e7\u0131kar\u0131n &#8211; Bol \u015fans!<\/h3>\n<p>&nbsp;<\/p>\n","protected":false},"excerpt":{"rendered":"<p>\u0130nternet Casino \u0130ncelemeleri &#8211; \u0130nternetteki En \u0130yi Casinolar MyInternetCasinos.com&#8216;un amac\u0131, size en g\u00fcncel bilgileri ve internet casinolar\u0131 hakk\u0131ndaki incelemeleri sunmakt\u0131r. \u00c7evrimi\u00e7i casinoda oynamak \u00e7ok e\u011flencelidir, ancak nerede oynayaca\u011f\u0131n\u0131z, \u00e7e\u015fitli casino<\/p>\n<p><a href=\"https:\/\/myinternetcasinos.com\/tr\/\" class=\"more-link\">Continue Reading<span class=\"screen-reader-text\">Ev<\/span><\/a><\/p>\n","protected":false},"author":1,"featured_media":0,"parent":0,"menu_order":0,"comment_status":"closed","ping_status":"closed","template":"","meta":{"footnotes":""},"class_list":["post-233","page","type-page","status-publish","hentry"],"_links":{"self":[{"href":"https:\/\/myinternetcasinos.com\/tr\/wp-json\/wp\/v2\/pages\/233","targetHints":{"allow":["GET"]}}],"collection":[{"href":"https:\/\/myinternetcasinos.com\/tr\/wp-json\/wp\/v2\/pages"}],"about":[{"href":"https:\/\/myinternetcasinos.com\/tr\/wp-json\/wp\/v2\/types\/page"}],"author":[{"embeddable":true,"href":"https:\/\/myinternetcasinos.com\/tr\/wp-json\/wp\/v2\/users\/1"}],"replies":[{"embeddable":true,"href":"https:\/\/myinternetcasinos.com\/tr\/wp-json\/wp\/v2\/comments?post=233"}],"version-history":[{"count":0,"href":"https:\/\/myinternetcasinos.com\/tr\/wp-json\/wp\/v2\/pages\/233\/revisions"}],"wp:attachment":[{"href":"https:\/\/myinternetcasinos.com\/tr\/wp-json\/wp\/v2\/media?parent=233"}],"curies":[{"name":"wp","href":"https:\/\/api.w.org\/{rel}","templated":true}]}}