{"id":237,"date":"2025-08-02T14:37:57","date_gmt":"2025-08-02T14:37:57","guid":{"rendered":"https:\/\/myinternetcasinos.com\/hem\/"},"modified":"2025-08-02T14:37:57","modified_gmt":"2025-08-02T14:37:57","slug":"hem","status":"publish","type":"page","link":"https:\/\/myinternetcasinos.com\/sv\/","title":{"rendered":"Hem"},"content":{"rendered":"<h2>Recensioner av internetcasinon &#8211; de b\u00e4sta casinona p\u00e5 internet<\/h2>\n<p>M\u00e5let med <strong>MyInternetCasinos.com<\/strong> \u00e4r att ge dig den senaste informationen och <strong>recensionerna av internetcasinon<\/strong>. Att spela p\u00e5 casino online \u00e4r j\u00e4ttekul, men det \u00e4r viktigt att vara v\u00e4linformerad om var man ska spela, de olika casinobonuserbjudandena och kampanjerna, s\u00e4kerhetsproblem, ins\u00e4ttningsalternativ och mycket mer.<\/p>\n<p>P\u00e5 v\u00e5r webbplats hittar du all denna information. Vi har genomf\u00f6rt ett omfattande <a href=\"http:\/\/www.gambling6.com\" target=\"_blank\" rel=\"noopener\">test av de b\u00e4sta internetcasinona<\/a>. V\u00e5ra testkriterier inkluderar casinoprogramvara, spelutbud, utbetalningsprocent, s\u00e4kerhetsstandarder, kundsupport och mycket mer.<\/p>\n<p>M\u00e5nga onlinespelare gillar internetkasinon med alternativ som sportspel, onlinepoker, bingo etc. Om du letar efter en casinorecension och undrar om casinot accepterar amerikanska spelare, <a href=\"index.php?option=com_content&amp;view=article&amp;id=92&amp;Itemid=197\"><span style=\"text-decoration: underline;\">kolla in v\u00e5r Slotland-recension<\/span><\/a>. Detta \u00e4r utan tvekan det b\u00e4sta alternativet f\u00f6r spelare som bor i USA. Slotland har ett antal bekv\u00e4ma och s\u00e4kra casinoins\u00e4ttningsalternativ som amerikanska spelare kan anv\u00e4nda.<\/p>\n<ul>\n<li>F\u00f6r att se <strong>recensionerna av de b\u00e4sta internetkasinona<\/strong>, v\u00e4lj helt enkelt ett av casinona ovan. Hitta fler casinorecensioner genom att klicka p\u00e5 menyn &#8221;Internetcasinorecensioner&#8221; i kolumnen till h\u00f6ger.<\/li>\n<li>P\u00e5 MyInternetCasinos.com h\u00e5ller vi dig ocks\u00e5 uppdaterad om nya kampanjer och de mest sp\u00e4nnande spelen du kan spela p\u00e5 internet.<\/li>\n<li>Letar du efter tips om vilken casinostrategi som ger dig b\u00e4st resultat? Det har vi ocks\u00e5.<\/li>\n<li>M\u00e5nga casinon p\u00e5 internet ger dig chansen att prova deras spel gratis &#8211; med Free Spins eller gratis casinopengar-kampanjen beh\u00f6ver du inte ens s\u00e4tta in pengar f\u00f6r att prova deras casinospel. Och det b\u00e4sta \u00e4r att du kan <a href=\"https:\/\/www.bestuscasinos.org\/games\/slots\/\" target=\"_blank\" rel=\"noopener\">spela slots online med riktiga pengar<\/a> och f\u00e5 beh\u00e5lla en stor del av dina vinster ocks\u00e5 (\u00e4ven om du m\u00e5ste g\u00f6ra en egen ins\u00e4ttning f\u00f6r detta!)<\/li>\n<\/ul>\n<h3>Njut av de b\u00e4sta casinona p\u00e5 internet &#8211; Lycka till!<\/h3>\n","protected":false},"excerpt":{"rendered":"<p>Recensioner av internetcasinon &#8211; de b\u00e4sta casinona p\u00e5 internet M\u00e5let med MyInternetCasinos.com \u00e4r att ge dig den senaste informationen och recensionerna av internetcasinon. Att spela p\u00e5 casino online \u00e4r j\u00e4ttekul,<\/p>\n<p><a href=\"https:\/\/myinternetcasinos.com\/sv\/\" class=\"more-link\">Continue Reading<span class=\"screen-reader-text\">Hem<\/span><\/a><\/p>\n","protected":false},"author":1,"featured_media":0,"parent":0,"menu_order":0,"comment_status":"closed","ping_status":"closed","template":"","meta":{"footnotes":""},"class_list":["post-237","page","type-page","status-publish","hentry"],"_links":{"self":[{"href":"https:\/\/myinternetcasinos.com\/sv\/wp-json\/wp\/v2\/pages\/237","targetHints":{"allow":["GET"]}}],"collection":[{"href":"https:\/\/myinternetcasinos.com\/sv\/wp-json\/wp\/v2\/pages"}],"about":[{"href":"https:\/\/myinternetcasinos.com\/sv\/wp-json\/wp\/v2\/types\/page"}],"author":[{"embeddable":true,"href":"https:\/\/myinternetcasinos.com\/sv\/wp-json\/wp\/v2\/users\/1"}],"replies":[{"embeddable":true,"href":"https:\/\/myinternetcasinos.com\/sv\/wp-json\/wp\/v2\/comments?post=237"}],"version-history":[{"count":0,"href":"https:\/\/myinternetcasinos.com\/sv\/wp-json\/wp\/v2\/pages\/237\/revisions"}],"wp:attachment":[{"href":"https:\/\/myinternetcasinos.com\/sv\/wp-json\/wp\/v2\/media?parent=237"}],"curies":[{"name":"wp","href":"https:\/\/api.w.org\/{rel}","templated":true}]}}