{"id":234,"date":"2025-08-02T14:37:57","date_gmt":"2025-08-02T14:37:57","guid":{"rendered":"https:\/\/myinternetcasinos.com\/domov\/"},"modified":"2025-08-02T14:37:57","modified_gmt":"2025-08-02T14:37:57","slug":"domov","status":"publish","type":"page","link":"https:\/\/myinternetcasinos.com\/sl\/","title":{"rendered":"Domov"},"content":{"rendered":"<h2>Ocene internetnih igralnic &#8211; najbolj\u0161e igralnice na internetu<\/h2>\n<p>Cilj spletne strani <strong>MyInternetCasinos.com<\/strong> je, da vam prinese najnovej\u0161e informacije in <strong>ocene internetnih igralnic<\/strong>. Igranje v spletni igralnici je zelo zabavno, vendar je pomembno, da ste dobro obve\u0161\u010deni o tem, kje igrati, o razli\u010dnih ponudbah in promocijah igralni\u0161kih bonusov, varnostnih vpra\u0161anjih, mo\u017enostih pologa in \u0161e veliko ve\u010d.<\/p>\n<p>Na na\u0161i spletni strani lahko najdete vse te informacije. Izvedli smo obse\u017een test najbolj\u0161ih internetnih igralnic. Na\u0161i kriteriji testiranja vklju\u010dujejo programsko opremo igralnice, izbiro iger, odstotke izpla\u010dil, varnostne standarde, podporo strankam in \u0161e veliko ve\u010d.<\/p>\n<p>Mnogi spletni igralci na sre\u010do imajo radi spletne igralnice z mo\u017enostmi, kot so \u0161portne stave, spletni poker, bingo itd. \u010ce i\u0161\u010dete oceno igralnice in se spra\u0161ujete, ali igralnica sprejema igralce iz ZDA, <a href=\"index.php?option=com_content&amp;view=article&amp;id=92&amp;Itemid=197\"><span style=\"text-decoration: underline;\">oglejte si na\u0161o oceno Slotlanda<\/span><\/a>. To je nedvomno najbolj\u0161a mo\u017enost za igralce na sre\u010do, ki \u017eivijo v ZDA. Slotland ponuja \u0161tevilne priro\u010dne in varne mo\u017enosti za polog v igralnico, ki jih lahko uporabljajo igralci na sre\u010do iz ZDA.<\/p>\n<ul>\n<li>\u010ce si \u017eelite ogledati <strong>ocene najbolj\u0161ih spletnih igralnic<\/strong>, preprosto izberite eno od zgornjih igralnic. Ve\u010d ocen igralnic najdete s klikom na meni \u00bbOcene internetnih igralnic\u00ab v stolpcu na desni.<\/li>\n<li>Na MyInternetCasinos.com vas bomo obve\u0161\u010dali tudi o novih promocijah in najbolj vznemirljivih igrah, ki jih lahko igrate na internetu.<\/li>\n<li>I\u0161\u010dete nasvete o tem, katera strategija igralnice vam bo prinesla najbolj\u0161e rezultate? Tudi to imamo.<\/li>\n<li>\u0160tevilne spletne igralnice vam ponujajo mo\u017enost, da njihove igre preizkusite brezpla\u010dno \u2013 s promocijo brezpla\u010dnih vrtljajev ali brezpla\u010dnega denarja v igralnici vam sploh ni treba polo\u017eiti lastnega denarja, da bi preizkusili njihove igralni\u0161ke igre. In najbolj\u0161e je, da lahko <a href=\"https:\/\/www.bestuscasinos.org\/games\/slots\/\" target=\"_blank\" rel=\"noopener\">igrate igralne avtomate za pravi denar na spletu<\/a> in obdr\u017eite tudi dober del svojih dobitkov (\u010deprav boste za to morali sami opraviti polog!)<\/li>\n<\/ul>\n<h3>U\u017eivajte v najbolj\u0161ih igralnicah na internetu &#8211; Sre\u010dno!<\/h3>\n<p>&nbsp;<\/p>\n","protected":false},"excerpt":{"rendered":"<p>Ocene internetnih igralnic &#8211; najbolj\u0161e igralnice na internetu Cilj spletne strani MyInternetCasinos.com je, da vam prinese najnovej\u0161e informacije in ocene internetnih igralnic. Igranje v spletni igralnici je zelo zabavno, vendar<\/p>\n<p><a href=\"https:\/\/myinternetcasinos.com\/sl\/\" class=\"more-link\">Continue Reading<span class=\"screen-reader-text\">Domov<\/span><\/a><\/p>\n","protected":false},"author":1,"featured_media":0,"parent":0,"menu_order":0,"comment_status":"closed","ping_status":"closed","template":"","meta":{"footnotes":""},"class_list":["post-234","page","type-page","status-publish","hentry"],"_links":{"self":[{"href":"https:\/\/myinternetcasinos.com\/sl\/wp-json\/wp\/v2\/pages\/234","targetHints":{"allow":["GET"]}}],"collection":[{"href":"https:\/\/myinternetcasinos.com\/sl\/wp-json\/wp\/v2\/pages"}],"about":[{"href":"https:\/\/myinternetcasinos.com\/sl\/wp-json\/wp\/v2\/types\/page"}],"author":[{"embeddable":true,"href":"https:\/\/myinternetcasinos.com\/sl\/wp-json\/wp\/v2\/users\/1"}],"replies":[{"embeddable":true,"href":"https:\/\/myinternetcasinos.com\/sl\/wp-json\/wp\/v2\/comments?post=234"}],"version-history":[{"count":0,"href":"https:\/\/myinternetcasinos.com\/sl\/wp-json\/wp\/v2\/pages\/234\/revisions"}],"wp:attachment":[{"href":"https:\/\/myinternetcasinos.com\/sl\/wp-json\/wp\/v2\/media?parent=234"}],"curies":[{"name":"wp","href":"https:\/\/api.w.org\/{rel}","templated":true}]}}