{"id":235,"date":"2025-08-02T14:37:57","date_gmt":"2025-08-02T14:37:57","guid":{"rendered":"https:\/\/myinternetcasinos.com\/domov\/"},"modified":"2025-08-02T14:37:57","modified_gmt":"2025-08-02T14:37:57","slug":"domov","status":"publish","type":"page","link":"https:\/\/myinternetcasinos.com\/sk\/","title":{"rendered":"Domov"},"content":{"rendered":"<h2>Recenzie internetov\u00fdch kas\u00edn &#8211; najlep\u0161ie kas\u00edna na internete<\/h2>\n<p>Cie\u013eom str\u00e1nky <strong>MyInternetCasinos.com<\/strong> je prin\u00e1\u0161a\u0165 v\u00e1m najnov\u0161ie inform\u00e1cie a <strong>recenzie internetov\u00fdch kas\u00edn<\/strong>. Hranie v online kas\u00edne je skvel\u00e1 z\u00e1bava, ale je d\u00f4le\u017eit\u00e9 by\u0165 dobre informovan\u00fd o tom, kde hra\u0165, o r\u00f4znych bonusov\u00fdch ponuk\u00e1ch a akci\u00e1ch kas\u00edna, o bezpe\u010dnostn\u00fdch probl\u00e9moch, o mo\u017enostiach vkladu a ove\u013ea viac.<\/p>\n<p>Na na\u0161ej webovej str\u00e1nke n\u00e1jdete v\u0161etky tieto inform\u00e1cie. Vykonali sme komplexn\u00fd test najlep\u0161\u00edch internetov\u00fdch kas\u00edn. Medzi na\u0161e testovacie krit\u00e9ri\u00e1 patr\u00ed softv\u00e9r kas\u00edna, v\u00fdber hier, percent\u00e1 v\u00fdplat, bezpe\u010dnostn\u00e9 \u0161tandardy, z\u00e1kazn\u00edcka podpora a mnoho \u010fal\u0161ieho.<\/p>\n<p>Mnoho online hr\u00e1\u010dov m\u00e1 r\u00e1d internetov\u00e9 kas\u00edna s mo\u017enos\u0165ami ako \u0161portov\u00e9 st\u00e1vkovanie, online poker, bingo at\u010f. Ak h\u013ead\u00e1te recenziu kas\u00edna a zauj\u00edma v\u00e1s, \u010di kas\u00edno akceptuje hr\u00e1\u010dov z USA, <a href=\"index.php?option=com_content&amp;view=article&amp;id=92&amp;Itemid=197\"><span style=\"text-decoration: underline;\">pozrite si na\u0161u recenziu Slotlandu<\/span><\/a>. Toto je jednozna\u010dne najlep\u0161ia vo\u013eba pre hr\u00e1\u010dov, ktor\u00ed \u017eij\u00fa v USA. Slotland pon\u00faka mno\u017estvo pohodln\u00fdch a bezpe\u010dn\u00fdch mo\u017enost\u00ed vkladu do kas\u00edna, ktor\u00e9 m\u00f4\u017eu hr\u00e1\u010di z USA vyu\u017ei\u0165.<\/p>\n<ul>\n<li>Ak si chcete pozrie\u0165 <strong>recenzie najlep\u0161\u00edch internetov\u00fdch kas\u00edn<\/strong>, jednoducho si vyberte jedno z vy\u0161\u0161ie uveden\u00fdch kas\u00edn. \u010eal\u0161ie recenzie kas\u00edn n\u00e1jdete kliknut\u00edm na ponuku \u201eRecenzie internetov\u00fdch kas\u00edn\u201c v st\u013apci vpravo.<\/li>\n<li>Na MyInternetCasinos.com v\u00e1s budeme tie\u017e informova\u0165 o nov\u00fdch akci\u00e1ch a najzauj\u00edmavej\u0161\u00edch hr\u00e1ch, ktor\u00e9 si m\u00f4\u017eete zahra\u0165 na internete.<\/li>\n<li>H\u013ead\u00e1te tipy, ktor\u00e1 kas\u00ednov\u00e1 strat\u00e9gia v\u00e1m prinesie najlep\u0161ie v\u00fdsledky? Aj to m\u00e1me.<\/li>\n<li>Mnoho kas\u00edn na internete v\u00e1m d\u00e1va mo\u017enos\u0165 vysk\u00fa\u0161a\u0165 si ich hry zadarmo \u2013 s akciou rozto\u010den\u00ed zadarmo alebo bezplatn\u00fdch kas\u00ednov\u00fdch pe\u0148az\u00ed nemus\u00edte ani vklada\u0165 vlastn\u00e9 peniaze, aby ste si mohli vysk\u00fa\u0161a\u0165 ich kas\u00ednov\u00e9 hry. A najlep\u0161ie je, \u017ee si m\u00f4\u017eete <a href=\"https:\/\/www.bestuscasinos.org\/games\/slots\/\" target=\"_blank\" rel=\"noopener\">hra\u0165 online hracie automaty o skuto\u010dn\u00e9 peniaze<\/a> a z\u00e1rove\u0148 si necha\u0165 ve\u013ek\u00fa \u010das\u0165 svojich v\u00fdhier (hoci na to budete musie\u0165 vykona\u0165 vlastn\u00fd vklad!)<\/li>\n<\/ul>\n<h3>U\u017eite si tie najlep\u0161ie kas\u00edna na internete &#8211; Ve\u013ea \u0161\u0165astia!<\/h3>\n<p>&nbsp;<\/p>\n","protected":false},"excerpt":{"rendered":"<p>Recenzie internetov\u00fdch kas\u00edn &#8211; najlep\u0161ie kas\u00edna na internete Cie\u013eom str\u00e1nky MyInternetCasinos.com je prin\u00e1\u0161a\u0165 v\u00e1m najnov\u0161ie inform\u00e1cie a recenzie internetov\u00fdch kas\u00edn. Hranie v online kas\u00edne je skvel\u00e1 z\u00e1bava, ale je d\u00f4le\u017eit\u00e9<\/p>\n<p><a href=\"https:\/\/myinternetcasinos.com\/sk\/\" class=\"more-link\">Continue Reading<span class=\"screen-reader-text\">Domov<\/span><\/a><\/p>\n","protected":false},"author":1,"featured_media":0,"parent":0,"menu_order":0,"comment_status":"closed","ping_status":"closed","template":"","meta":{"footnotes":""},"class_list":["post-235","page","type-page","status-publish","hentry"],"_links":{"self":[{"href":"https:\/\/myinternetcasinos.com\/sk\/wp-json\/wp\/v2\/pages\/235","targetHints":{"allow":["GET"]}}],"collection":[{"href":"https:\/\/myinternetcasinos.com\/sk\/wp-json\/wp\/v2\/pages"}],"about":[{"href":"https:\/\/myinternetcasinos.com\/sk\/wp-json\/wp\/v2\/types\/page"}],"author":[{"embeddable":true,"href":"https:\/\/myinternetcasinos.com\/sk\/wp-json\/wp\/v2\/users\/1"}],"replies":[{"embeddable":true,"href":"https:\/\/myinternetcasinos.com\/sk\/wp-json\/wp\/v2\/comments?post=235"}],"version-history":[{"count":0,"href":"https:\/\/myinternetcasinos.com\/sk\/wp-json\/wp\/v2\/pages\/235\/revisions"}],"wp:attachment":[{"href":"https:\/\/myinternetcasinos.com\/sk\/wp-json\/wp\/v2\/media?parent=235"}],"curies":[{"name":"wp","href":"https:\/\/api.w.org\/{rel}","templated":true}]}}