{"id":228,"date":"2025-08-02T14:37:57","date_gmt":"2025-08-02T14:37:57","guid":{"rendered":"https:\/\/myinternetcasinos.com\/acasa\/"},"modified":"2025-08-02T14:37:57","modified_gmt":"2025-08-02T14:37:57","slug":"acasa","status":"publish","type":"page","link":"https:\/\/myinternetcasinos.com\/ro\/","title":{"rendered":"Acas\u0103"},"content":{"rendered":"<h2>Recenzii Cazinouri pe Internet &#8211; cele mai bune Cazinouri de pe Internet<\/h2>\n<p>Scopul <strong>MyInternetCasinos.com<\/strong> este de a v\u0103 oferi cele mai recente informa\u021bii \u0219i <strong>recenzii ale cazinourilor pe internet<\/strong>. Jocul la cazinoul online este foarte distractiv, dar este important s\u0103 fi\u021bi bine informa\u021bi despre unde s\u0103 juca\u021bi, diversele oferte \u0219i promo\u021bii de bonusuri la cazinou, problemele de securitate, op\u021biunile de depunere \u0219i multe altele.<\/p>\n<p>Pe site-ul nostru web pute\u021bi g\u0103si toate aceste informa\u021bii. Am efectuat un test cuprinz\u0103tor <a href=\"http:\/\/www.gambling6.com\" target=\"_blank\" rel=\"noopener\">al celor mai bune Cazinouri pe Internet<\/a>. Criteriile noastre de testare includ software-ul cazinoului, alegerea jocurilor, procentele de plat\u0103, standardele de securitate, asisten\u021ba pentru clien\u021bi \u0219i multe altele.<\/p>\n<p>Mul\u021bi juc\u0103tori online prefer\u0103 cazinourile online cu op\u021biuni precum pariuri sportive, poker online, bingo etc. Dac\u0103 sunte\u021bi \u00een c\u0103utarea unei recenzii a cazinourilor \u0219i v\u0103 \u00eentreba\u021bi dac\u0103 acestea accept\u0103 juc\u0103tori din SUA, <a href=\"index.php?option=com_content&amp;view=article&amp;id=92&amp;Itemid=197\"><span style=\"text-decoration: underline;\">consulta\u021bi recenzia noastr\u0103 despre Slotland<\/span><\/a>. Aceasta este, f\u0103r\u0103 \u00eendoial\u0103, cea mai bun\u0103 op\u021biune pentru juc\u0103torii care locuiesc \u00een SUA. Slotland are o serie de op\u021biuni de depunere convenabile \u0219i sigure la cazinouri pe care juc\u0103torii din SUA le pot utiliza.<\/p>\n<ul>\n<li>Pentru a vedea <strong>recenziile celor mai bune cazinouri online<\/strong>, alege\u021bi pur \u0219i simplu unul dintre cazinourile de mai sus. G\u0103si\u021bi mai multe recenzii de cazinouri f\u0103c\u00e2nd clic pe meniul \u201eRecenzii de cazinouri pe internet\u201d din coloana din dreapta.<\/li>\n<li>Pe MyInternetCasinos.com, v\u0103 vom \u021bine la curent \u0219i cu noile promo\u021bii \u0219i cele mai interesante jocuri pe care le pute\u021bi juca pe internet.<\/li>\n<li>C\u0103uta\u021bi sfaturi despre ce strategie de cazinou v\u0103 va oferi cele mai bune rezultate? Avem \u0219i asta.<\/li>\n<li>Multe cazinouri de pe internet v\u0103 ofer\u0103 \u0219ansa de a \u00eencerca jocurile lor gratuit &#8211; cu promo\u021bia Rotiri Gratuite sau bani de cazinou gratuit, nici m\u0103car nu trebuie s\u0103 depune\u021bi bani proprii pentru a \u00eencerca jocurile lor de cazinou. \u0218i cel mai bine este c\u0103 po\u021bi <a href=\"https:\/\/www.bestuscasinos.org\/games\/slots\/\" target=\"_blank\" rel=\"noopener\">juca sloturi online pe bani reali<\/a> \u0219i s\u0103 p\u0103strezi o bun\u0103 parte din c\u00e2\u0219tiguri (de\u0219i va trebui s\u0103 faci o depunere proprie pentru asta!)<\/li>\n<\/ul>\n<h3>Bucur\u0103-te de cele mai bune cazinouri de pe internet &#8211; Mult noroc!<\/h3>\n","protected":false},"excerpt":{"rendered":"<p>Recenzii Cazinouri pe Internet &#8211; cele mai bune Cazinouri de pe Internet Scopul MyInternetCasinos.com este de a v\u0103 oferi cele mai recente informa\u021bii \u0219i recenzii ale cazinourilor pe internet. Jocul<\/p>\n<p><a href=\"https:\/\/myinternetcasinos.com\/ro\/\" class=\"more-link\">Continue Reading<span class=\"screen-reader-text\">Acas\u0103<\/span><\/a><\/p>\n","protected":false},"author":1,"featured_media":0,"parent":0,"menu_order":0,"comment_status":"closed","ping_status":"closed","template":"","meta":{"footnotes":""},"class_list":["post-228","page","type-page","status-publish","hentry"],"_links":{"self":[{"href":"https:\/\/myinternetcasinos.com\/ro\/wp-json\/wp\/v2\/pages\/228","targetHints":{"allow":["GET"]}}],"collection":[{"href":"https:\/\/myinternetcasinos.com\/ro\/wp-json\/wp\/v2\/pages"}],"about":[{"href":"https:\/\/myinternetcasinos.com\/ro\/wp-json\/wp\/v2\/types\/page"}],"author":[{"embeddable":true,"href":"https:\/\/myinternetcasinos.com\/ro\/wp-json\/wp\/v2\/users\/1"}],"replies":[{"embeddable":true,"href":"https:\/\/myinternetcasinos.com\/ro\/wp-json\/wp\/v2\/comments?post=228"}],"version-history":[{"count":0,"href":"https:\/\/myinternetcasinos.com\/ro\/wp-json\/wp\/v2\/pages\/228\/revisions"}],"wp:attachment":[{"href":"https:\/\/myinternetcasinos.com\/ro\/wp-json\/wp\/v2\/media?parent=228"}],"curies":[{"name":"wp","href":"https:\/\/api.w.org\/{rel}","templated":true}]}}