{"id":227,"date":"2025-08-02T14:37:57","date_gmt":"2025-08-02T14:37:57","guid":{"rendered":"https:\/\/myinternetcasinos.com\/home\/"},"modified":"2025-08-02T14:37:57","modified_gmt":"2025-08-02T14:37:57","slug":"home","status":"publish","type":"page","link":"https:\/\/myinternetcasinos.com\/pt-pt\/","title":{"rendered":"Home"},"content":{"rendered":"<h2>Avalia\u00e7\u00f5es de Casinos Online &#8211; os melhores Casinos da Internet<\/h2>\n<p>O objetivo do <strong>MyInternetCasinos.com<\/strong> \u00e9 trazer-lhe as informa\u00e7\u00f5es e <strong>avalia\u00e7\u00f5es mais recentes sobre casinos online<\/strong>. Jogar em casinos online \u00e9 muito divertido, mas \u00e9 importante estar bem informado sobre onde jogar, as v\u00e1rias ofertas e promo\u00e7\u00f5es de b\u00f3nus, quest\u00f5es de seguran\u00e7a, op\u00e7\u00f5es de dep\u00f3sito e muito mais.<\/p>\n<p>No nosso site, encontra todas estas informa\u00e7\u00f5es. Realizamos um teste abrangente<a href=\"http:\/\/www.gambling6.com\" target=\"_blank\" rel=\"noopener\"> dos melhores Casinos Online<\/a>. Os nossos crit\u00e9rios de teste incluem software de casino, op\u00e7\u00f5es de jogo, percentagens de pagamento, normas de seguran\u00e7a, apoio ao cliente e muito mais.<\/p>\n<p>Muitos jogadores online gostam de casinos online com op\u00e7\u00f5es como apostas desportivas, p\u00f3quer online, bingo, etc. Se est\u00e1 \u00e0 procura de uma avalia\u00e7\u00e3o de casino e se pergunta se o casino aceita jogadores dos EUA, <a href=\"index.php?option=com_content&amp;view=article&amp;id=92&amp;Itemid=197\"><span style=\"text-decoration: underline;\">confira a nossa avalia\u00e7\u00e3o do Slotland<\/span><\/a>. Esta \u00e9, sem d\u00favida, a melhor op\u00e7\u00e3o para os jogadores que vivem nos EUA. O Slotland oferece diversas op\u00e7\u00f5es de dep\u00f3sito em casinos convenientes e seguras que os jogadores americanos podem utilizar.<\/p>\n<ul>\n<li>Para ver as <strong>avalia\u00e7\u00f5es dos melhores casinos online<\/strong>, basta escolher um dos casinos acima. Encontre mais avalia\u00e7\u00f5es de casinos clicando no menu &#8220;Avalia\u00e7\u00f5es de Casinos na Internet&#8221; na coluna \u00e0 direita.<\/li>\n<li>No MyInternetCasinos.com, tamb\u00e9m o manteremos a par das novas promo\u00e7\u00f5es e dos jogos mais emocionantes que pode jogar na internet.<\/li>\n<li>Procura dicas sobre qual a estrat\u00e9gia de casino que lhe dar\u00e1 os melhores resultados? N\u00f3s tamb\u00e9m temos isso.<\/li>\n<li>Muitos casinos na internet oferecem a oportunidade de experimentar os seus jogos gratuitamente &#8211; com a promo\u00e7\u00e3o de Rodadas Gr\u00e1tis ou dinheiro gr\u00e1tis no casino, nem precisa de depositar dinheiro para experimentar os seus jogos de casino. E o melhor de tudo \u00e9 que pode <a href=\"https:\/\/www.bestuscasinos.org\/games\/slots\/\" target=\"_blank\" rel=\"noopener\">jogar slots online com dinheiro real<\/a> e ficar com uma boa parte dos seus ganhos (embora precise de fazer um dep\u00f3sito para isso!)<\/li>\n<\/ul>\n<h3>Aproveite os melhores casinos da internet &#8211; Boa sorte!<\/h3>\n<p>&nbsp;<\/p>\n","protected":false},"excerpt":{"rendered":"<p>Avalia\u00e7\u00f5es de Casinos Online &#8211; os melhores Casinos da Internet O objetivo do MyInternetCasinos.com \u00e9 trazer-lhe as informa\u00e7\u00f5es e avalia\u00e7\u00f5es mais recentes sobre casinos online. Jogar em casinos online \u00e9<\/p>\n<p><a href=\"https:\/\/myinternetcasinos.com\/pt-pt\/\" class=\"more-link\">Continue Reading<span class=\"screen-reader-text\">Home<\/span><\/a><\/p>\n","protected":false},"author":1,"featured_media":0,"parent":0,"menu_order":0,"comment_status":"closed","ping_status":"closed","template":"","meta":{"footnotes":""},"class_list":["post-227","page","type-page","status-publish","hentry"],"_links":{"self":[{"href":"https:\/\/myinternetcasinos.com\/pt-pt\/wp-json\/wp\/v2\/pages\/227","targetHints":{"allow":["GET"]}}],"collection":[{"href":"https:\/\/myinternetcasinos.com\/pt-pt\/wp-json\/wp\/v2\/pages"}],"about":[{"href":"https:\/\/myinternetcasinos.com\/pt-pt\/wp-json\/wp\/v2\/types\/page"}],"author":[{"embeddable":true,"href":"https:\/\/myinternetcasinos.com\/pt-pt\/wp-json\/wp\/v2\/users\/1"}],"replies":[{"embeddable":true,"href":"https:\/\/myinternetcasinos.com\/pt-pt\/wp-json\/wp\/v2\/comments?post=227"}],"version-history":[{"count":0,"href":"https:\/\/myinternetcasinos.com\/pt-pt\/wp-json\/wp\/v2\/pages\/227\/revisions"}],"wp:attachment":[{"href":"https:\/\/myinternetcasinos.com\/pt-pt\/wp-json\/wp\/v2\/media?parent=227"}],"curies":[{"name":"wp","href":"https:\/\/api.w.org\/{rel}","templated":true}]}}