{"id":226,"date":"2025-08-02T14:37:57","date_gmt":"2025-08-02T14:37:57","guid":{"rendered":"https:\/\/myinternetcasinos.com\/dom\/"},"modified":"2025-08-02T14:37:57","modified_gmt":"2025-08-02T14:37:57","slug":"dom","status":"publish","type":"page","link":"https:\/\/myinternetcasinos.com\/pl\/","title":{"rendered":"Dom"},"content":{"rendered":"<h2>Recenzje kasyn internetowych \u2013 najlepsze kasyna w Internecie<\/h2>\n<p>Celem <strong>MyInternetCasinos.com<\/strong> jest dostarczanie najnowszych informacji i <strong>recenzji kasyn internetowych<\/strong>. Gra w kasynie online to \u015bwietna zabawa, ale wa\u017cne jest, aby by\u0107 dobrze poinformowanym o tym, gdzie gra\u0107, o r\u00f3\u017cnych ofertach bonusowych i promocjach kasynowych, kwestiach bezpiecze\u0144stwa, opcjach wp\u0142at i wielu innych.<\/p>\n<p>Na naszej stronie znajdziesz wszystkie te informacje. Przeprowadzili\u015bmy kompleksowy <a href=\"http:\/\/www.gambling6.com\" target=\"_blank\" rel=\"noopener\">test najlepszych kasyn internetowych<\/a>. Nasze kryteria testowe obejmuj\u0105 oprogramowanie kasyna, wyb\u00f3r gier, procenty wyp\u0142at, standardy bezpiecze\u0144stwa, obs\u0142ug\u0119 klienta i wiele innych.<\/p>\n<p>Wielu graczy online lubi kasyna internetowe oferuj\u0105ce takie opcje jak zak\u0142ady sportowe, poker online, bingo itp. Je\u015bli szukasz recenzji kasyna i zastanawiasz si\u0119, czy akceptuje ono graczy z USA, <a href=\"index.php?option=com_content&amp;view=article&amp;id=92&amp;Itemid=197\"><span style=\"text-decoration: underline;\">sprawd\u017a nasz\u0105 recenzj\u0119 Slotland<\/span><\/a>. To zdecydowanie najlepsza opcja dla graczy mieszkaj\u0105cych w USA. Slotland oferuje wiele wygodnych i bezpiecznych opcji wp\u0142at, z kt\u00f3rych mog\u0105 korzysta\u0107 gracze z USA.<\/p>\n<ul>\n<li>Aby zobaczy\u0107 <strong>recenzje najlepszych kasyn internetowych<\/strong>, wystarczy wybra\u0107 jedno z powy\u017cszych kasyn. Znajd\u017a wi\u0119cej recenzji kasyn, klikaj\u0105c menu \u201eRecenzje kasyn internetowych\u201d w kolumnie po prawej stronie.<\/li>\n<li>W MyInternetCasinos.com b\u0119dziemy Ci\u0119 r\u00f3wnie\u017c informowa\u0107 na bie\u017c\u0105co o nowych promocjach i najciekawszych grach, w kt\u00f3re mo\u017cesz zagra\u0107 w internecie.<\/li>\n<li>Szukasz wskaz\u00f3wek, kt\u00f3ra strategia kasynowa przyniesie Ci najlepsze rezultaty? My r\u00f3wnie\u017c je mamy.<\/li>\n<li>Wiele kasyn internetowych daje Ci mo\u017cliwo\u015b\u0107 wypr\u00f3bowania swoich gier za darmo \u2013 dzi\u0119ki promocji darmowych spin\u00f3w lub darmowych pieni\u0119dzy kasynowych nie musisz nawet wp\u0142aca\u0107 w\u0142asnych pieni\u0119dzy, aby wypr\u00f3bowa\u0107 ich gry kasynowe. A co najlepsze, mo\u017cesz <a href=\"https:\/\/www.bestuscasinos.org\/games\/slots\/\" target=\"_blank\" rel=\"noopener\">gra\u0107 w sloty online na prawdziwe pieni\u0105dze<\/a> i zachowa\u0107 spor\u0105 cz\u0119\u015b\u0107 swoich wygranych (cho\u0107 w tym celu b\u0119dziesz musia\u0142 wp\u0142aci\u0107 depozyt!).<\/li>\n<\/ul>\n<h3>Ciesz si\u0119 najlepszymi kasynami online \u2013 powodzenia!<\/h3>\n<p>&nbsp;<\/p>\n","protected":false},"excerpt":{"rendered":"<p>Recenzje kasyn internetowych \u2013 najlepsze kasyna w Internecie Celem MyInternetCasinos.com jest dostarczanie najnowszych informacji i recenzji kasyn internetowych. Gra w kasynie online to \u015bwietna zabawa, ale wa\u017cne jest, aby by\u0107<\/p>\n<p><a href=\"https:\/\/myinternetcasinos.com\/pl\/\" class=\"more-link\">Continue Reading<span class=\"screen-reader-text\">Dom<\/span><\/a><\/p>\n","protected":false},"author":1,"featured_media":0,"parent":0,"menu_order":0,"comment_status":"closed","ping_status":"closed","template":"","meta":{"footnotes":""},"class_list":["post-226","page","type-page","status-publish","hentry"],"_links":{"self":[{"href":"https:\/\/myinternetcasinos.com\/pl\/wp-json\/wp\/v2\/pages\/226","targetHints":{"allow":["GET"]}}],"collection":[{"href":"https:\/\/myinternetcasinos.com\/pl\/wp-json\/wp\/v2\/pages"}],"about":[{"href":"https:\/\/myinternetcasinos.com\/pl\/wp-json\/wp\/v2\/types\/page"}],"author":[{"embeddable":true,"href":"https:\/\/myinternetcasinos.com\/pl\/wp-json\/wp\/v2\/users\/1"}],"replies":[{"embeddable":true,"href":"https:\/\/myinternetcasinos.com\/pl\/wp-json\/wp\/v2\/comments?post=226"}],"version-history":[{"count":0,"href":"https:\/\/myinternetcasinos.com\/pl\/wp-json\/wp\/v2\/pages\/226\/revisions"}],"wp:attachment":[{"href":"https:\/\/myinternetcasinos.com\/pl\/wp-json\/wp\/v2\/media?parent=226"}],"curies":[{"name":"wp","href":"https:\/\/api.w.org\/{rel}","templated":true}]}}