{"id":225,"date":"2025-08-02T14:37:57","date_gmt":"2025-08-02T14:37:57","guid":{"rendered":"https:\/\/myinternetcasinos.com\/hjem\/"},"modified":"2025-08-02T14:37:57","modified_gmt":"2025-08-02T14:37:57","slug":"hjem","status":"publish","type":"page","link":"https:\/\/myinternetcasinos.com\/no\/","title":{"rendered":"Hjem"},"content":{"rendered":"<h2>Anmeldelser av nettkasinoer \u2013 de beste kasinoene p\u00e5 internett<\/h2>\n<p>M\u00e5let med <strong>MyInternetCasinos.com<\/strong> er \u00e5 gi deg den nyeste informasjonen og <strong>anmeldelsene av nettkasinoer<\/strong>. Det er kjempeg\u00f8y \u00e5 spille p\u00e5 nettkasino, men det er viktig \u00e5 v\u00e6re godt informert om hvor man skal spille, de ulike kasinobonustilbudene og kampanjene, sikkerhetsproblemer, innskuddsalternativer og mye mer.<\/p>\n<p>P\u00e5 nettstedet v\u00e5rt finner du all denne informasjonen. Vi har kj\u00f8rt en omfattende <a href=\"http:\/\/www.gambling6.com\" target=\"_blank\" rel=\"noopener\">test av de beste nettkasinoene<\/a>. V\u00e5re testkriterier inkluderer kasinoprogramvare, spillutvalg, utbetalingsprosenter, sikkerhetsstandarder, kundesupport og mye mer.<\/p>\n<p>Mange nettspillere liker internettkasinoer med alternativer som sportsbetting, nettpoker, bingo osv. Hvis du leter etter en kasinoanmeldelse og lurer p\u00e5 om kasinoet aksepterer amerikanske spillere, <a href=\"index.php?option=com_content&amp;view=article&amp;id=92&amp;Itemid=197\"><span style=\"text-decoration: underline;\">sjekk v\u00e5r Slotland-anmeldelse<\/span><\/a>. Dette er uten tvil det beste alternativet for spillere som bor i USA. Slotland har en rekke praktiske og sikre kasinoinnskuddsalternativer som amerikanske spillere kan bruke.<\/p>\n<ul>\n<li>For \u00e5 se <strong>anmeldelser av de beste internettkasinoene<\/strong>, velg ganske enkelt et av kasinoene ovenfor. Finn flere casinoanmeldelser ved \u00e5 klikke p\u00e5 menyen \u00abAnmeldelser av internettcasinoer\u00bb i kolonnen til h\u00f8yre.<\/li>\n<li>P\u00e5 MyInternetCasinos.com holder vi deg ogs\u00e5 oppdatert om nye kampanjer og de mest spennende spillene du kan spille p\u00e5 internett.<\/li>\n<li>Leter du etter tips om hvilken casinostrategi som gir deg best resultat? Det har vi ogs\u00e5.<\/li>\n<li>Mange casinoer p\u00e5 internett gir deg sjansen til \u00e5 pr\u00f8ve spillene deres gratis \u2013 med gratisspinn- eller gratis casinopenger-kampanjen trenger du ikke engang \u00e5 sette inn penger selv for \u00e5 pr\u00f8ve casinospillene deres. Og det beste er at du kan <a href=\"https:\/\/www.bestuscasinos.org\/games\/slots\/\" target=\"_blank\" rel=\"noopener\">spille spilleautomater med ekte penger p\u00e5 nett<\/a> og f\u00e5 beholde en god del av gevinstene dine ogs\u00e5 (selv om du m\u00e5 gj\u00f8re et eget innskudd for dette!)<\/li>\n<\/ul>\n<h3>Kos deg med de beste casinoene p\u00e5 internett \u2013 Lykke til!<\/h3>\n","protected":false},"excerpt":{"rendered":"<p>Anmeldelser av nettkasinoer \u2013 de beste kasinoene p\u00e5 internett M\u00e5let med MyInternetCasinos.com er \u00e5 gi deg den nyeste informasjonen og anmeldelsene av nettkasinoer. Det er kjempeg\u00f8y \u00e5 spille p\u00e5 nettkasino,<\/p>\n<p><a href=\"https:\/\/myinternetcasinos.com\/no\/\" class=\"more-link\">Continue Reading<span class=\"screen-reader-text\">Hjem<\/span><\/a><\/p>\n","protected":false},"author":1,"featured_media":0,"parent":0,"menu_order":0,"comment_status":"closed","ping_status":"closed","template":"","meta":{"footnotes":""},"class_list":["post-225","page","type-page","status-publish","hentry"],"_links":{"self":[{"href":"https:\/\/myinternetcasinos.com\/no\/wp-json\/wp\/v2\/pages\/225","targetHints":{"allow":["GET"]}}],"collection":[{"href":"https:\/\/myinternetcasinos.com\/no\/wp-json\/wp\/v2\/pages"}],"about":[{"href":"https:\/\/myinternetcasinos.com\/no\/wp-json\/wp\/v2\/types\/page"}],"author":[{"embeddable":true,"href":"https:\/\/myinternetcasinos.com\/no\/wp-json\/wp\/v2\/users\/1"}],"replies":[{"embeddable":true,"href":"https:\/\/myinternetcasinos.com\/no\/wp-json\/wp\/v2\/comments?post=225"}],"version-history":[{"count":0,"href":"https:\/\/myinternetcasinos.com\/no\/wp-json\/wp\/v2\/pages\/225\/revisions"}],"wp:attachment":[{"href":"https:\/\/myinternetcasinos.com\/no\/wp-json\/wp\/v2\/media?parent=225"}],"curies":[{"name":"wp","href":"https:\/\/api.w.org\/{rel}","templated":true}]}}