{"id":222,"date":"2025-08-02T14:37:57","date_gmt":"2025-08-02T14:37:57","guid":{"rendered":"https:\/\/myinternetcasinos.com\/sakums\/"},"modified":"2025-08-02T14:37:57","modified_gmt":"2025-08-02T14:37:57","slug":"sakums","status":"publish","type":"page","link":"https:\/\/myinternetcasinos.com\/lv\/","title":{"rendered":"S\u0101kums"},"content":{"rendered":"<h2>Interneta kazino apskati \u2014 lab\u0101kie kazino internet\u0101<\/h2>\n<p><strong>MyInternetCasinos.com<\/strong> m\u0113r\u0137is ir sniegt jums jaun\u0101ko inform\u0101ciju un <strong>interneta kazino apskatus<\/strong>. Sp\u0113l\u0113\u0161ana kazino tie\u0161saist\u0113 ir \u013coti jautra, ta\u010du ir svar\u012bgi b\u016bt labi inform\u0113tam par to, kur sp\u0113l\u0113t, da\u017e\u0101diem kazino bonusa pied\u0101v\u0101jumiem un akcij\u0101m, dro\u0161\u012bbas jaut\u0101jumiem, iemaksu iesp\u0113j\u0101m un daudz ko citu.<\/p>\n<p>M\u016bsu t\u012bmek\u013ca vietn\u0113 j\u016bs varat atrast visu \u0161o inform\u0101ciju. Esam veiku\u0161i visaptvero\u0161u <a href=\"http:\/\/www.gambling6.com\" target=\"_blank\" rel=\"noopener\">lab\u0101ko interneta kazino testu<\/a>. M\u016bsu testa krit\u0113riji ietver kazino programmat\u016bru, sp\u0113\u013cu izv\u0113li, izmaksu procentus, dro\u0161\u012bbas standartus, klientu atbalstu un daudz ko citu.<\/p>\n<p>Daudziem tie\u0161saistes sp\u0113l\u0113t\u0101jiem pat\u012bk interneta kazino ar t\u0101d\u0101m iesp\u0113j\u0101m k\u0101 sporta totalizatori, tie\u0161saistes pokers, bingo utt. Ja mekl\u0113jat kazino apskatu un dom\u0101jat, vai kazino pie\u0146em ASV sp\u0113l\u0113t\u0101jus, <a href=\"index.php?option=com_content&amp;view=article&amp;id=92&amp;Itemid=197\"><span style=\"text-decoration: underline;\">apskatiet m\u016bsu Slotland apskatu<\/span><\/a>. \u0160\u012b neap\u0161aub\u0101mi ir lab\u0101k\u0101 iesp\u0113ja sp\u0113l\u0113t\u0101jiem, kas dz\u012bvo ASV. Slotland pied\u0101v\u0101 vair\u0101kas \u0113rtas un dro\u0161as kazino iemaksu iesp\u0113jas, ko var izmantot ASV sp\u0113l\u0113t\u0101ji.<\/p>\n<ul>\n<li>Lai redz\u0113tu <strong>lab\u0101ko interneta kazino apskatus<\/strong>, vienk\u0101r\u0161i izv\u0113lieties vienu no iepriek\u0161 min\u0113tajiem kazino. Atrodiet vair\u0101k kazino apskatu, noklik\u0161\u0137inot uz izv\u0113lnes &#8220;Interneta kazino apskati&#8221; labaj\u0101 kolonn\u0101.<\/li>\n<li>Vietn\u0113 MyInternetCasinos.com m\u0113s j\u016bs ar\u012b inform\u0113sim par jaun\u0101m akcij\u0101m un aizraujo\u0161\u0101kaj\u0101m sp\u0113l\u0113m, ko varat sp\u0113l\u0113t internet\u0101.<\/li>\n<li>Mekl\u0113jat padomus par to, kura kazino strat\u0113\u0123ija sniegs jums vislab\u0101kos rezult\u0101tus? Ar\u012b t\u0101di mums ir.<\/li>\n<li>Daudzi kazino internet\u0101 pied\u0101v\u0101 iesp\u0113ju izm\u0113\u0123in\u0101t savas sp\u0113les bez maksas \u2014 ar bezmaksas griezienu vai bezmaksas kazino naudas akciju jums pat nav j\u0101iemaks\u0101 sava nauda, \u200b\u200blai izm\u0113\u0123in\u0101tu vi\u0146u kazino sp\u0113les. Un pats lab\u0101kais ir tas, ka j\u016bs varat <a href=\"https:\/\/www.bestuscasinos.org\/games\/slots\/\" target=\"_blank\" rel=\"noopener\">sp\u0113l\u0113t sp\u0113\u013cu autom\u0101tus tie\u0161saist\u0113 uz \u012bstu naudu<\/a> un patur\u0113t ar\u012b iev\u0113rojamu da\u013cu no saviem laimestiem (lai gan \u0161im nol\u016bkam jums b\u016bs j\u0101veic sava iemaksa!)<\/li>\n<\/ul>\n<h3>Izbaudiet lab\u0101kos kazino internet\u0101 \u2014 veiksmi!<\/h3>\n<p>&nbsp;<\/p>\n","protected":false},"excerpt":{"rendered":"<p>Interneta kazino apskati \u2014 lab\u0101kie kazino internet\u0101 MyInternetCasinos.com m\u0113r\u0137is ir sniegt jums jaun\u0101ko inform\u0101ciju un interneta kazino apskatus. Sp\u0113l\u0113\u0161ana kazino tie\u0161saist\u0113 ir \u013coti jautra, ta\u010du ir svar\u012bgi b\u016bt labi inform\u0113tam<\/p>\n<p><a href=\"https:\/\/myinternetcasinos.com\/lv\/\" class=\"more-link\">Continue Reading<span class=\"screen-reader-text\">S\u0101kums<\/span><\/a><\/p>\n","protected":false},"author":1,"featured_media":0,"parent":0,"menu_order":0,"comment_status":"closed","ping_status":"closed","template":"","meta":{"footnotes":""},"class_list":["post-222","page","type-page","status-publish","hentry"],"_links":{"self":[{"href":"https:\/\/myinternetcasinos.com\/lv\/wp-json\/wp\/v2\/pages\/222","targetHints":{"allow":["GET"]}}],"collection":[{"href":"https:\/\/myinternetcasinos.com\/lv\/wp-json\/wp\/v2\/pages"}],"about":[{"href":"https:\/\/myinternetcasinos.com\/lv\/wp-json\/wp\/v2\/types\/page"}],"author":[{"embeddable":true,"href":"https:\/\/myinternetcasinos.com\/lv\/wp-json\/wp\/v2\/users\/1"}],"replies":[{"embeddable":true,"href":"https:\/\/myinternetcasinos.com\/lv\/wp-json\/wp\/v2\/comments?post=222"}],"version-history":[{"count":0,"href":"https:\/\/myinternetcasinos.com\/lv\/wp-json\/wp\/v2\/pages\/222\/revisions"}],"wp:attachment":[{"href":"https:\/\/myinternetcasinos.com\/lv\/wp-json\/wp\/v2\/media?parent=222"}],"curies":[{"name":"wp","href":"https:\/\/api.w.org\/{rel}","templated":true}]}}