{"id":223,"date":"2025-08-02T14:37:57","date_gmt":"2025-08-02T14:37:57","guid":{"rendered":"https:\/\/myinternetcasinos.com\/pradzia\/"},"modified":"2025-08-02T14:37:57","modified_gmt":"2025-08-02T14:37:57","slug":"pradzia","status":"publish","type":"page","link":"https:\/\/myinternetcasinos.com\/lt\/","title":{"rendered":"Prad\u017eia"},"content":{"rendered":"<h2>Internetini\u0173 kazino ap\u017evalgos \u2013 geriausi kazino internete<\/h2>\n<p><strong>MyInternetCasinos.com<\/strong> tikslas \u2013 pateikti jums naujausi\u0105 informacij\u0105 ir <strong>internetini\u0173 kazino ap\u017evalgas<\/strong>. \u017daisti internetiniame kazino yra labai smagu, ta\u010diau svarbu b\u016bti gerai informuotam apie tai, kur \u017eaisti, \u012fvairius kazino premij\u0173 pasi\u016blymus ir akcijas, saugumo problemas, \u012fmok\u0173 b\u016bdus ir daug daugiau.<\/p>\n<p>Vis\u0105 \u0161i\u0105 informacij\u0105 galite rasti m\u016bs\u0173 svetain\u0117je. Atlikome i\u0161sam\u0173 <a href=\"http:\/\/www.gambling6.com\" target=\"_blank\" rel=\"noopener\">geriausi\u0173 internetini\u0173 kazino<\/a> test\u0105. M\u016bs\u0173 testavimo kriterijai apima kazino programin\u0119 \u012frang\u0105, \u017eaidim\u0173 pasirinkim\u0105, i\u0161mok\u0117jimo procentus, saugumo standartus, klient\u0173 aptarnavim\u0105 ir daug daugiau.<\/p>\n<p>Daugelis internetini\u0173 lo\u0161\u0117j\u0173 m\u0117gsta internetinius kazino, si\u016blan\u010dius tokias galimybes kaip sporto la\u017eybos, internetinis pokeris, bingo ir kt. Jei ie\u0161kote kazino ap\u017evalgos ir svarstote, ar kazino priima \u017eaid\u0117jus i\u0161 JAV, <a href=\"index.php?option=com_content&amp;view=article&amp;id=92&amp;Itemid=197\"><span style=\"text-decoration: underline;\">per\u017ei\u016br\u0117kite m\u016bs\u0173 \u201eSlotland\u201c ap\u017evalg\u0105<\/span><\/a>. Tai neabejotinai geriausias pasirinkimas lo\u0161\u0117jams, gyvenantiems JAV. \u201eSlotland\u201c si\u016blo daugyb\u0119 patogi\u0173 ir saugi\u0173 kazino \u012fmok\u0173 b\u016bd\u0173, kuriais gali naudotis JAV lo\u0161\u0117jai.<\/p>\n<ul>\n<li>Nor\u0117dami per\u017ei\u016br\u0117ti <strong>geriausi\u0173 internetini\u0173 kazino ap\u017evalgas<\/strong>, tiesiog pasirinkite vien\u0105 i\u0161 auk\u0161\u010diau pateikt\u0173 kazino. Daugiau kazino ap\u017evalg\u0173 rasite spustel\u0117j\u0119 meniu \u201eInterneto kazino ap\u017evalgos\u201c, esant\u012f de\u0161in\u0117je esan\u010diame stulpelyje.<\/li>\n<li>MyInternetCasinos.com svetain\u0117je taip pat informuosime jus apie naujas akcijas ir \u012fdomiausius \u017eaidimus, kuriuos galite \u017eaisti internete.<\/li>\n<li>Ie\u0161kote patarim\u0173, kokia kazino strategija pad\u0117s pasiekti geriausi\u0173 rezultat\u0173? Mes ir j\u0173 turime.<\/li>\n<li>Daugelis internetini\u0173 kazino suteikia galimyb\u0119 i\u0161bandyti savo \u017eaidimus nemokamai \u2013 naudodamiesi nemokam\u0173 sukim\u0173 arba nemokam\u0173 kazino pinig\u0173 akcija, jums net nereikia \u012fne\u0161ti savo pinig\u0173, kad gal\u0117tum\u0117te i\u0161bandyti j\u0173 kazino \u017eaidimus. O geriausia yra tai, kad galite <a href=\"https:\/\/www.bestuscasinos.org\/games\/slots\/\" target=\"_blank\" rel=\"noopener\">\u017eaisti lo\u0161imo automatais internete i\u0161 tikr\u0173 pinig\u0173<\/a> ir pasilikti nema\u017e\u0105 dal\u012f savo laim\u0117jim\u0173 (nors tam tur\u0117site atlikti savo \u012fmok\u0105!)<\/li>\n<\/ul>\n<h3>M\u0117gaukit\u0117s geriausiais kazino internete \u2013 s\u0117km\u0117s!<\/h3>\n<p>&nbsp;<\/p>\n","protected":false},"excerpt":{"rendered":"<p>Internetini\u0173 kazino ap\u017evalgos \u2013 geriausi kazino internete MyInternetCasinos.com tikslas \u2013 pateikti jums naujausi\u0105 informacij\u0105 ir internetini\u0173 kazino ap\u017evalgas. \u017daisti internetiniame kazino yra labai smagu, ta\u010diau svarbu b\u016bti gerai informuotam apie<\/p>\n<p><a href=\"https:\/\/myinternetcasinos.com\/lt\/\" class=\"more-link\">Continue Reading<span class=\"screen-reader-text\">Prad\u017eia<\/span><\/a><\/p>\n","protected":false},"author":1,"featured_media":0,"parent":0,"menu_order":0,"comment_status":"closed","ping_status":"closed","template":"","meta":{"footnotes":""},"class_list":["post-223","page","type-page","status-publish","hentry"],"_links":{"self":[{"href":"https:\/\/myinternetcasinos.com\/lt\/wp-json\/wp\/v2\/pages\/223","targetHints":{"allow":["GET"]}}],"collection":[{"href":"https:\/\/myinternetcasinos.com\/lt\/wp-json\/wp\/v2\/pages"}],"about":[{"href":"https:\/\/myinternetcasinos.com\/lt\/wp-json\/wp\/v2\/types\/page"}],"author":[{"embeddable":true,"href":"https:\/\/myinternetcasinos.com\/lt\/wp-json\/wp\/v2\/users\/1"}],"replies":[{"embeddable":true,"href":"https:\/\/myinternetcasinos.com\/lt\/wp-json\/wp\/v2\/comments?post=223"}],"version-history":[{"count":0,"href":"https:\/\/myinternetcasinos.com\/lt\/wp-json\/wp\/v2\/pages\/223\/revisions"}],"wp:attachment":[{"href":"https:\/\/myinternetcasinos.com\/lt\/wp-json\/wp\/v2\/media?parent=223"}],"curies":[{"name":"wp","href":"https:\/\/api.w.org\/{rel}","templated":true}]}}