{"id":240,"date":"2025-08-02T14:37:57","date_gmt":"2025-08-02T14:37:57","guid":{"rendered":"https:\/\/myinternetcasinos.com\/casa\/"},"modified":"2025-08-02T14:37:57","modified_gmt":"2025-08-02T14:37:57","slug":"casa","status":"publish","type":"page","link":"https:\/\/myinternetcasinos.com\/it\/","title":{"rendered":"Casa"},"content":{"rendered":"<h2>Recensioni dei casin\u00f2 online &#8211; i migliori casin\u00f2 su Internet<\/h2>\n<p>L&#8217;obiettivo di <strong>MyInternetCasinos.com<\/strong> \u00e8 quello di fornirti le informazioni e le <strong>recensioni pi\u00f9 recenti sui casin\u00f2 online<\/strong>. Giocare al casin\u00f2 online \u00e8 molto divertente, ma \u00e8 importante essere ben informati su dove giocare, sulle varie offerte bonus e promozioni del casin\u00f2, sui problemi di sicurezza, sulle opzioni di deposito e molto altro.<\/p>\n<p>Sul nostro sito web puoi trovare tutte queste informazioni. Abbiamo condotto un test completo <a href=\"http:\/\/www.gambling6.com\" target=\"_blank\" rel=\"noopener\">dei migliori casin\u00f2 online<\/a>. I nostri criteri di test includono il software del casin\u00f2, la scelta dei giochi, le percentuali di pagamento, gli standard di sicurezza, l&#8217;assistenza clienti e molto altro.<\/p>\n<p>Molti giocatori online apprezzano i casin\u00f2 online che offrono opzioni come scommesse sportive, poker online, bingo, ecc. Se stai cercando una recensione di un casin\u00f2 e ti stai chiedendo se il casin\u00f2 accetta giocatori statunitensi, <a href=\"index.php?option=com_content&amp;view=article&amp;id=92&amp;Itemid=197\"><span style=\"text-decoration: underline;\">consulta la nostra recensione di Slotland<\/span><\/a>. Questa \u00e8 senza dubbio l&#8217;opzione migliore per i giocatori che vivono negli Stati Uniti. Slotland offre diverse opzioni di deposito comode e sicure che i giocatori statunitensi possono utilizzare.<\/p>\n<ul>\n<li>Per vedere le <strong>recensioni dei migliori casin\u00f2 online<\/strong>, scegli semplicemente uno dei casin\u00f2 sopra. Trova altre recensioni di casin\u00f2 cliccando sul menu &#8220;Recensioni di casin\u00f2 online&#8221; nella colonna a destra.<\/li>\n<li>Su MyInternetCasinos.com, ti terremo aggiornato anche sulle nuove promozioni e sui giochi pi\u00f9 entusiasmanti a cui puoi giocare online.<\/li>\n<li>Cerchi consigli su quale strategia di casin\u00f2 ti garantir\u00e0 i migliori risultati? Abbiamo anche quello.<\/li>\n<li>Molti casin\u00f2 online ti offrono la possibilit\u00e0 di provare i loro giochi gratuitamente: con la promozione Giri Gratis o denaro gratuito del casin\u00f2, non devi nemmeno depositare denaro per provare i loro giochi. E la cosa migliore \u00e8 che puoi <a href=\"https:\/\/www.bestuscasinos.org\/games\/slots\/\" target=\"_blank\" rel=\"noopener\">giocare alle slot online con soldi veri<\/a> e tenere anche una buona parte delle tue vincite (anche se dovrai effettuare un deposito personale per questo!)<\/li>\n<\/ul>\n<h3>Goditi i migliori casin\u00f2 online &#8211; Buona fortuna!<\/h3>\n<p>&nbsp;<\/p>\n","protected":false},"excerpt":{"rendered":"<p>Recensioni dei casin\u00f2 online &#8211; i migliori casin\u00f2 su Internet L&#8217;obiettivo di MyInternetCasinos.com \u00e8 quello di fornirti le informazioni e le recensioni pi\u00f9 recenti sui casin\u00f2 online. Giocare al casin\u00f2<\/p>\n<p><a href=\"https:\/\/myinternetcasinos.com\/it\/\" class=\"more-link\">Continue Reading<span class=\"screen-reader-text\">Casa<\/span><\/a><\/p>\n","protected":false},"author":1,"featured_media":0,"parent":0,"menu_order":0,"comment_status":"closed","ping_status":"closed","template":"","meta":{"footnotes":""},"class_list":["post-240","page","type-page","status-publish","hentry"],"_links":{"self":[{"href":"https:\/\/myinternetcasinos.com\/it\/wp-json\/wp\/v2\/pages\/240","targetHints":{"allow":["GET"]}}],"collection":[{"href":"https:\/\/myinternetcasinos.com\/it\/wp-json\/wp\/v2\/pages"}],"about":[{"href":"https:\/\/myinternetcasinos.com\/it\/wp-json\/wp\/v2\/types\/page"}],"author":[{"embeddable":true,"href":"https:\/\/myinternetcasinos.com\/it\/wp-json\/wp\/v2\/users\/1"}],"replies":[{"embeddable":true,"href":"https:\/\/myinternetcasinos.com\/it\/wp-json\/wp\/v2\/comments?post=240"}],"version-history":[{"count":0,"href":"https:\/\/myinternetcasinos.com\/it\/wp-json\/wp\/v2\/pages\/240\/revisions"}],"wp:attachment":[{"href":"https:\/\/myinternetcasinos.com\/it\/wp-json\/wp\/v2\/media?parent=240"}],"curies":[{"name":"wp","href":"https:\/\/api.w.org\/{rel}","templated":true}]}}