{"id":239,"date":"2025-08-02T14:37:57","date_gmt":"2025-08-02T14:37:57","guid":{"rendered":"https:\/\/myinternetcasinos.com\/otthon\/"},"modified":"2025-08-02T14:37:57","modified_gmt":"2025-08-02T14:37:57","slug":"otthon","status":"publish","type":"page","link":"https:\/\/myinternetcasinos.com\/hu\/","title":{"rendered":"Otthon"},"content":{"rendered":"<h2>Internetes kaszin\u00f3 \u00e9rt\u00e9kel\u00e9sek &#8211; a legjobb kaszin\u00f3k az interneten<\/h2>\n<p>A <strong>MyInternetCasinos.com<\/strong> c\u00e9lja, hogy a legfrissebb inform\u00e1ci\u00f3kat \u00e9s <strong>v\u00e9lem\u00e9nyeket ny\u00fajtsa be az internetes kaszin\u00f3kr\u00f3l<\/strong>. Az online kaszin\u00f3ban j\u00e1tszani nagyszer\u0171 sz\u00f3rakoz\u00e1s, de fontos, hogy j\u00f3l t\u00e1j\u00e9kozott legy\u00e9l arr\u00f3l, hogy hol j\u00e1tssz, a k\u00fcl\u00f6nb\u00f6z\u0151 kaszin\u00f3 b\u00f3nusz aj\u00e1nlatokr\u00f3l \u00e9s prom\u00f3ci\u00f3kr\u00f3l, a biztons\u00e1gi k\u00e9rd\u00e9sekr\u0151l, a befizet\u00e9si lehet\u0151s\u00e9gekr\u0151l \u00e9s sok m\u00e1sr\u00f3l.<\/p>\n<p>Weboldalunkon mindezeket az inform\u00e1ci\u00f3kat megtal\u00e1lod. \u00c1tfog\u00f3 <a href=\"http:\/\/www.gambling6.com\" target=\"_blank\" rel=\"noopener\">tesztet v\u00e9gezt\u00fcnk a legjobb internetes kaszin\u00f3kr\u00f3l<\/a>. Tesztel\u00e9si krit\u00e9riumaink k\u00f6z\u00e9 tartozik a kaszin\u00f3szoftver, a j\u00e1t\u00e9kv\u00e1laszt\u00e9k, a kifizet\u00e9si sz\u00e1zal\u00e9kok, a biztons\u00e1gi szabv\u00e1nyok, az \u00fcgyf\u00e9lszolg\u00e1lat \u00e9s sok m\u00e1s.<\/p>\n<p>Sok online szerencsej\u00e1t\u00e9kos kedveli az olyan internetes kaszin\u00f3kat, amelyek olyan lehet\u0151s\u00e9geket k\u00edn\u00e1lnak, mint a sportfogad\u00e1s, online p\u00f3ker, bing\u00f3 stb. Ha kaszin\u00f3\u00e9rt\u00e9kel\u00e9st keres, \u00e9s azon gondolkodik, hogy a kaszin\u00f3 elfogad-e amerikai j\u00e1t\u00e9kosokat, <a href=\"index.php?option=com_content&amp;view=article&amp;id=92&amp;Itemid=197\"><span style=\"text-decoration: underline;\">n\u00e9zze meg a Slotland \u00e9rt\u00e9kel\u00e9s\u00fcnket<\/span><\/a>. Ez k\u00e9ts\u00e9gtelen\u00fcl a legjobb v\u00e1laszt\u00e1s az Egyes\u00fclt \u00c1llamokban \u00e9l\u0151 szerencsej\u00e1t\u00e9kosok sz\u00e1m\u00e1ra. A Slotland sz\u00e1mos k\u00e9nyelmes \u00e9s biztons\u00e1gos kaszin\u00f3 befizet\u00e9si lehet\u0151s\u00e9get k\u00edn\u00e1l, amelyeket az amerikai szerencsej\u00e1t\u00e9kosok haszn\u00e1lhatnak.<\/p>\n<ul>\n<li>A <strong>legjobb internetes kaszin\u00f3k \u00e9rt\u00e9kel\u00e9seinek<\/strong> megtekint\u00e9s\u00e9hez egyszer\u0171en v\u00e1lasszon egyet a fenti kaszin\u00f3k k\u00f6z\u00fcl. Tov\u00e1bbi kaszin\u00f3\u00e9rt\u00e9kel\u00e9seket a jobb oldali oszlopban tal\u00e1lhat\u00f3 \u201eInternetes kaszin\u00f3\u00e9rt\u00e9kel\u00e9sek\u201d men\u00fcre kattintva tal\u00e1lhatsz.<\/li>\n<li>A MyInternetCasinos.com oldalon folyamatosan t\u00e1j\u00e9koztatunk az \u00faj prom\u00f3ci\u00f3kr\u00f3l \u00e9s a legizgalmasabb j\u00e1t\u00e9kokr\u00f3l, amelyeket az interneten j\u00e1tszhatsz.<\/li>\n<li>Tippeket keresel, hogy melyik kaszin\u00f3strat\u00e9gia hozza a legjobb eredm\u00e9nyeket? Azokat is megtal\u00e1lod n\u00e1lunk.<\/li>\n<li>Sok internetes kaszin\u00f3 lehet\u0151s\u00e9get ad arra, hogy ingyenesen kipr\u00f3b\u00e1ld a j\u00e1t\u00e9kaikat \u2013 az ingyenes p\u00f6rget\u00e9sek vagy ingyenes kaszin\u00f3p\u00e9nz prom\u00f3ci\u00f3val m\u00e9g saj\u00e1t p\u00e9nzt sem kell befizetned ahhoz, hogy kipr\u00f3b\u00e1ld a kaszin\u00f3j\u00e1t\u00e9kaikat. \u00c9s a legjobb az, hogy <a href=\"https:\/\/www.bestuscasinos.org\/games\/slots\/\" target=\"_blank\" rel=\"noopener\">val\u00f3di p\u00e9nzes nyer\u0151g\u00e9peken j\u00e1tszhatsz online<\/a> \u00e9s a nyerem\u00e9nyed jelent\u0151s r\u00e9sz\u00e9t megtarthatod is (b\u00e1r ehhez be kell fizetned a saj\u00e1t p\u00e9nzed!)<\/li>\n<\/ul>\n<h3>\u00c9lvezd a legjobb kaszin\u00f3kat az interneten &#8211; Sok szerencs\u00e9t!<\/h3>\n<p>&nbsp;<\/p>\n","protected":false},"excerpt":{"rendered":"<p>Internetes kaszin\u00f3 \u00e9rt\u00e9kel\u00e9sek &#8211; a legjobb kaszin\u00f3k az interneten A MyInternetCasinos.com c\u00e9lja, hogy a legfrissebb inform\u00e1ci\u00f3kat \u00e9s v\u00e9lem\u00e9nyeket ny\u00fajtsa be az internetes kaszin\u00f3kr\u00f3l. Az online kaszin\u00f3ban j\u00e1tszani nagyszer\u0171 sz\u00f3rakoz\u00e1s, de<\/p>\n<p><a href=\"https:\/\/myinternetcasinos.com\/hu\/\" class=\"more-link\">Continue Reading<span class=\"screen-reader-text\">Otthon<\/span><\/a><\/p>\n","protected":false},"author":1,"featured_media":0,"parent":0,"menu_order":0,"comment_status":"closed","ping_status":"closed","template":"","meta":{"footnotes":""},"class_list":["post-239","page","type-page","status-publish","hentry"],"_links":{"self":[{"href":"https:\/\/myinternetcasinos.com\/hu\/wp-json\/wp\/v2\/pages\/239","targetHints":{"allow":["GET"]}}],"collection":[{"href":"https:\/\/myinternetcasinos.com\/hu\/wp-json\/wp\/v2\/pages"}],"about":[{"href":"https:\/\/myinternetcasinos.com\/hu\/wp-json\/wp\/v2\/types\/page"}],"author":[{"embeddable":true,"href":"https:\/\/myinternetcasinos.com\/hu\/wp-json\/wp\/v2\/users\/1"}],"replies":[{"embeddable":true,"href":"https:\/\/myinternetcasinos.com\/hu\/wp-json\/wp\/v2\/comments?post=239"}],"version-history":[{"count":0,"href":"https:\/\/myinternetcasinos.com\/hu\/wp-json\/wp\/v2\/pages\/239\/revisions"}],"wp:attachment":[{"href":"https:\/\/myinternetcasinos.com\/hu\/wp-json\/wp\/v2\/media?parent=239"}],"curies":[{"name":"wp","href":"https:\/\/api.w.org\/{rel}","templated":true}]}}