{"id":215,"date":"2025-08-02T14:37:57","date_gmt":"2025-08-02T14:37:57","guid":{"rendered":"https:\/\/myinternetcasinos.com\/dom\/"},"modified":"2025-08-02T14:37:57","modified_gmt":"2025-08-02T14:37:57","slug":"dom","status":"publish","type":"page","link":"https:\/\/myinternetcasinos.com\/hr\/","title":{"rendered":"Dom"},"content":{"rendered":"<h2>Recenzije internetskih kasina &#8211; najbolji kasini na internetu<\/h2>\n<p>Cilj <strong>MyInternetCasinos.com<\/strong> je pru\u017eiti vam najnovije informacije i <strong>recenzije internetskih kasina<\/strong>. Igranje u online kasinu je jako zabavno, ali va\u017eno je biti dobro informiran o tome gdje igrati, raznim ponudama i promocijama kasino bonusa, sigurnosnim problemima, mogu\u0107nostima uplate i jo\u0161 mnogo toga.<\/p>\n<p>Na na\u0161oj web stranici mo\u017eete prona\u0107i sve te informacije. Proveli smo sveobuhvatan<a href=\"http:\/\/www.gambling6.com\" target=\"_blank\" rel=\"noopener\"> test najboljih internetskih kasina<\/a>. Na\u0161i kriteriji testiranja uklju\u010duju softver kasina, izbor igara, postotke isplate, sigurnosne standarde, korisni\u010dku podr\u0161ku i jo\u0161 mnogo toga.<\/p>\n<p>Mnogi online kockari vole internetske kockarnice s opcijama poput sportskog kla\u0111enja, online pokera, binga itd. Ako tra\u017eite recenziju kockarnice i pitate se prihva\u0107a li kockarnica igra\u010de iz SAD-a, <a href=\"index.php?option=com_content&amp;view=article&amp;id=92&amp;Itemid=197\"><span style=\"text-decoration: underline;\">pogledajte na\u0161u recenziju Slotlanda<\/span><\/a>. Ovo je bez sumnje najbolja opcija za kockare koji \u017eive u SAD-u. Slotland ima niz prakti\u010dnih i sigurnih opcija za uplatu u kockarnicu koje ameri\u010dki kockari mogu koristiti.<\/p>\n<ul>\n<li>Da biste vidjeli <strong>recenzije najboljih internetskih kockarnica<\/strong>, jednostavno odaberite jednu od gore navedenih kockarnica. Prona\u0111ite vi\u0161e recenzija kasina klikom na izbornik &#8220;Recenzije internet kasina&#8221; u stupcu s desne strane.<\/li>\n<li>Na MyInternetCasinos.com tako\u0111er \u0107emo vas obavje\u0161tavati o novim promocijama i najuzbudljivijim igrama koje mo\u017eete igrati na internetu.<\/li>\n<li>Tra\u017eite savjete o tome koja \u0107e vam strategija kasina donijeti najbolje rezultate? I to imamo.<\/li>\n<li>Mnogi kasini na internetu daju vam priliku da besplatno isprobate njihove igre &#8211; s promocijom besplatnih okretaja ili besplatnog novca u kasinu, ne morate \u010dak ni uplatiti vlastiti novac da biste isprobali njihove kasino igre. A najbolje od svega je \u0161to mo\u017eete <a href=\"https:\/\/www.bestuscasinos.org\/games\/slots\/\" target=\"_blank\" rel=\"noopener\">igrati online slotove za pravi novac<\/a> i zadr\u017eati dobar dio svog dobitka (iako \u0107ete za to morati sami uplatiti depozit!)<\/li>\n<\/ul>\n<h3>U\u017eivajte u najboljim kockarnicama na internetu &#8211; Sretno!<\/h3>\n<p>&nbsp;<\/p>\n","protected":false},"excerpt":{"rendered":"<p>Recenzije internetskih kasina &#8211; najbolji kasini na internetu Cilj MyInternetCasinos.com je pru\u017eiti vam najnovije informacije i recenzije internetskih kasina. Igranje u online kasinu je jako zabavno, ali va\u017eno je biti<\/p>\n<p><a href=\"https:\/\/myinternetcasinos.com\/hr\/\" class=\"more-link\">Continue Reading<span class=\"screen-reader-text\">Dom<\/span><\/a><\/p>\n","protected":false},"author":1,"featured_media":0,"parent":0,"menu_order":0,"comment_status":"closed","ping_status":"closed","template":"","meta":{"footnotes":""},"class_list":["post-215","page","type-page","status-publish","hentry"],"_links":{"self":[{"href":"https:\/\/myinternetcasinos.com\/hr\/wp-json\/wp\/v2\/pages\/215","targetHints":{"allow":["GET"]}}],"collection":[{"href":"https:\/\/myinternetcasinos.com\/hr\/wp-json\/wp\/v2\/pages"}],"about":[{"href":"https:\/\/myinternetcasinos.com\/hr\/wp-json\/wp\/v2\/types\/page"}],"author":[{"embeddable":true,"href":"https:\/\/myinternetcasinos.com\/hr\/wp-json\/wp\/v2\/users\/1"}],"replies":[{"embeddable":true,"href":"https:\/\/myinternetcasinos.com\/hr\/wp-json\/wp\/v2\/comments?post=215"}],"version-history":[{"count":0,"href":"https:\/\/myinternetcasinos.com\/hr\/wp-json\/wp\/v2\/pages\/215\/revisions"}],"wp:attachment":[{"href":"https:\/\/myinternetcasinos.com\/hr\/wp-json\/wp\/v2\/media?parent=215"}],"curies":[{"name":"wp","href":"https:\/\/api.w.org\/{rel}","templated":true}]}}