{"id":1203,"date":"2025-08-04T12:11:54","date_gmt":"2025-08-04T12:11:54","guid":{"rendered":"https:\/\/myinternetcasinos.com\/?page_id=1203"},"modified":"2026-01-20T08:21:12","modified_gmt":"2026-01-20T08:21:12","slug":"najveci-loto-jackpotovi-u-povijesti","status":"publish","type":"page","link":"https:\/\/myinternetcasinos.com\/hr\/najveci-loto-jackpotovi-u-povijesti\/","title":{"rendered":"Najve\u0107i loto jackpotovi u povijesti"},"content":{"rendered":"<h1>Povijesti Najve\u0107i loto jackpot<\/h1>\n<p>Postoji ne\u0161to <strong>magi\u010dno u vezi s najve\u0107im loto jackpotovima<\/strong> i ne \u010dudi \u0161to ljudi prate kako rastu njihovi nacionalni loto jackpotovi dok netko ne pobijedi. Iako svi \u017eele vidjeti pobjednika svaki tjedan, postoji i ne\u0161to cool u tome da nema pobjednika, \u0161to zna\u010di ve\u0107i jackpot za sljede\u0107e izvla\u010denje. Kad bi netko mogao shvatiti kako osigurati osvajanje najve\u0107eg loto jackpota, to bi bilo \u010dudo, pa u me\u0111uvremenu samo moramo sanjati o tim gigantskim nagradama.<\/p>\n<h2>Lotto jackpot Mnogo dobitnika<\/h2>\n<p>Najve\u0107i loto jackpot ispla\u0107en je trojici dobitnika 2016. godine. Iznos nagrade od 1,6 milijardi dolara osvojen je na Powerballu i jo\u0161 uvijek ga treba sru\u0161iti drugi loto jackpot. \u010cak i ako se iznos nagrade podijeli, svaki dobitnik i dalje posti\u017ee rekordne dobitke na lutriji. Mnogo puta mo\u017ee postojati ogroman loto jackpot, ali ako se podijeli izme\u0111u mnogo dobitnika, nijedan od njih ne\u0107e osjetiti koliko je ogroman zapravo bio jackpot.<\/p>\n<h2>Jedan dobitnik loto jackpota<\/h2>\n<p><a href=\"http:\/\/affiliates.redfoxlotto.com\/\/idevaffiliate.php?id=40\" target=\"_blank\" rel=\"noopener\"><img loading=\"lazy\" decoding=\"async\" class=\"alignnone wp-image-1161 size-medium\" src=\"https:\/\/myinternetcasinos.com\/wp-content\/uploads\/2026\/01\/lottery-jackpot-ticket-template-with-numbers-292x300.webp\" alt=\"\" width=\"292\" height=\"300\" srcset=\"https:\/\/myinternetcasinos.com\/wp-content\/uploads\/2026\/01\/lottery-jackpot-ticket-template-with-numbers-292x300.webp 292w, https:\/\/myinternetcasinos.com\/wp-content\/uploads\/2026\/01\/lottery-jackpot-ticket-template-with-numbers.webp 596w\" sizes=\"auto, (max-width: 292px) 100vw, 292px\" \/><\/a>Kada jedan dobitnik odnese ku\u0107i <a href=\"https:\/\/affiliates.redfoxlotto.com\/\/idevaffiliate.php?id=40_1\" target=\"_blank\" rel=\"noopener\">najve\u0107i loto jackpot<\/a>, svi ga gledaju sa strahopo\u0161tovanjem. Postoji ne\u0161to tako posebno u tome \u0161to jedna osoba osvoji vi\u0161e nego \u0161to mo\u017ee potro\u0161iti u \u017eivotu. \u010cini se tako nestvarnim osvojiti najve\u0107i loto jackpot, a ipak se dogodi. Nije ni \u010dudo da dobitnici najve\u0107ih loto jackpotova \u017eele ostati anonimni ili bi ih se ina\u010de progonilo do kraja \u017eivota!<\/p>\n<h2><span style=\"font-size: 12pt;\">Pronala\u017eenje najve\u0107eg loto jackpota<\/span><\/h2>\n<p>Da biste prona\u0161li najve\u0107i loto jackpot koji je trenutno dostupan, mo\u017eete koristiti na\u0161u web stranicu gdje se stalno a\u017euriraju vijesti o lutrijama i njihovim jackpotovima. Na taj na\u010din mo\u017eete saznati gdje biste trebali igrati ako tra\u017eite milijune. Ne zaboravite da je tako\u0111er korisno saznati vi\u0161e o izgledima za dobitak i statistikama za najve\u0107e loto jackpotove. \u010cak i ako sre\u0107a na kraju odlu\u010di ho\u0107ete li pobijediti ili ne, mo\u017eete biti pametni i i\u0107i za loto jackpotovima gdje imate najbolje \u0161anse za dobitak. RedFoxLotto vam poma\u017ee da dobijete pristup bilo kojoj od onih velikih jackpot lutrija bilo gdje u svijetu.<a href=\"https:\/\/affiliates.redfoxlotto.com\/\/idevaffiliate.php?id=40_1\" target=\"_blank\" rel=\"noopener\"> <strong><span style=\"text-decoration: underline;\">Kliknite ovdje da biste odmah kupili svoju lutrijsku kartu online s RedFoxLottom!<\/span><\/strong><\/a><\/p>\n<h2>Osvajanje jackpota<\/h2>\n<p>Mnogi igra\u010di pogre\u0161no misle da je osvajanje jackpota sve u novcu. Kada je sav fokus na najve\u0107im loto jackpotovima, moglo bi se pomisliti da je to sve \u0161to je va\u017eno. Istina je da je upravo \u0161ansa za osvajanje najve\u0107eg loto jackpota ono \u0161to igru \u200b\u200b\u010dini tako uzbudljivom. Igra\u010di se ne bi trebali ljutiti ili tugovati kada ga ne osvoje. Istina je da najvjerojatnije ne\u0107ete osvojiti najve\u0107i loto jackpot. Stoga svakako u\u017eivajte u natjecanju za njega. Jedan broj udaljen od velike pobjede nije neuspjeh, ve\u0107 nevjerojatno iskustvo. Rasmi\u0161ljajte na ovaj na\u010din i va\u0161e \u0107e loto igre uvijek biti dobitne!<\/p>\n","protected":false},"excerpt":{"rendered":"<p>Povijesti Najve\u0107i loto jackpot Postoji ne\u0161to magi\u010dno u vezi s najve\u0107im loto jackpotovima i ne \u010dudi \u0161to ljudi prate kako rastu njihovi nacionalni loto jackpotovi dok netko ne pobijedi. Iako<\/p>\n<p><a href=\"https:\/\/myinternetcasinos.com\/hr\/najveci-loto-jackpotovi-u-povijesti\/\" class=\"more-link\">Continue Reading<span class=\"screen-reader-text\">Najve\u0107i loto jackpotovi u povijesti<\/span><\/a><\/p>\n","protected":false},"author":2,"featured_media":0,"parent":0,"menu_order":0,"comment_status":"closed","ping_status":"closed","template":"","meta":{"footnotes":""},"class_list":["post-1203","page","type-page","status-publish","hentry"],"_links":{"self":[{"href":"https:\/\/myinternetcasinos.com\/hr\/wp-json\/wp\/v2\/pages\/1203","targetHints":{"allow":["GET"]}}],"collection":[{"href":"https:\/\/myinternetcasinos.com\/hr\/wp-json\/wp\/v2\/pages"}],"about":[{"href":"https:\/\/myinternetcasinos.com\/hr\/wp-json\/wp\/v2\/types\/page"}],"author":[{"embeddable":true,"href":"https:\/\/myinternetcasinos.com\/hr\/wp-json\/wp\/v2\/users\/2"}],"replies":[{"embeddable":true,"href":"https:\/\/myinternetcasinos.com\/hr\/wp-json\/wp\/v2\/comments?post=1203"}],"version-history":[{"count":1,"href":"https:\/\/myinternetcasinos.com\/hr\/wp-json\/wp\/v2\/pages\/1203\/revisions"}],"predecessor-version":[{"id":1204,"href":"https:\/\/myinternetcasinos.com\/hr\/wp-json\/wp\/v2\/pages\/1203\/revisions\/1204"}],"wp:attachment":[{"href":"https:\/\/myinternetcasinos.com\/hr\/wp-json\/wp\/v2\/media?parent=1203"}],"curies":[{"name":"wp","href":"https:\/\/api.w.org\/{rel}","templated":true}]}}