{"id":55,"date":"2025-08-04T12:22:32","date_gmt":"2025-08-04T12:22:32","guid":{"rendered":"https:\/\/myinternetcasinos.com\/faq-sur-les-casinos-en-ligne\/meilleurs-casinos-du-test\/"},"modified":"2025-08-04T12:22:32","modified_gmt":"2025-08-04T12:22:32","slug":"meilleurs-casinos-du-test","status":"publish","type":"page","link":"https:\/\/myinternetcasinos.com\/fr\/faq-sur-les-casinos-en-ligne\/meilleurs-casinos-du-test\/","title":{"rendered":"Meilleurs casinos du test"},"content":{"rendered":"<h1><a target=\"_blank\" href=\"go\/party.html\"><img loading=\"lazy\" decoding=\"async\" style=\"margin-left: 5px; float: right;\" alt=\"test des meilleurs bonus de casino en ligne\" src=\"images\/stories\/kf_pea_120x600_all-char_DE.gif\" height=\"600\" width=\"120\" \/><\/a>Test des meilleurs bonus de casino en ligne<\/h1>\n<p>Vous trouverez ici les <strong>meilleures offres de bonus de casino en ligne<\/strong> test\u00e9es. Nous vous fournissons des informations d\u00e9taill\u00e9es et des comparaisons des diff\u00e9rents casinos en ligne.<\/p>\n<p>Nous vous expliquerons tout sur les jeux propos\u00e9s, les normes de s\u00e9curit\u00e9 et les bonus des meilleurs fournisseurs de casinos en ligne. Les options de d\u00e9p\u00f4t et de retrait, leur rapidit\u00e9 et leur fiabilit\u00e9, ainsi que le service client du casino sont \u00e9galement importants pour les joueurs. Vous n&rsquo;avez pas souvent besoin de ce service, mais lorsque c&rsquo;est le cas, il est bon de savoir \u00e0 quelle vitesse vous pouvez obtenir des r\u00e9ponses \u00e0 vos questions.<\/p>\n<p>Au fait, Party Casino offre le meilleur bonus de casino en ligne\u00a0: des jackpots \u00e9normes, une vaste s\u00e9lection de jeux attrayants, des d\u00e9p\u00f4ts et retraits s\u00e9curis\u00e9s et pratiques, et un logiciel fiable et \u00e9quitable. De tous les fournisseurs de casino, PartyGamin est le seul \u00e0 \u00eatre cot\u00e9 \u00e0 la Bourse de Londres\u00a0! Cela lui conf\u00e8re bien s\u00fbr des atouts en termes de fiabilit\u00e9.<\/p>\n<p><a href=\"go\/party.html\" target=\"_blank\"><span style=\"text-decoration: underline;\"><strong>Cliquez ici pour essayer Party Casino d\u00e8s aujourd&rsquo;hui<\/strong><\/span><\/a>\u00a0: le logiciel s&rsquo;installe en quelques minutes et vous pouvez essayer Party Casino gratuitement. Avec le <strong>code bonus Party Casino PRTY300<\/strong>, vous obtenez un <strong>bonus allant jusqu&rsquo;\u00e0 3\u00a0000\u00a0\u20ac sur vos quatre premiers d\u00e9p\u00f4ts\u00a0!<\/strong><\/p>\n","protected":false},"excerpt":{"rendered":"<p>Test des meilleurs bonus de casino en ligne Vous trouverez ici les meilleures offres de bonus de casino en ligne test\u00e9es. Nous vous fournissons des informations d\u00e9taill\u00e9es et des comparaisons<\/p>\n<p><a href=\"https:\/\/myinternetcasinos.com\/fr\/faq-sur-les-casinos-en-ligne\/meilleurs-casinos-du-test\/\" class=\"more-link\">Continue Reading<span class=\"screen-reader-text\">Meilleurs casinos du test<\/span><\/a><\/p>\n","protected":false},"author":1,"featured_media":0,"parent":47,"menu_order":0,"comment_status":"closed","ping_status":"closed","template":"","meta":{"footnotes":""},"class_list":["post-55","page","type-page","status-publish","hentry"],"_links":{"self":[{"href":"https:\/\/myinternetcasinos.com\/fr\/wp-json\/wp\/v2\/pages\/55","targetHints":{"allow":["GET"]}}],"collection":[{"href":"https:\/\/myinternetcasinos.com\/fr\/wp-json\/wp\/v2\/pages"}],"about":[{"href":"https:\/\/myinternetcasinos.com\/fr\/wp-json\/wp\/v2\/types\/page"}],"author":[{"embeddable":true,"href":"https:\/\/myinternetcasinos.com\/fr\/wp-json\/wp\/v2\/users\/1"}],"replies":[{"embeddable":true,"href":"https:\/\/myinternetcasinos.com\/fr\/wp-json\/wp\/v2\/comments?post=55"}],"version-history":[{"count":0,"href":"https:\/\/myinternetcasinos.com\/fr\/wp-json\/wp\/v2\/pages\/55\/revisions"}],"up":[{"embeddable":true,"href":"https:\/\/myinternetcasinos.com\/fr\/wp-json\/wp\/v2\/pages\/47"}],"wp:attachment":[{"href":"https:\/\/myinternetcasinos.com\/fr\/wp-json\/wp\/v2\/media?parent=55"}],"curies":[{"name":"wp","href":"https:\/\/api.w.org\/{rel}","templated":true}]}}