{"id":47,"date":"2025-08-02T14:43:49","date_gmt":"2025-08-02T14:43:49","guid":{"rendered":"https:\/\/myinternetcasinos.com\/faq-sur-les-casinos-en-ligne\/"},"modified":"2025-11-15T12:18:29","modified_gmt":"2025-11-15T12:18:29","slug":"faq-sur-les-casinos-en-ligne","status":"publish","type":"page","link":"https:\/\/myinternetcasinos.com\/fr\/faq-sur-les-casinos-en-ligne\/","title":{"rendered":"FAQ sur les casinos en ligne"},"content":{"rendered":"<h1>FAQ Casino en ligne &#8211; Foire aux questions sur les casinos<\/h1>\n<h3>Mon d\u00e9p\u00f4t est-il s\u00e9curis\u00e9\u00a0?<\/h3>\n<p>Si vous choisissez l&rsquo;un des casinos en ligne r\u00e9put\u00e9s que nous recommandons, votre argent y est en toute s\u00e9curit\u00e9. Aucun fournisseur bien positionn\u00e9 ne ruinerait sa r\u00e9putation en escroquant ses clients.<\/p>\n<h3>Comment puis-je \u00e9viter la falsification de mes informations de carte de cr\u00e9dit\u00a0?<\/h3>\n<p>Les casinos en ligne appliquent des normes de s\u00e9curit\u00e9 tr\u00e8s strictes et le risque de falsification est plus faible que, par exemple, sur une boutique en ligne moins connue. Cependant, pour plus de s\u00e9curit\u00e9, vous pouvez opter pour d&rsquo;autres options de d\u00e9p\u00f4t, comme les populaires paysafecards, qui fonctionnent comme une recharge de t\u00e9l\u00e9phone portable pr\u00e9pay\u00e9e et peuvent \u00eatre achet\u00e9es en esp\u00e8ces dans des milliers de points de vente. Les fournisseurs de portefeuilles \u00e9lectroniques comme Neteller (un type de compte bancaire en ligne) sont \u00e9galement int\u00e9ressants.<\/p>\n<h3>Que faire si je souhaite retirer mes gains\u00a0?<\/h3>\n<p>Les casinos proposent \u00e9galement de nombreuses options\u00a0: un rejet de d\u00e9bit sur une carte de cr\u00e9dit, un virement vers un compte bancaire ou vers le fournisseur de portefeuille \u00e9lectronique Neteller ou Moneybookers, ou encore l&rsquo;envoi d&rsquo;un ch\u00e8que.<\/p>\n<h3>Comment fonctionne le capital de jeu gratuit\u00a0?<\/h3>\n<p>Ce capital de jeu est disponible pour une dur\u00e9e limit\u00e9e. Les gains peuvent \u00eatre retir\u00e9s par le joueur s&rsquo;il effectue ensuite un d\u00e9p\u00f4t minimum.<\/p>\n<h3>Comment savoir si le casino me refuse mes gains lors de la phase initiale et me r\u00e9cup\u00e8re mon bonus plus tard\u00a0?<\/h3>\n<p>Les jeux auxquels vous jouez lors de la phase initiale sont les m\u00eames que ceux auxquels vous jouez ult\u00e9rieurement, et le m\u00eame g\u00e9n\u00e9rateur de nombres al\u00e9atoires est utilis\u00e9. Une telle pratique, qui consiste \u00e0 ce que le joueur per\u00e7oive initialement un gain plus \u00e9lev\u00e9, enfreint la r\u00e9glementation de tous les organismes de r\u00e9glementation et ne sera pas tol\u00e9r\u00e9e.<\/p>\n<h3>Les jeux de casino en ligne sont-ils l\u00e9gaux\u00a0?<\/h3>\n<p>Les fournisseurs de casinos sont bas\u00e9s dans des pays o\u00f9 les jeux d&rsquo;argent sont l\u00e9gaux. Les joueurs sont tenus de respecter la r\u00e9glementation en vigueur dans leur lieu de r\u00e9sidence. En pratique, cependant, il est impossible pour les l\u00e9gislateurs de contr\u00f4ler les joueurs en ligne.<\/p>\n","protected":false},"excerpt":{"rendered":"<p>FAQ Casino en ligne &#8211; Foire aux questions sur les casinos Mon d\u00e9p\u00f4t est-il s\u00e9curis\u00e9\u00a0? Si vous choisissez l&rsquo;un des casinos en ligne r\u00e9put\u00e9s que nous recommandons, votre argent y<\/p>\n<p><a href=\"https:\/\/myinternetcasinos.com\/fr\/faq-sur-les-casinos-en-ligne\/\" class=\"more-link\">Continue Reading<span class=\"screen-reader-text\">FAQ sur les casinos en ligne<\/span><\/a><\/p>\n","protected":false},"author":1,"featured_media":0,"parent":0,"menu_order":0,"comment_status":"closed","ping_status":"closed","template":"","meta":{"footnotes":""},"class_list":["post-47","page","type-page","status-publish","hentry"],"_links":{"self":[{"href":"https:\/\/myinternetcasinos.com\/fr\/wp-json\/wp\/v2\/pages\/47","targetHints":{"allow":["GET"]}}],"collection":[{"href":"https:\/\/myinternetcasinos.com\/fr\/wp-json\/wp\/v2\/pages"}],"about":[{"href":"https:\/\/myinternetcasinos.com\/fr\/wp-json\/wp\/v2\/types\/page"}],"author":[{"embeddable":true,"href":"https:\/\/myinternetcasinos.com\/fr\/wp-json\/wp\/v2\/users\/1"}],"replies":[{"embeddable":true,"href":"https:\/\/myinternetcasinos.com\/fr\/wp-json\/wp\/v2\/comments?post=47"}],"version-history":[{"count":1,"href":"https:\/\/myinternetcasinos.com\/fr\/wp-json\/wp\/v2\/pages\/47\/revisions"}],"predecessor-version":[{"id":491,"href":"https:\/\/myinternetcasinos.com\/fr\/wp-json\/wp\/v2\/pages\/47\/revisions\/491"}],"wp:attachment":[{"href":"https:\/\/myinternetcasinos.com\/fr\/wp-json\/wp\/v2\/media?parent=47"}],"curies":[{"name":"wp","href":"https:\/\/api.w.org\/{rel}","templated":true}]}}