{"id":45,"date":"2025-08-04T12:26:53","date_gmt":"2025-08-04T12:26:53","guid":{"rendered":"https:\/\/myinternetcasinos.com\/strategie-de-casino\/"},"modified":"2025-08-04T12:52:34","modified_gmt":"2025-08-04T12:52:34","slug":"strategie-de-casino","status":"publish","type":"page","link":"https:\/\/myinternetcasinos.com\/fr\/faq-sur-les-casinos-en-ligne\/strategie-de-casino\/","title":{"rendered":"Strat\u00e9gie de casino"},"content":{"rendered":"<h1>Strat\u00e9gie de casino en ligne<\/h1>\n<p>Vous trouverez ici plus d&rsquo;informations sur la strat\u00e9gie de casino en ligne\u00a0: comment gagner au blackjack en ligne, quelle strat\u00e9gie est la plus prometteuse \u00e0 la roulette, et bien plus encore. Cependant, il ne faut pas oublier qu&rsquo;il s&rsquo;agit d&rsquo;un jeu de hasard et que m\u00eame la meilleure strat\u00e9gie ne m\u00e8ne pas toujours au succ\u00e8s. Si vous pr\u00e9f\u00e9rez les jeux de strat\u00e9gie, vous devriez vous int\u00e9resser au poker en ligne, le jeu de strat\u00e9gie le plus excitant au monde, o\u00f9 la chance ne compte que pour environ 30\u00a0%. Si vous misez davantage sur la chance, vous devriez essayer la loterie en ligne.<\/p>\n","protected":false},"excerpt":{"rendered":"<p>Strat\u00e9gie de casino en ligne Vous trouverez ici plus d&rsquo;informations sur la strat\u00e9gie de casino en ligne\u00a0: comment gagner au blackjack en ligne, quelle strat\u00e9gie est la plus prometteuse \u00e0<\/p>\n<p><a href=\"https:\/\/myinternetcasinos.com\/fr\/faq-sur-les-casinos-en-ligne\/strategie-de-casino\/\" class=\"more-link\">Continue Reading<span class=\"screen-reader-text\">Strat\u00e9gie de casino<\/span><\/a><\/p>\n","protected":false},"author":1,"featured_media":0,"parent":47,"menu_order":0,"comment_status":"closed","ping_status":"closed","template":"","meta":{"footnotes":""},"class_list":["post-45","page","type-page","status-publish","hentry"],"_links":{"self":[{"href":"https:\/\/myinternetcasinos.com\/fr\/wp-json\/wp\/v2\/pages\/45","targetHints":{"allow":["GET"]}}],"collection":[{"href":"https:\/\/myinternetcasinos.com\/fr\/wp-json\/wp\/v2\/pages"}],"about":[{"href":"https:\/\/myinternetcasinos.com\/fr\/wp-json\/wp\/v2\/types\/page"}],"author":[{"embeddable":true,"href":"https:\/\/myinternetcasinos.com\/fr\/wp-json\/wp\/v2\/users\/1"}],"replies":[{"embeddable":true,"href":"https:\/\/myinternetcasinos.com\/fr\/wp-json\/wp\/v2\/comments?post=45"}],"version-history":[{"count":1,"href":"https:\/\/myinternetcasinos.com\/fr\/wp-json\/wp\/v2\/pages\/45\/revisions"}],"predecessor-version":[{"id":49,"href":"https:\/\/myinternetcasinos.com\/fr\/wp-json\/wp\/v2\/pages\/45\/revisions\/49"}],"up":[{"embeddable":true,"href":"https:\/\/myinternetcasinos.com\/fr\/wp-json\/wp\/v2\/pages\/47"}],"wp:attachment":[{"href":"https:\/\/myinternetcasinos.com\/fr\/wp-json\/wp\/v2\/media?parent=45"}],"curies":[{"name":"wp","href":"https:\/\/api.w.org\/{rel}","templated":true}]}}