{"id":35,"date":"2025-08-02T14:37:57","date_gmt":"2025-08-02T14:37:57","guid":{"rendered":"https:\/\/myinternetcasinos.com\/maison\/"},"modified":"2025-08-27T06:01:57","modified_gmt":"2025-08-27T06:01:57","slug":"maison","status":"publish","type":"page","link":"https:\/\/myinternetcasinos.com\/fr\/","title":{"rendered":"Maison"},"content":{"rendered":"<h2>Avis sur les casinos en ligne &#8211; les meilleurs casinos en ligne<\/h2>\n<p>L&rsquo;objectif de <strong>MyInternetCasinos.com<\/strong> est de vous fournir les derni\u00e8res informations et avis sur les casinos en ligne. Jouer au casino en ligne est un plaisir, mais il est important de bien s&rsquo;informer sur les casinos en ligne, les diff\u00e9rentes offres de bonus et promotions, les probl\u00e8mes de s\u00e9curit\u00e9, les options de d\u00e9p\u00f4t et bien plus encore.<\/p>\n<p>Vous trouverez toutes ces informations sur notre site web. Nous avons r\u00e9alis\u00e9 un <a href=\"http:\/\/www.gambling6.com\" target=\"_blank\" rel=\"noopener\">test complet des meilleurs casinos en ligne<\/a>. Nos crit\u00e8res de test incluent le logiciel de casino, le choix des jeux, les pourcentages de redistribution, les normes de s\u00e9curit\u00e9, le service client et bien plus encore.<\/p>\n<p>De nombreux joueurs en ligne appr\u00e9cient les casinos en ligne proposant des options comme les paris sportifs, le poker en ligne, le bingo, etc. Si vous recherchez un avis sur un casino et que vous vous demandez s&rsquo;il accepte les joueurs am\u00e9ricains, <a href=\"index.php?option=com_content&amp;view=article&amp;id=92&amp;Itemid=197\"><span style=\"text-decoration: underline;\">consultez notre avis sur Slotland<\/span><\/a>. C&rsquo;est sans conteste la meilleure option pour les joueurs r\u00e9sidant aux \u00c9tats-Unis. Slotland propose de nombreuses options de d\u00e9p\u00f4t pratiques et s\u00e9curis\u00e9es pour les joueurs am\u00e9ricains.<\/p>\n<ul>\n<li>Pour consulter les avis sur les meilleurs casinos en ligne<\/strong>, choisissez simplement l&rsquo;un des casinos ci-dessus. Retrouvez plus d&rsquo;avis sur les casinos en ligne en cliquant sur le menu \u00ab\u00a0Avis sur les casinos en ligne\u00a0\u00bb dans la colonne de droite.<\/li>\n<li>Sur MyInternetCasinos.com, nous vous tiendrons \u00e9galement inform\u00e9s des nouvelles promotions et des jeux les plus passionnants disponibles sur Internet.<\/li>\n<li>Vous cherchez des conseils pour trouver la strat\u00e9gie de casino la plus efficace\u00a0? Nous avons ce qu&rsquo;il vous faut.<\/li>\n<li>De nombreux casinos en ligne vous offrent la possibilit\u00e9 d&rsquo;essayer leurs jeux gratuitement. Gr\u00e2ce aux tours gratuits ou \u00e0 l&rsquo;offre d&rsquo;argent gratuit, vous n&rsquo;avez m\u00eame pas besoin de d\u00e9poser d&rsquo;argent pour tester leurs jeux. Et le meilleur, c&rsquo;est que vous pouvez <a href=\"https:\/\/www.bestuscasinos.org\/games\/slots\/\" target=\"_blank\" rel=\"noopener\">jouer aux machines \u00e0 sous en argent r\u00e9el en ligne<\/a> et conserver une bonne partie de vos gains (m\u00eame si vous devrez effectuer un d\u00e9p\u00f4t pour cela\u00a0!)<\/li>\n<\/ul>\n<h3>Profitez des meilleurs casinos en ligne\u00a0! Bonne chance\u00a0!<\/h3>\n<p>&nbsp;<\/p>\n","protected":false},"excerpt":{"rendered":"<p>Avis sur les casinos en ligne &#8211; les meilleurs casinos en ligne L&rsquo;objectif de MyInternetCasinos.com est de vous fournir les derni\u00e8res informations et avis sur les casinos en ligne. Jouer<\/p>\n<p><a href=\"https:\/\/myinternetcasinos.com\/fr\/\" class=\"more-link\">Continue Reading<span class=\"screen-reader-text\">Maison<\/span><\/a><\/p>\n","protected":false},"author":1,"featured_media":0,"parent":0,"menu_order":0,"comment_status":"closed","ping_status":"closed","template":"","meta":{"footnotes":""},"class_list":["post-35","page","type-page","status-publish","hentry"],"_links":{"self":[{"href":"https:\/\/myinternetcasinos.com\/fr\/wp-json\/wp\/v2\/pages\/35","targetHints":{"allow":["GET"]}}],"collection":[{"href":"https:\/\/myinternetcasinos.com\/fr\/wp-json\/wp\/v2\/pages"}],"about":[{"href":"https:\/\/myinternetcasinos.com\/fr\/wp-json\/wp\/v2\/types\/page"}],"author":[{"embeddable":true,"href":"https:\/\/myinternetcasinos.com\/fr\/wp-json\/wp\/v2\/users\/1"}],"replies":[{"embeddable":true,"href":"https:\/\/myinternetcasinos.com\/fr\/wp-json\/wp\/v2\/comments?post=35"}],"version-history":[{"count":1,"href":"https:\/\/myinternetcasinos.com\/fr\/wp-json\/wp\/v2\/pages\/35\/revisions"}],"predecessor-version":[{"id":220,"href":"https:\/\/myinternetcasinos.com\/fr\/wp-json\/wp\/v2\/pages\/35\/revisions\/220"}],"wp:attachment":[{"href":"https:\/\/myinternetcasinos.com\/fr\/wp-json\/wp\/v2\/media?parent=35"}],"curies":[{"name":"wp","href":"https:\/\/api.w.org\/{rel}","templated":true}]}}