{"id":33,"date":"2025-08-02T14:45:11","date_gmt":"2025-08-02T14:45:11","guid":{"rendered":"https:\/\/myinternetcasinos.com\/jeux-de-casino\/"},"modified":"2025-08-02T14:45:11","modified_gmt":"2025-08-02T14:45:11","slug":"jeux-de-casino","status":"publish","type":"page","link":"https:\/\/myinternetcasinos.com\/fr\/jeux-de-casino\/","title":{"rendered":"Jeux de casino"},"content":{"rendered":"<h1>Jeux de casino en ligne<\/h1>\n<p>Aujourd&rsquo;hui, Internet offre aux joueurs et aux amateurs de casino la possibilit\u00e9 de jouer \u00e0 des jeux de casino en ligne. Ces jeux sont con\u00e7us pour concurrencer les casinos terrestres traditionnels en termes de cotes et de taux de redistribution.<\/p>\n<p>Il existe trois types de jeux de casino en ligne<\/p>\n<ol>\n<li>Jeux de casino en ligne\u00a0: vous pouvez jouer \u00e0 des jeux de casino sans t\u00e9l\u00e9charger de logiciel.<\/li>\n<li>Casinos en ligne t\u00e9l\u00e9chargeables\u00a0: vous devez t\u00e9l\u00e9charger le logiciel pour profiter des jeux de casino.<\/li>\n<li>Jeux de casino en direct\u00a0: vous pouvez communiquer avec d&rsquo;autres joueurs en ligne.<\/li>\n<\/ol>\n<h2>Les jeux de casino en ligne les plus populaires<\/h2>\n<p>Blackjack<\/p>\n<p>Au blackjack, vous tirez des cartes et devez vous rapprocher le plus possible de 21 sans faire faillite. Si le joueur et le croupier ont le m\u00eame nombre de points, la partie est d\u00e9clar\u00e9e nulle et le joueur r\u00e9cup\u00e8re sa mise.<\/p>\n<p>Roulette<\/p>\n<p>La roulette est l&rsquo;expression fran\u00e7aise pour \u00ab\u00a0petite roue\u00a0\u00bb. Les joueurs disposent de nombreuses options de mise \u00e0 la roulette. Par exemple, ils peuvent miser sur un num\u00e9ro, une s\u00e9rie de num\u00e9ros, la couleur rouge ou noire, ou sur le fait que le num\u00e9ro sera pair ou impair.<\/p>\n<p>Machines \u00e0 sous<\/p>\n<p>Le but des machines \u00e0 sous est, bien s\u00fbr, de faire gagner de l&rsquo;argent. Il suffit d&rsquo;appuyer sur un bouton pour faire tourner les rouleaux, et vous gagnez ou perdez selon le tableau des gains de la machine \u00e0 sous.<\/p>\n<p>Poker<\/p>\n<p>Les jeux de poker en ligne jouissent d&rsquo;une immense popularit\u00e9 et il existe d\u00e9sormais des centaines de sites de poker en ligne. En tant que joueur de poker en ligne, vous avez le choix de jouer en argent fictif ou en argent r\u00e9el.<\/p>\n<p>Vid\u00e9o Poker<\/p>\n<p>Le vid\u00e9o poker est un jeu de casino en ligne extr\u00eamement populaire qui requiert \u00e0 la fois habilet\u00e9 et chance. Pourquoi l&rsquo;appelle-t-on vid\u00e9o poker\u00a0? Vous jouez contre une machine, et le vid\u00e9o poker est bas\u00e9 sur le jeu 5 Draw Poker.<\/p>\n","protected":false},"excerpt":{"rendered":"<p>Jeux de casino en ligne Aujourd&rsquo;hui, Internet offre aux joueurs et aux amateurs de casino la possibilit\u00e9 de jouer \u00e0 des jeux de casino en ligne. Ces jeux sont con\u00e7us<\/p>\n<p><a href=\"https:\/\/myinternetcasinos.com\/fr\/jeux-de-casino\/\" class=\"more-link\">Continue Reading<span class=\"screen-reader-text\">Jeux de casino<\/span><\/a><\/p>\n","protected":false},"author":1,"featured_media":0,"parent":0,"menu_order":0,"comment_status":"closed","ping_status":"closed","template":"","meta":{"footnotes":""},"class_list":["post-33","page","type-page","status-publish","hentry"],"_links":{"self":[{"href":"https:\/\/myinternetcasinos.com\/fr\/wp-json\/wp\/v2\/pages\/33","targetHints":{"allow":["GET"]}}],"collection":[{"href":"https:\/\/myinternetcasinos.com\/fr\/wp-json\/wp\/v2\/pages"}],"about":[{"href":"https:\/\/myinternetcasinos.com\/fr\/wp-json\/wp\/v2\/types\/page"}],"author":[{"embeddable":true,"href":"https:\/\/myinternetcasinos.com\/fr\/wp-json\/wp\/v2\/users\/1"}],"replies":[{"embeddable":true,"href":"https:\/\/myinternetcasinos.com\/fr\/wp-json\/wp\/v2\/comments?post=33"}],"version-history":[{"count":0,"href":"https:\/\/myinternetcasinos.com\/fr\/wp-json\/wp\/v2\/pages\/33\/revisions"}],"wp:attachment":[{"href":"https:\/\/myinternetcasinos.com\/fr\/wp-json\/wp\/v2\/media?parent=33"}],"curies":[{"name":"wp","href":"https:\/\/api.w.org\/{rel}","templated":true}]}}