{"id":31,"date":"2025-08-04T12:11:54","date_gmt":"2025-08-04T12:11:54","guid":{"rendered":"https:\/\/myinternetcasinos.com\/les-plus-gros-jackpots-de-loto-de-lhistoire\/"},"modified":"2025-08-04T12:11:54","modified_gmt":"2025-08-04T12:11:54","slug":"les-plus-gros-jackpots-de-loto-de-lhistoire","status":"publish","type":"page","link":"https:\/\/myinternetcasinos.com\/fr\/les-plus-gros-jackpots-de-loto-de-lhistoire\/","title":{"rendered":"Les plus gros jackpots de loto de l&rsquo;histoire"},"content":{"rendered":"<h1>Histoire du plus gros jackpot de loto<\/h1>\n<p>Il y a quelque chose de <strong>magique<\/strong> dans les plus gros jackpots de loterie, et il n&rsquo;est pas \u00e9tonnant que les gens suivent l&rsquo;\u00e9volution de leurs jackpots nationaux jusqu&rsquo;\u00e0 ce que quelqu&rsquo;un gagne. Si tout le monde souhaite voir un gagnant chaque semaine, il y a aussi quelque chose de g\u00e9nial dans le fait qu&rsquo;il n&rsquo;y ait pas de gagnant, ce qui signifie un jackpot plus important pour le prochain tirage. Si quelqu&rsquo;un pouvait trouver comment s&rsquo;assurer de remporter le plus gros jackpot de loto, ce serait un miracle. En attendant, il ne nous reste plus qu&rsquo;\u00e0 r\u00eaver de ces prix gigantesques.<\/p>\n<h2>Jackpot de loto\u00a0: de nombreux gagnants<\/h2>\n<p>Le plus gros jackpot de loto a \u00e9t\u00e9 vers\u00e9 \u00e0 trois gagnants en 2016. La somme de 1,6 milliard de dollars a \u00e9t\u00e9 remport\u00e9e au Powerball et n&rsquo;a pas encore \u00e9t\u00e9 battue par un autre jackpot. M\u00eame si la somme a \u00e9t\u00e9 divis\u00e9e, chaque gagnant a tout de m\u00eame r\u00e9alis\u00e9 un record de gains \u00e0 la loterie. Il arrive souvent qu&rsquo;un \u00e9norme jackpot de loto soit remport\u00e9, mais s&rsquo;il est partag\u00e9 entre plusieurs gagnants, aucun d&rsquo;eux ne se rend compte de son ampleur.<\/p>\n<h2>Jackpot du loto\u00a0: un gagnant<\/h2>\n<p><img loading=\"lazy\" decoding=\"async\" src=\"images\/lottery_winner.jpg\" alt=\"Jackpot Powerball du Royaume-Uni\" width=\"167\" height=\"250\" style=\"margin: 1px; float: right;\" \/>Lorsqu&rsquo;un gagnant remporte le <a href=\"https:\/\/www.jackpotlotteryonline.com\" target=\"_blank\" rel=\"noopener noreferrer\">plus gros jackpot de loto<\/a>, tout le monde le regarde avec \u00e9merveillement. Il y a quelque chose de sp\u00e9cial \u00e0 ce qu&rsquo;une seule personne gagne plus que ce qu&rsquo;elle peut d\u00e9penser dans sa vie. Cela semble tellement irr\u00e9el de gagner le plus gros jackpot de loto, et pourtant, cela arrive. Il n&rsquo;est pas \u00e9tonnant que les gagnants des plus gros jackpots du loto souhaitent rester anonymes, sous peine d&rsquo;\u00eatre traqu\u00e9s toute leur vie\u00a0!<\/p>\n<h2><span style=\"font-size: 12pt;\">Trouver le plus gros jackpot du loto<\/span><\/h2>\n<p>Pour trouver le plus gros jackpot du moment, consultez notre site web\u00a0: les actualit\u00e9s sur les loteries et leurs jackpots sont constamment mises \u00e0 jour. Vous saurez ainsi o\u00f9 jouer si vous cherchez \u00e0 gagner des millions. N&rsquo;oubliez pas qu&rsquo;il est \u00e9galement utile de se renseigner sur les probabilit\u00e9s de gagner et les statistiques des plus gros jackpots. M\u00eame si la chance finit toujours par d\u00e9cider de votre victoire, soyez malin et misez sur les jackpots qui vous offrent les meilleures chances de gagner. RedFoxLotto vous permet d&rsquo;acc\u00e9der \u00e0 toutes ces loteries \u00e0 gros jackpot, partout dans le monde. <a href=\"https:\/\/redfoxlotto.com\/?ref=A8564250A2&amp;medium=pwb\" target=\"_blank\" rel=\"noopener noreferrer\"><strong><span style=\"text-decoration: underline;\">Cliquez ici pour acheter votre billet de loterie en ligne avec RedFoxLotto d\u00e8s maintenant\u00a0!<\/span><\/strong><\/a><\/p>\n<h2>Gagner le jackpot<\/h2>\n<p>De nombreux joueurs pensent \u00e0 tort que gagner un jackpot est une question d&rsquo;argent. Quand on se concentre uniquement sur les plus gros jackpots du loto, on pourrait croire que c&rsquo;est tout ce qui compte. En r\u00e9alit\u00e9, c&rsquo;est la chance m\u00eame de remporter le plus gros jackpot qui rend le jeu si passionnant. Les joueurs ne devraient pas se mettre en col\u00e8re ou \u00eatre tristes s&rsquo;ils ne le gagnent pas. En r\u00e9alit\u00e9, vous ne gagnerez probablement pas le plus gros jackpot du loto. Alors, prenez plaisir \u00e0 le remporter. \u00catre \u00e0 un num\u00e9ro pr\u00e8s d&rsquo;un gros gain n&rsquo;est pas un \u00e9chec, mais une exp\u00e9rience incroyable. Raisonnez ainsi et vos jeux de loto seront toujours gagnants\u00a0!<\/p>\n","protected":false},"excerpt":{"rendered":"<p>Histoire du plus gros jackpot de loto Il y a quelque chose de magique dans les plus gros jackpots de loterie, et il n&rsquo;est pas \u00e9tonnant que les gens suivent<\/p>\n<p><a href=\"https:\/\/myinternetcasinos.com\/fr\/les-plus-gros-jackpots-de-loto-de-lhistoire\/\" class=\"more-link\">Continue Reading<span class=\"screen-reader-text\">Les plus gros jackpots de loto de l&rsquo;histoire<\/span><\/a><\/p>\n","protected":false},"author":1,"featured_media":0,"parent":0,"menu_order":0,"comment_status":"closed","ping_status":"closed","template":"","meta":{"footnotes":""},"class_list":["post-31","page","type-page","status-publish","hentry"],"_links":{"self":[{"href":"https:\/\/myinternetcasinos.com\/fr\/wp-json\/wp\/v2\/pages\/31","targetHints":{"allow":["GET"]}}],"collection":[{"href":"https:\/\/myinternetcasinos.com\/fr\/wp-json\/wp\/v2\/pages"}],"about":[{"href":"https:\/\/myinternetcasinos.com\/fr\/wp-json\/wp\/v2\/types\/page"}],"author":[{"embeddable":true,"href":"https:\/\/myinternetcasinos.com\/fr\/wp-json\/wp\/v2\/users\/1"}],"replies":[{"embeddable":true,"href":"https:\/\/myinternetcasinos.com\/fr\/wp-json\/wp\/v2\/comments?post=31"}],"version-history":[{"count":0,"href":"https:\/\/myinternetcasinos.com\/fr\/wp-json\/wp\/v2\/pages\/31\/revisions"}],"wp:attachment":[{"href":"https:\/\/myinternetcasinos.com\/fr\/wp-json\/wp\/v2\/media?parent=31"}],"curies":[{"name":"wp","href":"https:\/\/api.w.org\/{rel}","templated":true}]}}