{"id":219,"date":"2025-08-02T14:37:57","date_gmt":"2025-08-02T14:37:57","guid":{"rendered":"https:\/\/myinternetcasinos.com\/kotiin\/"},"modified":"2025-08-02T14:37:57","modified_gmt":"2025-08-02T14:37:57","slug":"kotiin","status":"publish","type":"page","link":"https:\/\/myinternetcasinos.com\/fi\/","title":{"rendered":"Kotiin"},"content":{"rendered":"<h2>Nettikasinoiden arvostelut &#8211; parhaat nettikasinot<\/h2>\n<p><strong>MyInternetCasinos.com<\/strong>-sivuston tavoitteena on tarjota sinulle uusimmat tiedot ja <strong>arvostelut nettikasinoista<\/strong>. Nettikasinoilla pelaaminen on hauskaa, mutta on t\u00e4rke\u00e4\u00e4 olla hyvin perill\u00e4 siit\u00e4, miss\u00e4 pelata, erilaisista kasinobonuksista ja kampanjoista, turvallisuuskysymyksist\u00e4, talletusvaihtoehdoista ja paljon muusta.<\/p>\n<p>Verkkosivustoltamme l\u00f6yd\u00e4t kaikki n\u00e4m\u00e4 tiedot. Olemme tehneet kattavan <a href=\"http:\/\/www.gambling6.com\" target=\"_blank\" rel=\"noopener\">testin parhaista nettikasinoista<\/a>. Testikriteereihin kuuluvat kasino-ohjelmisto, pelivalikoima, voittoprosentit, turvallisuusstandardit, asiakastuki ja paljon muuta.<\/p>\n<p>Monet nettipelaajat pit\u00e4v\u00e4t nettikasinoista, jotka tarjoavat vaihtoehtoja, kuten urheiluvedonly\u00f6nti\u00e4, nettipokeria, bingoa jne. Jos etsit kasinoarvostelua ja mietit, hyv\u00e4ksyyk\u00f6 kasino yhdysvaltalaisia \u200b\u200bpelaajia, <a href=\"index.php?option=com_content&amp;view=article&amp;id=92&amp;Itemid=197\"><span style=\"text-decoration: underline;\">tutustu Slotland-arvosteluumme<\/span><\/a>. T\u00e4m\u00e4 on ehdottomasti paras vaihtoehto Yhdysvalloissa asuville pelaajille. Slotlandilla on useita k\u00e4tevi\u00e4 ja turvallisia kasinotalletusvaihtoehtoja, joita yhdysvaltalaiset pelaajat voivat k\u00e4ytt\u00e4\u00e4.<\/p>\n<ul>\n<li>N\u00e4hd\u00e4ksesi <strong>parhaiden nettikasinoiden arvostelut<\/strong>, valitse vain yksi yll\u00e4 olevista kasinoista. L\u00f6yd\u00e4t lis\u00e4\u00e4 kasinoarvosteluja napsauttamalla oikealla olevasta sarakkeesta &#8221;Internetkasinoarvostelut&#8221; -valikkoa.<\/li>\n<li>MyInternetCasinos.com-sivustolla pid\u00e4mme sinut my\u00f6s ajan tasalla uusista kampanjoista ja j\u00e4nnitt\u00e4vimmist\u00e4 peleist\u00e4, joita voit pelata internetiss\u00e4.<\/li>\n<li>Etsitk\u00f6 vinkkej\u00e4 siit\u00e4, mik\u00e4 kasinostrategia antaa sinulle parhaat tulokset? Meill\u00e4 on niit\u00e4kin.<\/li>\n<li>Monet internetkasinot antavat sinulle mahdollisuuden kokeilla pelej\u00e4\u00e4n ilmaiseksi &#8211; ilmaiskierrosten tai ilmaisen kasinorahan kampanjan avulla sinun ei tarvitse edes tallettaa omaa rahaa kokeillaksesi heid\u00e4n kasinopelej\u00e4\u00e4n. Ja parasta on, ett\u00e4 voit <a href=\"https:\/\/www.bestuscasinos.org\/games\/slots\/\" target=\"_blank\" rel=\"noopener\">pelata oikean rahan kolikkopelej\u00e4 verkossa<\/a> ja saada pit\u00e4\u00e4 suuren osan voitoistasi (vaikka sinun on teht\u00e4v\u00e4 oma talletus t\u00e4t\u00e4 varten!)<\/li>\n<\/ul>\n<h3>Nauti parhaista internetin kasinoista &#8211; Onnea matkaan!<\/h3>\n<p>&nbsp;<\/p>\n","protected":false},"excerpt":{"rendered":"<p>Nettikasinoiden arvostelut &#8211; parhaat nettikasinot MyInternetCasinos.com-sivuston tavoitteena on tarjota sinulle uusimmat tiedot ja arvostelut nettikasinoista. Nettikasinoilla pelaaminen on hauskaa, mutta on t\u00e4rke\u00e4\u00e4 olla hyvin perill\u00e4 siit\u00e4, miss\u00e4 pelata, erilaisista kasinobonuksista<\/p>\n<p><a href=\"https:\/\/myinternetcasinos.com\/fi\/\" class=\"more-link\">Continue Reading<span class=\"screen-reader-text\">Kotiin<\/span><\/a><\/p>\n","protected":false},"author":1,"featured_media":0,"parent":0,"menu_order":0,"comment_status":"closed","ping_status":"closed","template":"","meta":{"footnotes":""},"class_list":["post-219","page","type-page","status-publish","hentry"],"_links":{"self":[{"href":"https:\/\/myinternetcasinos.com\/fi\/wp-json\/wp\/v2\/pages\/219","targetHints":{"allow":["GET"]}}],"collection":[{"href":"https:\/\/myinternetcasinos.com\/fi\/wp-json\/wp\/v2\/pages"}],"about":[{"href":"https:\/\/myinternetcasinos.com\/fi\/wp-json\/wp\/v2\/types\/page"}],"author":[{"embeddable":true,"href":"https:\/\/myinternetcasinos.com\/fi\/wp-json\/wp\/v2\/users\/1"}],"replies":[{"embeddable":true,"href":"https:\/\/myinternetcasinos.com\/fi\/wp-json\/wp\/v2\/comments?post=219"}],"version-history":[{"count":0,"href":"https:\/\/myinternetcasinos.com\/fi\/wp-json\/wp\/v2\/pages\/219\/revisions"}],"wp:attachment":[{"href":"https:\/\/myinternetcasinos.com\/fi\/wp-json\/wp\/v2\/media?parent=219"}],"curies":[{"name":"wp","href":"https:\/\/api.w.org\/{rel}","templated":true}]}}