{"id":218,"date":"2025-08-02T14:37:57","date_gmt":"2025-08-02T14:37:57","guid":{"rendered":"https:\/\/myinternetcasinos.com\/avaleht\/"},"modified":"2025-08-02T14:37:57","modified_gmt":"2025-08-02T14:37:57","slug":"avaleht","status":"publish","type":"page","link":"https:\/\/myinternetcasinos.com\/et\/","title":{"rendered":"Avaleht"},"content":{"rendered":"<h2>Internetikasiinode arvustused \u2013 parimad internetikasiinod<\/h2>\n<p><strong>MyInternetCasinos.com<\/strong> eesm\u00e4rk on pakkuda teile uusimat teavet ja <strong>internetikasiinode arvustusi<\/strong>. Veebikasiinos m\u00e4ngimine on v\u00e4ga l\u00f5bus, kuid oluline on olla h\u00e4sti informeeritud m\u00e4ngimiskohtadest, erinevatest kasiinoboonuste pakkumistest ja kampaaniatest, turvaprobleemidest, sissemaksev\u00f5imalustest ja paljust muust.<\/p>\n<p>Kogu selle teabe leiate meie veebisaidilt. Oleme l\u00e4bi viinud p\u00f5hjaliku <a href=\"http:\/\/www.gambling6.com\" target=\"_blank\" rel=\"noopener\">testi parimate internetikasiinode<\/a> kohta. Meie testikriteeriumid h\u00f5lmavad kasiinotarkvara, m\u00e4ngude valikut, v\u00e4ljamaksete protsente, turvastandardeid, kliendituge ja palju muud.<\/p>\n<p>Paljudele online-m\u00e4nguritele meeldivad internetikasiinod, mis pakuvad selliseid valikuid nagu spordiennustus, online-pokker, bingo jne. Kui otsite kasiinoarvustust ja m\u00f5tlete, kas kasiino aktsepteerib USA m\u00e4ngijaid, <a href=\"index.php?option=com_content&amp;view=article&amp;id=92&amp;Itemid=197\"><span style=\"text-decoration: underline;\">vaadake meie Slotlandi arvustust<\/span><\/a>. See on kahtlemata parim valik USA-s elavatele m\u00e4nguritele. Slotlandil on mitmeid mugavaid ja turvalisi kasiino sissemaksev\u00f5imalusi, mida USA m\u00e4ngurid saavad kasutada.<\/p>\n<ul>\n<li>Parimate internetikasiinode arvustuste<\/strong> n\u00e4gemiseks valige lihtsalt \u00fcks \u00fclaltoodud kasiinodest. Rohkem kasiinoarvustusi leiad, kl\u00f5psates paremal asuvas veerus men\u00fc\u00fcl \u201eInternetikasiino arvustused\u201c.<\/li>\n<li>MyInternetCasinos.com-is hoiame teid kursis ka uute pakkumiste ja k\u00f5ige p\u00f5nevamate m\u00e4ngudega, mida internetis m\u00e4ngida saab.<\/li>\n<li>Kas otsite n\u00e4pun\u00e4iteid, milline kasiinostrateegia annab teile parimad tulemused? Meil \u200b\u200bon ka need olemas.<\/li>\n<li>Paljud internetikasiinod pakuvad teile v\u00f5imalust oma m\u00e4nge tasuta proovida \u2013 tasuta keerutuste v\u00f5i tasuta kasiinoraha kampaaniaga ei pea te isegi oma raha sisse maksma, et nende kasiinom\u00e4nge proovida. Ja mis k\u00f5ige parem, saate <a href=\"https:\/\/www.bestuscasinos.org\/games\/slots\/\" target=\"_blank\" rel=\"noopener\">m\u00e4ngida p\u00e4risraha eest veebis slotim\u00e4nge<\/a> ja saada ka suure osa oma v\u00f5itudest endale (kuigi selleks peate ise sissemakse tegema!)<\/li>\n<\/ul>\n<h3>Nautige parimaid internetikasiinosid \u2013 edu!<\/h3>\n<p>&nbsp;<\/p>\n","protected":false},"excerpt":{"rendered":"<p>Internetikasiinode arvustused \u2013 parimad internetikasiinod MyInternetCasinos.com eesm\u00e4rk on pakkuda teile uusimat teavet ja internetikasiinode arvustusi. Veebikasiinos m\u00e4ngimine on v\u00e4ga l\u00f5bus, kuid oluline on olla h\u00e4sti informeeritud m\u00e4ngimiskohtadest, erinevatest kasiinoboonuste pakkumistest<\/p>\n<p><a href=\"https:\/\/myinternetcasinos.com\/et\/\" class=\"more-link\">Continue Reading<span class=\"screen-reader-text\">Avaleht<\/span><\/a><\/p>\n","protected":false},"author":1,"featured_media":0,"parent":0,"menu_order":0,"comment_status":"closed","ping_status":"closed","template":"","meta":{"footnotes":""},"class_list":["post-218","page","type-page","status-publish","hentry"],"_links":{"self":[{"href":"https:\/\/myinternetcasinos.com\/et\/wp-json\/wp\/v2\/pages\/218","targetHints":{"allow":["GET"]}}],"collection":[{"href":"https:\/\/myinternetcasinos.com\/et\/wp-json\/wp\/v2\/pages"}],"about":[{"href":"https:\/\/myinternetcasinos.com\/et\/wp-json\/wp\/v2\/types\/page"}],"author":[{"embeddable":true,"href":"https:\/\/myinternetcasinos.com\/et\/wp-json\/wp\/v2\/users\/1"}],"replies":[{"embeddable":true,"href":"https:\/\/myinternetcasinos.com\/et\/wp-json\/wp\/v2\/comments?post=218"}],"version-history":[{"count":0,"href":"https:\/\/myinternetcasinos.com\/et\/wp-json\/wp\/v2\/pages\/218\/revisions"}],"wp:attachment":[{"href":"https:\/\/myinternetcasinos.com\/et\/wp-json\/wp\/v2\/media?parent=218"}],"curies":[{"name":"wp","href":"https:\/\/api.w.org\/{rel}","templated":true}]}}