{"id":1209,"date":"2025-08-04T12:11:54","date_gmt":"2025-08-04T12:11:54","guid":{"rendered":"https:\/\/myinternetcasinos.com\/?page_id=1209"},"modified":"2026-01-20T08:25:29","modified_gmt":"2026-01-20T08:25:29","slug":"ajaloo-suurimad-loto-jackpotid","status":"publish","type":"page","link":"https:\/\/myinternetcasinos.com\/et\/ajaloo-suurimad-loto-jackpotid\/","title":{"rendered":"Ajaloo suurimad loto jackpotid"},"content":{"rendered":"<h1>Ajaloo suurim loto jackpot<\/h1>\n<p>Suurimate loto jackpotide juures on midagi <strong>maagilist<\/strong> ja pole ime, et inimesed j\u00e4lgivad oma riiklike loto jackpotide kasvu, kuni keegi v\u00f5idab. Kuigi k\u00f5ik tahavad igal n\u00e4dalal v\u00f5itjat n\u00e4ha, on ka midagi lahedat selles, et v\u00f5itjat pole, mis t\u00e4hendab suuremat jackpotti j\u00e4rgmisel loosimisel. Kui keegi suudaks v\u00e4lja m\u00f5elda, kuidas tagada suurima loto jackpoti v\u00f5itmine, oleks see ime, seega peame seni lihtsalt unistama neist hiiglaslikest auhindadest.<\/p>\n<h2>Lotto jackpot \u2013 palju v\u00f5itjaid<\/h2>\n<p>Suurim loto jackpot maksti 2016. aastal v\u00e4lja kolmele v\u00f5itjale. Powerballil v\u00f5ideti 1,6 miljardi dollari suurune auhinnasumma ja see on siiani \u00fcletamata. Isegi kui auhinnasumma jagati, teenis iga v\u00f5itja loteriides ikkagi rekordv\u00f5idu. Mitu korda v\u00f5ib loto jackpot olla tohutu, kuid kui see jagatakse paljude v\u00f5itjate vahel, ei taju \u00fckski v\u00f5itja, kui tohutu tegelik jackpot oli. <\/p>\n<h2>Lotto jackpoti v\u00f5itja \u2013 \u00fcks v\u00f5itja<\/h2>\n<p><a href=\"http:\/\/affiliates.redfoxlotto.com\/\/idevaffiliate.php?id=40\" target=\"_blank\" rel=\"noopener\"><img loading=\"lazy\" decoding=\"async\" class=\"alignnone wp-image-1161 size-medium\" src=\"https:\/\/myinternetcasinos.com\/wp-content\/uploads\/2026\/01\/lottery-jackpot-ticket-template-with-numbers-292x300.webp\" alt=\"\" width=\"292\" height=\"300\" srcset=\"https:\/\/myinternetcasinos.com\/wp-content\/uploads\/2026\/01\/lottery-jackpot-ticket-template-with-numbers-292x300.webp 292w, https:\/\/myinternetcasinos.com\/wp-content\/uploads\/2026\/01\/lottery-jackpot-ticket-template-with-numbers.webp 596w\" sizes=\"auto, (max-width: 292px) 100vw, 292px\" \/><\/a>Kui \u00fcks v\u00f5itja viib koju <a href=\"https:\/\/affiliates.redfoxlotto.com\/\/idevaffiliate.php?id=40_1\" target=\"_blank\" rel=\"noopener\">suurima loto jackpoti<\/a>, vaatavad k\u00f5ik seda aukartusega. On midagi nii erilist selles, kui \u00fcks inimene v\u00f5idab rohkem, kui ta kogu elu jooksul \u00e4ra kasutada suudab. Suurima loto jackpoti v\u00f5itmine tundub lihtsalt nii ebareaalne, aga ometi see juhtub. Pole ime, et suurimate loto jackpotide v\u00f5itjad soovivad j\u00e4\u00e4da anon\u00fc\u00fcmseks, vastasel juhul jahitakse neid kogu \u00fclej\u00e4\u00e4nud elu!<\/p>\n<h2><span style=\"font-size: 12pt;\">Suurima loto jackpoti leidmine<\/span><\/h2>\n<p>Suurima praegu saadaoleva loto jackpoti leidmiseks v\u00f5ite kasutada meie veebisaiti, kus pidevalt v\u00e4rskendatakse uudiseid loteriide ja nende jackpotide kohta. Nii saate teada, kus peaksite m\u00e4ngima, kui otsite miljoneid. \u00c4rge unustage, et kasulik on ka rohkem teada saada v\u00f5iduv\u00f5imalustest ja suurimate loto jackpotide statistikast. Isegi kui \u00f5nn otsustab l\u00f5puks, kas v\u00f5idate v\u00f5i mitte, v\u00f5ite olla tark ja valida loto jackpotid, kus teil on parimad v\u00f5iduv\u00f5imalused. RedFoxLotto aitab teil p\u00e4\u00e4seda ligi \u00fcksk\u00f5ik millisele suurele jackpot-loteriile k\u00f5ikjal maailmas.<a href=\"https:\/\/affiliates.redfoxlotto.com\/\/idevaffiliate.php?id=40_1\" target=\"_blank\" rel=\"noopener\"> <strong><span style=\"text-decoration: underline;\">Kl\u00f5psake siin, et osta oma loteriipilet RedFoxLottoga veebis kohe!<\/span><\/strong><\/a><\/p>\n<h2>Jackpoti v\u00f5itmine<\/h2>\n<p>Paljud m\u00e4ngijad arvavad ekslikult, et jackpoti v\u00f5itmine on seotud rahaga. Kui kogu t\u00e4helepanu on suunatud suurimatele loto jackpottidele, v\u00f5iks arvata, et see ongi k\u00f5ik, mis loeb. T\u00f5de on see, et just suurima loto jackpoti v\u00f5itmise v\u00f5imalus muudab m\u00e4ngu nii p\u00f5nevaks. M\u00e4ngijad ei tohiks vihastada ega kurvastada, kui nad seda ei v\u00f5ida. T\u00f5de on see, et te t\u00f5en\u00e4oliselt ei v\u00f5ida suurimat loto jackpotti. Seega nautige kindlasti selle nimel v\u00f5istlemist. \u00dche numbri kaugusel suurest v\u00f5idust ei ole l\u00e4bikukkumine, vaid h\u00e4mmastav kogemus. M\u00f5tle nii ja sinu lotom\u00e4ngud on alati v\u00f5itjad!<\/p>\n","protected":false},"excerpt":{"rendered":"<p>Ajaloo suurim loto jackpot Suurimate loto jackpotide juures on midagi maagilist ja pole ime, et inimesed j\u00e4lgivad oma riiklike loto jackpotide kasvu, kuni keegi v\u00f5idab. Kuigi k\u00f5ik tahavad igal n\u00e4dalal<\/p>\n<p><a href=\"https:\/\/myinternetcasinos.com\/et\/ajaloo-suurimad-loto-jackpotid\/\" class=\"more-link\">Continue Reading<span class=\"screen-reader-text\">Ajaloo suurimad loto jackpotid<\/span><\/a><\/p>\n","protected":false},"author":2,"featured_media":0,"parent":0,"menu_order":0,"comment_status":"closed","ping_status":"closed","template":"","meta":{"footnotes":""},"class_list":["post-1209","page","type-page","status-publish","hentry"],"_links":{"self":[{"href":"https:\/\/myinternetcasinos.com\/et\/wp-json\/wp\/v2\/pages\/1209","targetHints":{"allow":["GET"]}}],"collection":[{"href":"https:\/\/myinternetcasinos.com\/et\/wp-json\/wp\/v2\/pages"}],"about":[{"href":"https:\/\/myinternetcasinos.com\/et\/wp-json\/wp\/v2\/types\/page"}],"author":[{"embeddable":true,"href":"https:\/\/myinternetcasinos.com\/et\/wp-json\/wp\/v2\/users\/2"}],"replies":[{"embeddable":true,"href":"https:\/\/myinternetcasinos.com\/et\/wp-json\/wp\/v2\/comments?post=1209"}],"version-history":[{"count":1,"href":"https:\/\/myinternetcasinos.com\/et\/wp-json\/wp\/v2\/pages\/1209\/revisions"}],"predecessor-version":[{"id":1210,"href":"https:\/\/myinternetcasinos.com\/et\/wp-json\/wp\/v2\/pages\/1209\/revisions\/1210"}],"wp:attachment":[{"href":"https:\/\/myinternetcasinos.com\/et\/wp-json\/wp\/v2\/media?parent=1209"}],"curies":[{"name":"wp","href":"https:\/\/api.w.org\/{rel}","templated":true}]}}