{"id":236,"date":"2025-08-02T14:37:57","date_gmt":"2025-08-02T14:37:57","guid":{"rendered":"https:\/\/myinternetcasinos.com\/hogar\/"},"modified":"2025-08-02T14:37:57","modified_gmt":"2025-08-02T14:37:57","slug":"hogar","status":"publish","type":"page","link":"https:\/\/myinternetcasinos.com\/es\/","title":{"rendered":"Hogar"},"content":{"rendered":"<p>Rese\u00f1as de casinos en l\u00ednea: los mejores casinos en internet<br \/>\nEl objetivo de <strong>MyInternetCasinos.com<\/strong> es ofrecerte la informaci\u00f3n m\u00e1s reciente y rese\u00f1as de casinos en l\u00ednea. Jugar en un casino en l\u00ednea es muy divertido, pero es importante estar bien informado sobre d\u00f3nde jugar, las diversas ofertas y promociones de bonos de casino, los aspectos de seguridad, las opciones de dep\u00f3sito y mucho m\u00e1s.<\/p>\n<p>En nuestro sitio web encontrar\u00e1s toda esa informaci\u00f3n. Hemos realizado una <a href=\"http:\/\/www.gambling6.com\" target=\"_blank\" rel=\"noopener\">prueba exhaustiva de los mejores casinos en l\u00ednea<\/a>. Nuestros criterios de prueba incluyen el software del casino, la selecci\u00f3n de juegos, los porcentajes de pago, los est\u00e1ndares de seguridad, la atenci\u00f3n al cliente y mucho m\u00e1s.<\/p>\n<p>A muchos jugadores en l\u00ednea les gustan los casinos en l\u00ednea con opciones como apuestas deportivas, p\u00f3ker en l\u00ednea, bingo, etc. Si busca una rese\u00f1a de un casino y se pregunta si acepta jugadores estadounidenses, <a href=\"index.php?option=com_content&amp;view=article&amp;id=92&amp;Itemid=197\"><span style=\"text-decoration: underline;\">consulte nuestra rese\u00f1a de Slotland<\/span><\/a>. Sin duda, esta es la mejor opci\u00f3n para los jugadores que viven en EE. UU. Slotland ofrece diversas opciones de dep\u00f3sito convenientes y seguras que los jugadores estadounidenses pueden usar.<\/p>\n<ul>\n<li>Para ver las <strong>rese\u00f1as de los mejores casinos en l\u00ednea<\/strong>, simplemente elija uno de los casinos mencionados anteriormente. Encuentra m\u00e1s rese\u00f1as de casinos haciendo clic en el men\u00fa \u00abRese\u00f1as de Casinos en Internet\u00bb en la columna de la derecha.\n<p>En MyInternetCasinos.com, tambi\u00e9n te mantendremos al tanto de las nuevas promociones y los juegos m\u00e1s emocionantes que puedes jugar en internet.<\/p>\n<p>\u00bfBuscas consejos sobre qu\u00e9 estrategia de casino te dar\u00e1 los mejores resultados? Tambi\u00e9n los tenemos.<\/p>\n<p>Muchos casinos en internet te ofrecen la oportunidad de probar sus juegos gratis. Con la promoci\u00f3n de Giros Gratis o Dinero Gratis, ni siquiera tienes que depositar dinero para probar sus juegos. Y lo mejor es que puedes <a href=\"https:\/\/www.bestuscasinos.org\/games\/slots\/\" target=\"_blank\" rel=\"noopener\">jugar a tragamonedas online con dinero real<\/a> y adem\u00e1s quedarte con una buena parte de tus ganancias (\u00a1aunque tendr\u00e1s que hacer un dep\u00f3sito para ello!).<\/li>\n<\/ul>\n<h3>\u00a1Disfruta de los mejores casinos de internet! \u00a1Mucha suerte!<\/h3>\n<p>&nbsp;<\/p>\n","protected":false},"excerpt":{"rendered":"<p>Rese\u00f1as de casinos en l\u00ednea: los mejores casinos en internet El objetivo de MyInternetCasinos.com es ofrecerte la informaci\u00f3n m\u00e1s reciente y rese\u00f1as de casinos en l\u00ednea. Jugar en un casino<\/p>\n<p><a href=\"https:\/\/myinternetcasinos.com\/es\/\" class=\"more-link\">Continue Reading<span class=\"screen-reader-text\">Hogar<\/span><\/a><\/p>\n","protected":false},"author":1,"featured_media":0,"parent":0,"menu_order":0,"comment_status":"closed","ping_status":"closed","template":"","meta":{"footnotes":""},"class_list":["post-236","page","type-page","status-publish","hentry"],"_links":{"self":[{"href":"https:\/\/myinternetcasinos.com\/es\/wp-json\/wp\/v2\/pages\/236","targetHints":{"allow":["GET"]}}],"collection":[{"href":"https:\/\/myinternetcasinos.com\/es\/wp-json\/wp\/v2\/pages"}],"about":[{"href":"https:\/\/myinternetcasinos.com\/es\/wp-json\/wp\/v2\/types\/page"}],"author":[{"embeddable":true,"href":"https:\/\/myinternetcasinos.com\/es\/wp-json\/wp\/v2\/users\/1"}],"replies":[{"embeddable":true,"href":"https:\/\/myinternetcasinos.com\/es\/wp-json\/wp\/v2\/comments?post=236"}],"version-history":[{"count":0,"href":"https:\/\/myinternetcasinos.com\/es\/wp-json\/wp\/v2\/pages\/236\/revisions"}],"wp:attachment":[{"href":"https:\/\/myinternetcasinos.com\/es\/wp-json\/wp\/v2\/media?parent=236"}],"curies":[{"name":"wp","href":"https:\/\/api.w.org\/{rel}","templated":true}]}}