{"id":1211,"date":"2025-08-04T12:11:54","date_gmt":"2025-08-04T12:11:54","guid":{"rendered":"https:\/\/myinternetcasinos.com\/?page_id=1211"},"modified":"2026-01-20T08:28:20","modified_gmt":"2026-01-20T08:28:20","slug":"los-mayores-botes-de-loteria-de-la-historia","status":"publish","type":"page","link":"https:\/\/myinternetcasinos.com\/es\/los-mayores-botes-de-loteria-de-la-historia\/","title":{"rendered":"Los mayores botes de loter\u00eda de la historia"},"content":{"rendered":"<h1>Historias del Mayor Premio de Loter\u00eda<\/h1>\n<p>Hay algo m\u00e1gico en los mayores premios de loter\u00eda, y no es de extra\u00f1ar que la gente siga c\u00f3mo crecen los premios de la loter\u00eda nacional hasta que alguien gana. Aunque todos quieren ver un ganador cada semana, tambi\u00e9n hay algo genial en que no haya un ganador, lo que significa un premio mayor mayor para el pr\u00f3ximo sorteo. Si alguien pudiera descubrir c\u00f3mo asegurarse de ganar el mayor premio de loter\u00eda, ser\u00eda un milagro, as\u00ed que mientras tanto, solo nos queda so\u00f1ar con esos premios gigantescos.<\/p>\n<h2>Muchos Ganadores del Premio de Loter\u00eda<\/h2>\n<p>El mayor premio de loter\u00eda se pag\u00f3 a tres ganadores en 2016. El premio de $1.6 mil millones se gan\u00f3 en el Powerball y a\u00fan no ha sido superado por otro premio de loter\u00eda. Incluso dividiendo el premio, cada ganador logr\u00f3 un r\u00e9cord en ganancias en loter\u00edas. Muchas veces puede haber un premio gordo enorme en la loter\u00eda, pero si se reparte entre muchos ganadores, ninguno se dar\u00e1 cuenta de lo enorme que fue.<\/p>\n<h2>Un ganador del premio gordo de la loter\u00eda<\/h2>\n<p><a href=\"http:\/\/affiliates.redfoxlotto.com\/\/idevaffiliate.php?id=40\" target=\"_blank\" rel=\"noopener\"><img loading=\"lazy\" decoding=\"async\" class=\"alignnone wp-image-1161 size-medium\" src=\"https:\/\/myinternetcasinos.com\/wp-content\/uploads\/2026\/01\/lottery-jackpot-ticket-template-with-numbers-292x300.webp\" alt=\"\" width=\"292\" height=\"300\" srcset=\"https:\/\/myinternetcasinos.com\/wp-content\/uploads\/2026\/01\/lottery-jackpot-ticket-template-with-numbers-292x300.webp 292w, https:\/\/myinternetcasinos.com\/wp-content\/uploads\/2026\/01\/lottery-jackpot-ticket-template-with-numbers.webp 596w\" sizes=\"auto, (max-width: 292px) 100vw, 292px\" \/><\/a>Cuando un ganador se lleva a casa <a href=\"https:\/\/affiliates.redfoxlotto.com\/\/idevaffiliate.php?id=40_1\" target=\"_blank\" rel=\"noopener\">el mayor premio gordo de la loter\u00eda<\/a>, todos lo miran con asombro. Hay algo tan especial en que una sola persona gane m\u00e1s de lo que puede gastar en su vida. Parece incre\u00edble ganar el mayor premio de loter\u00eda, pero sucede. \u00a1No es de extra\u00f1ar que los ganadores de los mayores premios de loter\u00eda quieran permanecer en el anonimato o ser\u00edan perseguidos el resto de sus vidas!<\/p>\n<h2><span style=\"font-size: 12pt;\">Encontrando el Mayor Premio de Loter\u00eda<\/span><\/h2>\n<p>Para encontrar el mayor premio de loter\u00eda disponible ahora mismo, puedes usar nuestro sitio web, donde las noticias sobre loter\u00edas y sus premios se actualizan constantemente. As\u00ed, podr\u00e1s descubrir d\u00f3nde deber\u00edas jugar si buscas los millones. No olvides que tambi\u00e9n es \u00fatil aprender m\u00e1s sobre las probabilidades de ganar y las estad\u00edsticas de los mayores premios de loter\u00eda. Incluso si la suerte finalmente determinar\u00e1 si ganas o no, puedes ser inteligente y optar por los premios de loter\u00eda donde tengas las mejores posibilidades de ganar. RedFoxLotto te ayuda a acceder a cualquiera de esas loter\u00edas con grandes premios en cualquier parte del mundo.<a href=\"https:\/\/affiliates.redfoxlotto.com\/\/idevaffiliate.php?id=40_1\" target=\"_blank\" rel=\"noopener\"> <strong><span style=\"text-decoration: underline;\">\u00a1Haz clic aqu\u00ed para comprar tu billete de loter\u00eda online con RedFoxLotto ahora!<\/span><\/strong><\/a><\/p>\n<h2>Ganar el premio mayor<\/h2>\n<p>Muchos jugadores creen err\u00f3neamente que ganar un premio mayor se trata solo del dinero. Cuando toda la atenci\u00f3n se centra en los premios mayores de loter\u00eda, uno podr\u00eda pensar que eso es lo \u00fanico que importa. La verdad es que es la posibilidad de ganar el premio mayor lo que hace que el juego sea tan emocionante. Los jugadores no deber\u00edan enfadarse ni entristecerse si no lo ganan. Lo cierto es que lo m\u00e1s probable es que no ganes el premio mayor de loter\u00eda. As\u00ed que aseg\u00farate de disfrutar compitiendo por \u00e9l. A un n\u00famero de un gran premio no es un fracaso, sino una experiencia incre\u00edble. \u00a1Razona as\u00ed y tus partidas de loter\u00eda siempre ser\u00e1n ganadoras!<\/p>\n","protected":false},"excerpt":{"rendered":"<p>Historias del Mayor Premio de Loter\u00eda Hay algo m\u00e1gico en los mayores premios de loter\u00eda, y no es de extra\u00f1ar que la gente siga c\u00f3mo crecen los premios de la<\/p>\n<p><a href=\"https:\/\/myinternetcasinos.com\/es\/los-mayores-botes-de-loteria-de-la-historia\/\" class=\"more-link\">Continue Reading<span class=\"screen-reader-text\">Los mayores botes de loter\u00eda de la historia<\/span><\/a><\/p>\n","protected":false},"author":2,"featured_media":0,"parent":0,"menu_order":0,"comment_status":"closed","ping_status":"closed","template":"","meta":{"footnotes":""},"class_list":["post-1211","page","type-page","status-publish","hentry"],"_links":{"self":[{"href":"https:\/\/myinternetcasinos.com\/es\/wp-json\/wp\/v2\/pages\/1211","targetHints":{"allow":["GET"]}}],"collection":[{"href":"https:\/\/myinternetcasinos.com\/es\/wp-json\/wp\/v2\/pages"}],"about":[{"href":"https:\/\/myinternetcasinos.com\/es\/wp-json\/wp\/v2\/types\/page"}],"author":[{"embeddable":true,"href":"https:\/\/myinternetcasinos.com\/es\/wp-json\/wp\/v2\/users\/2"}],"replies":[{"embeddable":true,"href":"https:\/\/myinternetcasinos.com\/es\/wp-json\/wp\/v2\/comments?post=1211"}],"version-history":[{"count":1,"href":"https:\/\/myinternetcasinos.com\/es\/wp-json\/wp\/v2\/pages\/1211\/revisions"}],"predecessor-version":[{"id":1212,"href":"https:\/\/myinternetcasinos.com\/es\/wp-json\/wp\/v2\/pages\/1211\/revisions\/1212"}],"wp:attachment":[{"href":"https:\/\/myinternetcasinos.com\/es\/wp-json\/wp\/v2\/media?parent=1211"}],"curies":[{"name":"wp","href":"https:\/\/api.w.org\/{rel}","templated":true}]}}