{"id":56,"date":"2025-08-04T12:22:32","date_gmt":"2025-08-04T12:22:32","guid":{"rendered":"https:\/\/myinternetcasinos.com\/haeufig-gestellte-fragen-faq-zu-online-casinos\/beste-casinos-im-test\/"},"modified":"2025-08-04T12:22:32","modified_gmt":"2025-08-04T12:22:32","slug":"beste-casinos-im-test","status":"publish","type":"page","link":"https:\/\/myinternetcasinos.com\/de\/haeufig-gestellte-fragen-faq-zu-online-casinos\/beste-casinos-im-test\/","title":{"rendered":"Beste Casinos im Test"},"content":{"rendered":"<h1><a target=\"_blank\" href=\"go\/party.html\"><img loading=\"lazy\" decoding=\"async\" style=\"margin-left: 5px; float: right;\" alt=\"beste Online Casino Bonus Test\" src=\"images\/stories\/kf_pea_120x600_all-char_DE.gif\" height=\"600\" width=\"120\" \/><\/a>Die besten Online Casino Boni im Test<\/h1>\n<p>Hier finden Sie <strong>die besten Online Casino Bonusangebote<\/strong> im Test. Wir liefern Ihnen detaillierte Informationen und Vergleiche der verschiedenen Online Casinos.<\/p>\n<p>Wir informieren Sie \u00fcber das Spielangebot, die Sicherheitsstandards und die Bonusangebote der besten Online Casino Anbieter. Wichtig f\u00fcr einen Spieler sind au\u00dferdem die Ein- und Auszahlungsm\u00f6glichkeiten, deren Geschwindigkeit und Zuverl\u00e4ssigkeit sowie nicht zuletzt der Kundenservice des Casinos. Man braucht den Service zwar nicht oft, aber wenn doch, ist es gut zu wissen, wie schnell man Antworten auf seine Fragen bekommt.<\/p>\n<p>\u00dcbrigens: Party Casino bietet den besten Online-Casino-Bonus \u2013 dazu riesige Jackpots, eine riesige Auswahl an attraktiven Spielen, sichere und bequeme Ein- und Auszahlungen sowie zuverl\u00e4ssige, faire Software. PartyGamin ist von allen Casino-Anbietern der einzige, der an der Londoner B\u00f6rse notiert ist! Das bringt ihm nat\u00fcrlich Pluspunkte in Sachen Zuverl\u00e4ssigkeit.<\/p>\n<p><a href=\"go\/party.html\" target=\"_blank\"><span style=\"text-decoration: underline;\"><strong>Klicken Sie hier, um Party Casino noch heute zu testen<\/strong><\/span><\/a> \u2013 die Software ist in wenigen Minuten installiert und Sie k\u00f6nnen Party Casino kostenlos testen. Mit dem <strong>Party Casino Bonuscode PRTY300<\/strong> erhalten Sie einen <strong>Bonus von bis zu 3.000 \u20ac auf Ihre ersten vier Einzahlungen!<\/strong><\/p>\n","protected":false},"excerpt":{"rendered":"<p>Die besten Online Casino Boni im Test Hier finden Sie die besten Online Casino Bonusangebote im Test. Wir liefern Ihnen detaillierte Informationen und Vergleiche der verschiedenen Online Casinos. Wir informieren<\/p>\n<p><a href=\"https:\/\/myinternetcasinos.com\/de\/haeufig-gestellte-fragen-faq-zu-online-casinos\/beste-casinos-im-test\/\" class=\"more-link\">Continue Reading<span class=\"screen-reader-text\">Beste Casinos im Test<\/span><\/a><\/p>\n","protected":false},"author":1,"featured_media":0,"parent":50,"menu_order":0,"comment_status":"closed","ping_status":"closed","template":"","meta":{"footnotes":""},"class_list":["post-56","page","type-page","status-publish","hentry"],"_links":{"self":[{"href":"https:\/\/myinternetcasinos.com\/de\/wp-json\/wp\/v2\/pages\/56","targetHints":{"allow":["GET"]}}],"collection":[{"href":"https:\/\/myinternetcasinos.com\/de\/wp-json\/wp\/v2\/pages"}],"about":[{"href":"https:\/\/myinternetcasinos.com\/de\/wp-json\/wp\/v2\/types\/page"}],"author":[{"embeddable":true,"href":"https:\/\/myinternetcasinos.com\/de\/wp-json\/wp\/v2\/users\/1"}],"replies":[{"embeddable":true,"href":"https:\/\/myinternetcasinos.com\/de\/wp-json\/wp\/v2\/comments?post=56"}],"version-history":[{"count":0,"href":"https:\/\/myinternetcasinos.com\/de\/wp-json\/wp\/v2\/pages\/56\/revisions"}],"up":[{"embeddable":true,"href":"https:\/\/myinternetcasinos.com\/de\/wp-json\/wp\/v2\/pages\/50"}],"wp:attachment":[{"href":"https:\/\/myinternetcasinos.com\/de\/wp-json\/wp\/v2\/media?parent=56"}],"curies":[{"name":"wp","href":"https:\/\/api.w.org\/{rel}","templated":true}]}}