{"id":54,"date":"2025-08-04T12:24:30","date_gmt":"2025-08-04T12:24:30","guid":{"rendered":"https:\/\/myinternetcasinos.com\/haeufig-gestellte-fragen-faq-zu-online-casinos\/casino-spiele\/"},"modified":"2025-08-04T12:24:30","modified_gmt":"2025-08-04T12:24:30","slug":"casino-spiele","status":"publish","type":"page","link":"https:\/\/myinternetcasinos.com\/de\/haeufig-gestellte-fragen-faq-zu-online-casinos\/casino-spiele\/","title":{"rendered":"Casino Spiele"},"content":{"rendered":"<h1>Online-Casinospiele<\/h1>\n<p>Heutzutage bietet das Internet Spielern und Hobby-Casinospielern die <strong>M\u00f6glichkeit, online Casinospiele zu spielen<\/strong>. Diese Online-Casinospiele sind so programmiert, dass sie in Bezug auf Gewinnchancen und Auszahlungsraten mit traditionellen Casinos konkurrieren.<\/p>\n<p>Es gibt drei Arten von Online-Casinospielen:<\/p>\n<ol>\n<li>Webbasierte Online-Casinospiele \u2013 Hier k\u00f6nnen Sie Casinospiele spielen, ohne Software herunterladen zu m\u00fcssen.<\/li>\n<li>Downloadbasierte Online-Casinos \u2013 Hier m\u00fcssen Sie die Software herunterladen, um die Casinospiele genie\u00dfen zu k\u00f6nnen.<\/li>\n<li>Live-Casinospiele \u2013 Hier k\u00f6nnen Spieler online mit anderen Spielern kommunizieren.<\/li>\n<\/ol>\n<h2>Die beliebtesten Online-Casinospiele<\/h2>\n<p>Blackjack<\/p>\n<p>Beim Blackjack ziehen Sie Karten und m\u00fcssen so nah wie m\u00f6glich an 21 herankommen, ohne zu \u00fcberkaufen. Haben Spieler und Dealer die gleiche Punktzahl, endet die Runde unentschieden und der Spieler erh\u00e4lt seinen Einsatz zur\u00fcck.<\/p>\n<p>Roulette<\/p>\n<p>Roulette ist der franz\u00f6sische Ausdruck f\u00fcr \u201ekleines Rad\u201c. Spieler haben beim Roulette verschiedene Wettoptionen. Sie k\u00f6nnen beispielsweise auf eine Zahl, einen Zahlenbereich, die Farbe Rot oder Schwarz oder darauf setzen, ob die Zahl gerade oder ungerade ist.<\/p>\n<p>Spielautomaten<\/p>\n<p>Das Ziel von Spielautomaten ist es nat\u00fcrlich, Geld auszuzahlen. Sie dr\u00fccken einfach den Knopf, um die Walzen zum Drehen zu bringen, und gewinnen oder verlieren entsprechend der Auszahlungstabelle des Spielautomaten.<\/p>\n<p>Poker<\/p>\n<p>Online-Pokerspiele erfreuen sich gro\u00dfer Beliebtheit, und es gibt mittlerweile Hunderte von Poker-Websites im Internet. Als Online-Pokerspieler haben Sie die Wahl, um Spielgeld oder Echtgeld zu spielen.<\/p>\n<p>Videopoker<\/p>\n<p>Videopoker ist ein \u00e4u\u00dferst beliebtes Online-Casinospiel, das sowohl Geschick als auch Gl\u00fcck erfordert. Warum hei\u00dft es Videopoker? Sie spielen gegen einen Automaten und Videopoker basiert auf dem Spiel 5 Draw Poker.<\/p>\n","protected":false},"excerpt":{"rendered":"<p>Online-Casinospiele Heutzutage bietet das Internet Spielern und Hobby-Casinospielern die M\u00f6glichkeit, online Casinospiele zu spielen. Diese Online-Casinospiele sind so programmiert, dass sie in Bezug auf Gewinnchancen und Auszahlungsraten mit traditionellen Casinos<\/p>\n<p><a href=\"https:\/\/myinternetcasinos.com\/de\/haeufig-gestellte-fragen-faq-zu-online-casinos\/casino-spiele\/\" class=\"more-link\">Continue Reading<span class=\"screen-reader-text\">Casino Spiele<\/span><\/a><\/p>\n","protected":false},"author":1,"featured_media":0,"parent":50,"menu_order":0,"comment_status":"closed","ping_status":"closed","template":"","meta":{"footnotes":""},"class_list":["post-54","page","type-page","status-publish","hentry"],"_links":{"self":[{"href":"https:\/\/myinternetcasinos.com\/de\/wp-json\/wp\/v2\/pages\/54","targetHints":{"allow":["GET"]}}],"collection":[{"href":"https:\/\/myinternetcasinos.com\/de\/wp-json\/wp\/v2\/pages"}],"about":[{"href":"https:\/\/myinternetcasinos.com\/de\/wp-json\/wp\/v2\/types\/page"}],"author":[{"embeddable":true,"href":"https:\/\/myinternetcasinos.com\/de\/wp-json\/wp\/v2\/users\/1"}],"replies":[{"embeddable":true,"href":"https:\/\/myinternetcasinos.com\/de\/wp-json\/wp\/v2\/comments?post=54"}],"version-history":[{"count":0,"href":"https:\/\/myinternetcasinos.com\/de\/wp-json\/wp\/v2\/pages\/54\/revisions"}],"up":[{"embeddable":true,"href":"https:\/\/myinternetcasinos.com\/de\/wp-json\/wp\/v2\/pages\/50"}],"wp:attachment":[{"href":"https:\/\/myinternetcasinos.com\/de\/wp-json\/wp\/v2\/media?parent=54"}],"curies":[{"name":"wp","href":"https:\/\/api.w.org\/{rel}","templated":true}]}}