{"id":50,"date":"2025-08-02T14:43:49","date_gmt":"2025-08-02T14:43:49","guid":{"rendered":"https:\/\/myinternetcasinos.com\/haeufig-gestellte-fragen-faq-zu-online-casinos\/"},"modified":"2025-08-02T14:43:49","modified_gmt":"2025-08-02T14:43:49","slug":"haeufig-gestellte-fragen-faq-zu-online-casinos","status":"publish","type":"page","link":"https:\/\/myinternetcasinos.com\/de\/haeufig-gestellte-fragen-faq-zu-online-casinos\/","title":{"rendered":"H\u00e4ufig gestellte Fragen (FAQ) zu Online-Casinos"},"content":{"rendered":"<h1>Online Casino FAQ \u2013 H\u00e4ufig gestellte Fragen zu Casinos<\/h1>\n<h3>Wie sicher ist meine Einzahlung?<\/h3>\n<p>Wenn Sie sich f\u00fcr eines der von uns empfohlenen seri\u00f6sen Online-Casinos entscheiden, ist Ihr Geld dort sehr sicher. Kein seri\u00f6ser Anbieter w\u00fcrde seinen Ruf ruinieren, indem er seine Kunden um ihr Geld betr\u00fcgt.<\/p>\n<h3>Wie kann ich Manipulationen meiner Kreditkartendaten verhindern?<\/h3>\n<p>Online-Casinos haben sehr hohe Sicherheitsstandards, und das Manipulationsrisiko ist geringer als beispielsweise bei weniger bekannten Online-Shops. Wer auf Nummer sicher gehen m\u00f6chte, kann jedoch auch andere Einzahlungsoptionen w\u00e4hlen, wie zum Beispiel die beliebten Paysafecards, die wie das Aufladen eines Prepaid-Handys funktionieren und in Tausenden von Filialen gegen Bargeld erh\u00e4ltlich sind. Auch E-Wallet-Anbieter wie Neteller (eine Art Online-Bankkonto) sind interessant.<\/p>\n<h3>Was passiert, wenn ich Gewinne auszahlen lassen m\u00f6chte?<\/h3>\n<p>Casinos bieten hierf\u00fcr verschiedene M\u00f6glichkeiten. Eine R\u00fcckbuchung auf eine Kreditkarte, eine \u00dcberweisung auf ein Bankkonto oder an die E-Wallet-Anbieter Neteller oder Moneybookers oder die Zusendung eines Bankschecks sind m\u00f6glich.<\/p>\n<h3>Wie funktioniert das kostenlose Spielkapital?<\/h3>\n<p>Dieses Spielkapital ist zeitlich begrenzt verf\u00fcgbar. Gewinne k\u00f6nnen vom Spieler ausgezahlt werden, wenn er anschlie\u00dfend eine Mindesteinzahlung t\u00e4tigt.<\/p>\n<h3>Woran erkenne ich, dass das Casino mir in der Anfangsphase keine Gewinne gew\u00e4hrt und meinen Bonus sp\u00e4ter wieder einbeh\u00e4lt?<\/h3>\n<p>Die Spiele in der Anfangsphase sind dieselben wie sp\u00e4ter, und es wird derselbe Zufallszahlengenerator verwendet. Eine solche Praxis, bei der der Spieler zun\u00e4chst eine h\u00f6here Auszahlung erh\u00e4lt, verst\u00f6\u00dft gegen die Vorschriften aller Regulierungsbeh\u00f6rden und wird nicht toleriert.<\/p>\n<h3>Ist Online-Casino-Gl\u00fccksspiel legal?<\/h3>\n<p>Casino-Anbieter haben ihren Sitz in L\u00e4ndern, in denen Gl\u00fccksspiel legal ist. Spieler sind f\u00fcr die Einhaltung der gesetzlichen Bestimmungen an ihrem Wohnsitz verantwortlich. In der Praxis ist es dem Gesetzgeber jedoch unm\u00f6glich zu kontrollieren, wer online spielt.<\/p>\n","protected":false},"excerpt":{"rendered":"<p>Online Casino FAQ \u2013 H\u00e4ufig gestellte Fragen zu Casinos Wie sicher ist meine Einzahlung? Wenn Sie sich f\u00fcr eines der von uns empfohlenen seri\u00f6sen Online-Casinos entscheiden, ist Ihr Geld dort<\/p>\n<p><a href=\"https:\/\/myinternetcasinos.com\/de\/haeufig-gestellte-fragen-faq-zu-online-casinos\/\" class=\"more-link\">Continue Reading<span class=\"screen-reader-text\">H\u00e4ufig gestellte Fragen (FAQ) zu Online-Casinos<\/span><\/a><\/p>\n","protected":false},"author":1,"featured_media":0,"parent":0,"menu_order":0,"comment_status":"closed","ping_status":"closed","template":"","meta":{"footnotes":""},"class_list":["post-50","page","type-page","status-publish","hentry"],"_links":{"self":[{"href":"https:\/\/myinternetcasinos.com\/de\/wp-json\/wp\/v2\/pages\/50","targetHints":{"allow":["GET"]}}],"collection":[{"href":"https:\/\/myinternetcasinos.com\/de\/wp-json\/wp\/v2\/pages"}],"about":[{"href":"https:\/\/myinternetcasinos.com\/de\/wp-json\/wp\/v2\/types\/page"}],"author":[{"embeddable":true,"href":"https:\/\/myinternetcasinos.com\/de\/wp-json\/wp\/v2\/users\/1"}],"replies":[{"embeddable":true,"href":"https:\/\/myinternetcasinos.com\/de\/wp-json\/wp\/v2\/comments?post=50"}],"version-history":[{"count":0,"href":"https:\/\/myinternetcasinos.com\/de\/wp-json\/wp\/v2\/pages\/50\/revisions"}],"wp:attachment":[{"href":"https:\/\/myinternetcasinos.com\/de\/wp-json\/wp\/v2\/media?parent=50"}],"curies":[{"name":"wp","href":"https:\/\/api.w.org\/{rel}","templated":true}]}}