{"id":46,"date":"2025-08-04T12:26:53","date_gmt":"2025-08-04T12:26:53","guid":{"rendered":"https:\/\/myinternetcasinos.com\/casino-strategie\/"},"modified":"2025-08-04T12:53:28","modified_gmt":"2025-08-04T12:53:28","slug":"casino-strategie","status":"publish","type":"page","link":"https:\/\/myinternetcasinos.com\/de\/haeufig-gestellte-fragen-faq-zu-online-casinos\/casino-strategie\/","title":{"rendered":"Casino-Strategie"},"content":{"rendered":"<h1>Online-Casino-Strategie<\/h1>\n<p>Hier erfahren Sie mehr \u00fcber Online-Casino-Strategien. Wie man beim Online-Blackjack gewinnt, welche Strategie beim Roulette Erfolg verspricht und vieles mehr. Man sollte jedoch nicht vergessen, dass es sich um ein Gl\u00fccksspiel handelt und selbst die beste Strategie nicht immer zum Erfolg f\u00fchrt. Wenn Sie mehr Spa\u00df an Strategiespielen haben, sollten Sie sich Online-Poker ansehen \u2013 das aufregendste Strategiespiel der Welt, bei dem Gl\u00fcck nur etwa 30 % ausmacht. Wenn Sie sich mehr auf Ihr Gl\u00fcck verlassen, sollten Sie Online-Lotto spielen.<\/p>\n","protected":false},"excerpt":{"rendered":"<p>Online-Casino-Strategie Hier erfahren Sie mehr \u00fcber Online-Casino-Strategien. Wie man beim Online-Blackjack gewinnt, welche Strategie beim Roulette Erfolg verspricht und vieles mehr. Man sollte jedoch nicht vergessen, dass es sich um<\/p>\n<p><a href=\"https:\/\/myinternetcasinos.com\/de\/haeufig-gestellte-fragen-faq-zu-online-casinos\/casino-strategie\/\" class=\"more-link\">Continue Reading<span class=\"screen-reader-text\">Casino-Strategie<\/span><\/a><\/p>\n","protected":false},"author":1,"featured_media":0,"parent":50,"menu_order":0,"comment_status":"closed","ping_status":"closed","template":"","meta":{"footnotes":""},"class_list":["post-46","page","type-page","status-publish","hentry"],"_links":{"self":[{"href":"https:\/\/myinternetcasinos.com\/de\/wp-json\/wp\/v2\/pages\/46","targetHints":{"allow":["GET"]}}],"collection":[{"href":"https:\/\/myinternetcasinos.com\/de\/wp-json\/wp\/v2\/pages"}],"about":[{"href":"https:\/\/myinternetcasinos.com\/de\/wp-json\/wp\/v2\/types\/page"}],"author":[{"embeddable":true,"href":"https:\/\/myinternetcasinos.com\/de\/wp-json\/wp\/v2\/users\/1"}],"replies":[{"embeddable":true,"href":"https:\/\/myinternetcasinos.com\/de\/wp-json\/wp\/v2\/comments?post=46"}],"version-history":[{"count":1,"href":"https:\/\/myinternetcasinos.com\/de\/wp-json\/wp\/v2\/pages\/46\/revisions"}],"predecessor-version":[{"id":52,"href":"https:\/\/myinternetcasinos.com\/de\/wp-json\/wp\/v2\/pages\/46\/revisions\/52"}],"up":[{"embeddable":true,"href":"https:\/\/myinternetcasinos.com\/de\/wp-json\/wp\/v2\/pages\/50"}],"wp:attachment":[{"href":"https:\/\/myinternetcasinos.com\/de\/wp-json\/wp\/v2\/media?parent=46"}],"curies":[{"name":"wp","href":"https:\/\/api.w.org\/{rel}","templated":true}]}}