{"id":44,"date":"2025-08-04T12:19:37","date_gmt":"2025-08-04T12:19:37","guid":{"rendered":"https:\/\/myinternetcasinos.com\/was-online-casinos-zu-bieten-haben\/"},"modified":"2025-08-04T12:53:28","modified_gmt":"2025-08-04T12:53:28","slug":"was-online-casinos-zu-bieten-haben","status":"publish","type":"page","link":"https:\/\/myinternetcasinos.com\/de\/haeufig-gestellte-fragen-faq-zu-online-casinos\/was-online-casinos-zu-bieten-haben\/","title":{"rendered":"Was Online-Casinos zu bieten haben"},"content":{"rendered":"<h1>Was Online-Casinos zu bieten haben<\/h1>\n<p>Online-Casinos erm\u00f6glichen es Nutzern, ihre Lieblingsspiele bequem von zu Hause aus zu spielen. Einzige Voraussetzung ist ein Internetzugang. Dank moderner Technologie k\u00f6nnen Spieler sogar mobil auf Online-Casinos zugreifen. Ob zu Hause, unterwegs im Park, an der Bushaltestelle oder auf Reisen \u2013 das spannende Spielerlebnis in Online-Casinos ist \u00fcberall m\u00f6glich.<\/p>\n<p>Die Spielvielfalt von Online-Casinos ist ein gro\u00dfer Vorteil. Online-Casinos bieten eine gro\u00dfe Auswahl an Casinospielen wie Roulette, Slots, Blackjack, Poker, Bingo, Baccarat und vielen mehr. Anf\u00e4nger haben die M\u00f6glichkeit, das Spiel zu erlernen, w\u00e4hrend erfahrene Spieler eine F\u00fclle zus\u00e4tzlicher Optionen haben. Wer ein einfaches Online-Spiel genie\u00dfen m\u00f6chte, kann sich f\u00fcr Online-Rubbellose entscheiden. Rubbellose garantieren jede Menge Spa\u00df und hohe Gewinne.<\/p>\n<p><a href=\"http:\/\/www.onlinewette24.de\" target=\"_blank\" rel=\"noopener\">Sportwetten<\/a> sind ein weiteres spannendes Angebot von Online-Casinos. Zu den Vorteilen von Online-Casinos z\u00e4hlen die atemberaubenden Bonusangebote, die die meisten Spieler anziehen. Es gibt verschiedene Arten von Boni, wie Willkommensboni, Einzahlungsboni, Aktionsboni und vieles mehr. Zahlreiche Online-Casinos bieten weitere attraktive Pr\u00e4mien. Anders als in landbasierten Casinos k\u00f6nnen Spieler in Online-Casinos keine kostenlosen Mahlzeiten, Getr\u00e4nke, Unterk\u00fcnfte usw. erwarten. Daher sind hohe Bargeldboni eine M\u00f6glichkeit, Spieler anzulocken.<\/p>\n<p>F\u00fcr clevere Spieler gibt es in Online-Casinos Spiele wie Blackjack, Poker, Bingo, Baccarat usw. \u2013 Spiele, die ein gewisses Ma\u00df an Strategie erfordern. Jeder Online-Casino-Spieler sollte vor dem Spiel die Regeln und Richtlinien der jeweiligen Website pr\u00fcfen. Die Seriosit\u00e4t und Zuverl\u00e4ssigkeit der Websites l\u00e4sst sich durch das Lesen von Online-Casino-Bewertungen \u00fcberpr\u00fcfen.<\/p>\n","protected":false},"excerpt":{"rendered":"<p>Was Online-Casinos zu bieten haben Online-Casinos erm\u00f6glichen es Nutzern, ihre Lieblingsspiele bequem von zu Hause aus zu spielen. Einzige Voraussetzung ist ein Internetzugang. Dank moderner Technologie k\u00f6nnen Spieler sogar mobil<\/p>\n<p><a href=\"https:\/\/myinternetcasinos.com\/de\/haeufig-gestellte-fragen-faq-zu-online-casinos\/was-online-casinos-zu-bieten-haben\/\" class=\"more-link\">Continue Reading<span class=\"screen-reader-text\">Was Online-Casinos zu bieten haben<\/span><\/a><\/p>\n","protected":false},"author":1,"featured_media":0,"parent":50,"menu_order":0,"comment_status":"closed","ping_status":"closed","template":"","meta":{"footnotes":""},"class_list":["post-44","page","type-page","status-publish","hentry"],"_links":{"self":[{"href":"https:\/\/myinternetcasinos.com\/de\/wp-json\/wp\/v2\/pages\/44","targetHints":{"allow":["GET"]}}],"collection":[{"href":"https:\/\/myinternetcasinos.com\/de\/wp-json\/wp\/v2\/pages"}],"about":[{"href":"https:\/\/myinternetcasinos.com\/de\/wp-json\/wp\/v2\/types\/page"}],"author":[{"embeddable":true,"href":"https:\/\/myinternetcasinos.com\/de\/wp-json\/wp\/v2\/users\/1"}],"replies":[{"embeddable":true,"href":"https:\/\/myinternetcasinos.com\/de\/wp-json\/wp\/v2\/comments?post=44"}],"version-history":[{"count":1,"href":"https:\/\/myinternetcasinos.com\/de\/wp-json\/wp\/v2\/pages\/44\/revisions"}],"predecessor-version":[{"id":51,"href":"https:\/\/myinternetcasinos.com\/de\/wp-json\/wp\/v2\/pages\/44\/revisions\/51"}],"up":[{"embeddable":true,"href":"https:\/\/myinternetcasinos.com\/de\/wp-json\/wp\/v2\/pages\/50"}],"wp:attachment":[{"href":"https:\/\/myinternetcasinos.com\/de\/wp-json\/wp\/v2\/media?parent=44"}],"curies":[{"name":"wp","href":"https:\/\/api.w.org\/{rel}","templated":true}]}}