{"id":38,"date":"2025-08-04T12:15:07","date_gmt":"2025-08-04T12:15:07","guid":{"rendered":"https:\/\/myinternetcasinos.com\/comment-jouer-aux-loteries-americaines-en-ligne\/"},"modified":"2025-08-04T12:44:53","modified_gmt":"2025-08-04T12:44:53","slug":"comment-jouer-aux-loteries-americaines-en-ligne","status":"publish","type":"page","link":"https:\/\/myinternetcasinos.com\/de\/geschicklichkeitsbasierte-online-spiele\/comment-jouer-aux-loteries-americaines-en-ligne\/","title":{"rendered":"So spielen Sie US-Lotterien online"},"content":{"rendered":"<p>M\u00f6chten Sie an US-Lotterien teilnehmen? In den USA gibt es einige der gr\u00f6\u00dften Lotterien der Welt, darunter Powerball und Mega Millions. Diese Lotterien stehen allen Einwohnern der USA offen. Wenn Sie jedoch au\u00dferhalb der USA leben, fragen Sie sich vielleicht, wie Sie an der US-Lotterie teilnehmen k\u00f6nnen. Sie k\u00f6nnen dies tun, indem Sie <a href=\"https:\/\/simbalotto.com\/buy-lottery-tickets-online\/\" target=\"_blank\" rel=\"noopener\">Lottoscheine online kaufen<\/a>.<\/p>\n<p>&nbsp;<\/p>\n<h2>Sind Online-Lose echt?<\/h2>\n<p>Sie k\u00f6nnen Lottoscheine problemlos online kaufen, aber seien Sie vorsichtig. Die meisten US-Lotterien stehen allen Einwohnern der USA offen, es gibt jedoch auch einige Online-Lotterieanbieter. Diese Anbieter erm\u00f6glichen Ihnen den Zugang zu den wichtigsten internationalen Lotterien von \u00fcberall auf der Welt.<\/p>\n<p>&nbsp;<\/p>\n<p>Beachten Sie, dass es einige Lotterieseiten gibt, auf denen Sie nur auf den Ausgang der Lotterie wetten k\u00f6nnen. Achten Sie darauf, dass Sie Seiten nutzen, die Ihnen Zugang zu <a href=\"https:\/\/simbalotto.com\/play-online\/mega-millions\/\" target=\"_blank\" rel=\"noopener\">US-Lotterien<\/a> bieten, wie z. B. simbalotto.com.<\/p>\n<p>&nbsp;<\/p>\n<h2>So kaufen Sie Lottoscheine online<\/h2>\n<p>Wenn Sie Lottoscheine online kaufen, w\u00e4hlen Sie zun\u00e4chst die gew\u00fcnschte Lotterie aus. W\u00e4hlen Sie zum Beispiel Powerball, w\u00e4hlen Sie Ihre Zahlen und dann die Ziehung, an der Sie teilnehmen m\u00f6chten. Bezahlen Sie anschlie\u00dfend Ihren Schein.<\/p>\n<p>&nbsp;<\/p>\n<p>Bei den meisten Seiten m\u00fcssen Sie sich vor der Bezahlung registrieren. Nach der Registrierung k\u00f6nnen Sie Ihre Gewinne direkt auf der Website auszahlen lassen. Wenn Sie also noch heute an US-Lotterien teilnehmen m\u00f6chten, besuchen Sie <a href=\"https:\/\/simbalotto.com\" target=\"_blank\" rel=\"noopener\">simbalotto.com<\/a>.<\/p>\n<p>er des billets de loterie en ligne, mais soyez prudent. La plupart des loteries am\u00e9ricaines sont ouvertes aux r\u00e9sidents am\u00e9ricains, mais il existe des vendeurs de billets en ligne. Ces fournisseurs vous donnent acc\u00e8s aux meilleures loteries internationales du monde entier.<\/p>\n<p>&nbsp;<\/p>\n<p>Notez que certains sites de loterie ne vous permettent de parier que sur le r\u00e9sultat du tirage. Il est important de v\u00e9rifier que vous utilisez des sites donnant acc\u00e8s aux <a href=\"https:\/\/simbalotto.com\/play-online\/mega-millions\/\" target=\"_blank\" rel=\"noopener\">loteries am\u00e9ricaines<\/a>, comme simbalotto.com.<\/p>\n<p>&nbsp;<\/p>\n<h2>Comment acheter des billets de loterie en ligne<\/h2>\n<p>Si vous utilisez un site en ligne pour acheter des billets de loterie, la premi\u00e8re \u00e9tape consiste \u00e0 choisir la loterie \u00e0 laquelle vous souhaitez jouer. Par exemple, choisissez Powerball, choisissez vos num\u00e9ros, puis le tirage auquel vous souhaitez participer. Ensuite, payez votre billet.<\/p>\n<p>&nbsp;<\/p>\n<p>La plupart des sites vous demanderont de vous inscrire au moment du paiement. Lors de votre inscription, vous pouvez encaisser vos gains directement depuis le site. Si vous souhaitez jouer aux loteries am\u00e9ricaines d\u00e8s aujourd&#8217;hui, <a href=\"https:\/\/simbalotto.com\" target=\"_blank\" rel=\"noopener\">rendez-vous sur simbalotto.com<\/a>.<\/p>\n","protected":false},"excerpt":{"rendered":"<p>M\u00f6chten Sie an US-Lotterien teilnehmen? In den USA gibt es einige der gr\u00f6\u00dften Lotterien der Welt, darunter Powerball und Mega Millions. Diese Lotterien stehen allen Einwohnern der USA offen. Wenn<\/p>\n<p><a href=\"https:\/\/myinternetcasinos.com\/de\/geschicklichkeitsbasierte-online-spiele\/comment-jouer-aux-loteries-americaines-en-ligne\/\" class=\"more-link\">Continue Reading<span class=\"screen-reader-text\">So spielen Sie US-Lotterien online<\/span><\/a><\/p>\n","protected":false},"author":1,"featured_media":0,"parent":42,"menu_order":0,"comment_status":"closed","ping_status":"closed","template":"","meta":{"footnotes":""},"class_list":["post-38","page","type-page","status-publish","hentry"],"_links":{"self":[{"href":"https:\/\/myinternetcasinos.com\/de\/wp-json\/wp\/v2\/pages\/38","targetHints":{"allow":["GET"]}}],"collection":[{"href":"https:\/\/myinternetcasinos.com\/de\/wp-json\/wp\/v2\/pages"}],"about":[{"href":"https:\/\/myinternetcasinos.com\/de\/wp-json\/wp\/v2\/types\/page"}],"author":[{"embeddable":true,"href":"https:\/\/myinternetcasinos.com\/de\/wp-json\/wp\/v2\/users\/1"}],"replies":[{"embeddable":true,"href":"https:\/\/myinternetcasinos.com\/de\/wp-json\/wp\/v2\/comments?post=38"}],"version-history":[{"count":1,"href":"https:\/\/myinternetcasinos.com\/de\/wp-json\/wp\/v2\/pages\/38\/revisions"}],"predecessor-version":[{"id":41,"href":"https:\/\/myinternetcasinos.com\/de\/wp-json\/wp\/v2\/pages\/38\/revisions\/41"}],"up":[{"embeddable":true,"href":"https:\/\/myinternetcasinos.com\/de\/wp-json\/wp\/v2\/pages\/42"}],"wp:attachment":[{"href":"https:\/\/myinternetcasinos.com\/de\/wp-json\/wp\/v2\/media?parent=38"}],"curies":[{"name":"wp","href":"https:\/\/api.w.org\/{rel}","templated":true}]}}