{"id":36,"date":"2025-08-02T14:37:57","date_gmt":"2025-08-02T14:37:57","guid":{"rendered":"https:\/\/myinternetcasinos.com\/heim\/"},"modified":"2025-08-27T06:10:43","modified_gmt":"2025-08-27T06:10:43","slug":"heim","status":"publish","type":"page","link":"https:\/\/myinternetcasinos.com\/de\/","title":{"rendered":"Heim"},"content":{"rendered":"<h2>Internet-Casino-Bewertungen \u2013 die besten Casinos im Internet<\/h2>\n<p>Das Ziel von <strong>MyInternetCasinos.com<\/strong> ist es, Ihnen die neuesten Informationen und <strong>Bewertungen von Internet-Casinos<\/strong> zu bieten. Online-Casinospiele machen gro\u00dfen Spa\u00df, aber es ist wichtig, gut informiert zu sein: Spielorte, die verschiedenen Casino-Bonusangebote und Aktionen, Sicherheitsaspekte, Einzahlungsm\u00f6glichkeiten und vieles mehr.<\/p>\n<p>Auf unserer Website finden Sie all diese Informationen. Wir haben einen umfassenden <a href=\"http:\/\/www.gambling6.com\" target=\"_blank\" rel=\"noopener\">Test der besten Internet-Casinos<\/a> durchgef\u00fchrt. Unsere Testkriterien umfassen Casino-Software, Spielauswahl, Auszahlungsquoten, Sicherheitsstandards, Kundensupport und vieles mehr.<\/p>\n<p>Viele Online-Spieler sch\u00e4tzen Internet-Casinos mit Optionen wie Sportwetten, Online-Poker, Bingo usw. Wenn Sie eine Casino-Bewertung suchen und wissen m\u00f6chten, ob das Casino Spieler aus den USA akzeptiert, <a href=\"index.php?option=com_content&amp;view=article&amp;id=92&amp;Itemid=197\"><span style=\"text-decoration: underline;\">lesen Sie unsere Slotland-Bewertung<\/span><\/a>. Slotland ist zweifellos die beste Option f\u00fcr Spieler mit Wohnsitz in den USA. Es bietet zahlreiche bequeme und sichere Einzahlungsm\u00f6glichkeiten f\u00fcr US-Spieler.<\/p>\n<ul>\n<li>Um die <strong>Bewertungen der besten Internet-Casinos<\/strong> zu sehen, w\u00e4hlen Sie einfach eines der oben genannten Casinos aus. Weitere Casino-Bewertungen finden Sie, indem Sie in der rechten Spalte auf das Men\u00fc \u201eInternet-Casino-Bewertungen\u201c klicken.<\/li>\n<li>Auf MyInternetCasinos.com halten wir Sie au\u00dferdem \u00fcber neue Aktionen und die spannendsten Spiele im Internet auf dem Laufenden.<\/li>\n<li>Suchen Sie nach Tipps f\u00fcr die beste Casino-Strategie? Auch die haben wir.<\/li>\n<li>Viele Online-Casinos bieten Ihnen die M\u00f6glichkeit, ihre Spiele kostenlos auszuprobieren \u2013 mit der Freispiel- oder Gratis-Casino-Geld-Aktion m\u00fcssen Sie nicht einmal eigenes Geld einzahlen, um die Casino-Spiele auszuprobieren. Und das Beste: Sie k\u00f6nnen <a href=\"https:\/\/www.bestuscasinos.org\/games\/slots\/\" target=\"_blank\" rel=\"noopener\">Online-Slots um Echtgeld spielen<\/a> und einen Gro\u00dfteil Ihrer Gewinne behalten (hierf\u00fcr m\u00fcssen Sie allerdings eine eigene Einzahlung t\u00e4tigen!)<\/li>\n<\/ul>\n<h3>Genie\u00dfen Sie die besten Casinos im Internet \u2013 Viel Gl\u00fcck!<\/h3>\n<p>&nbsp;<\/p>\n","protected":false},"excerpt":{"rendered":"<p>Internet-Casino-Bewertungen \u2013 die besten Casinos im Internet Das Ziel von MyInternetCasinos.com ist es, Ihnen die neuesten Informationen und Bewertungen von Internet-Casinos zu bieten. Online-Casinospiele machen gro\u00dfen Spa\u00df, aber es ist<\/p>\n<p><a href=\"https:\/\/myinternetcasinos.com\/de\/\" class=\"more-link\">Continue Reading<span class=\"screen-reader-text\">Heim<\/span><\/a><\/p>\n","protected":false},"author":1,"featured_media":0,"parent":0,"menu_order":0,"comment_status":"closed","ping_status":"closed","template":"","meta":{"footnotes":""},"class_list":["post-36","page","type-page","status-publish","hentry"],"_links":{"self":[{"href":"https:\/\/myinternetcasinos.com\/de\/wp-json\/wp\/v2\/pages\/36","targetHints":{"allow":["GET"]}}],"collection":[{"href":"https:\/\/myinternetcasinos.com\/de\/wp-json\/wp\/v2\/pages"}],"about":[{"href":"https:\/\/myinternetcasinos.com\/de\/wp-json\/wp\/v2\/types\/page"}],"author":[{"embeddable":true,"href":"https:\/\/myinternetcasinos.com\/de\/wp-json\/wp\/v2\/users\/1"}],"replies":[{"embeddable":true,"href":"https:\/\/myinternetcasinos.com\/de\/wp-json\/wp\/v2\/comments?post=36"}],"version-history":[{"count":1,"href":"https:\/\/myinternetcasinos.com\/de\/wp-json\/wp\/v2\/pages\/36\/revisions"}],"predecessor-version":[{"id":229,"href":"https:\/\/myinternetcasinos.com\/de\/wp-json\/wp\/v2\/pages\/36\/revisions\/229"}],"wp:attachment":[{"href":"https:\/\/myinternetcasinos.com\/de\/wp-json\/wp\/v2\/media?parent=36"}],"curies":[{"name":"wp","href":"https:\/\/api.w.org\/{rel}","templated":true}]}}