{"id":32,"date":"2025-08-04T12:11:54","date_gmt":"2025-08-04T12:11:54","guid":{"rendered":"https:\/\/myinternetcasinos.com\/die-groessten-lotto-jackpots-der-geschichte\/"},"modified":"2025-08-04T12:11:54","modified_gmt":"2025-08-04T12:11:54","slug":"die-groessten-lotto-jackpots-der-geschichte","status":"publish","type":"page","link":"https:\/\/myinternetcasinos.com\/de\/die-groessten-lotto-jackpots-der-geschichte\/","title":{"rendered":"Die gr\u00f6\u00dften Lotto-Jackpots der Geschichte"},"content":{"rendered":"<h1>Geschichte des gr\u00f6\u00dften Lotto-Jackpots<\/h1>\n<p>Die gr\u00f6\u00dften Lotto-Jackpots haben etwas Magisches an sich, und es ist kein Wunder, dass die Menschen ihre nationalen Lotto-Jackpots immer weiter wachsen sehen, bis jemand gewinnt. Obwohl jeder jede Woche einen Gewinner sehen m\u00f6chte, ist es auch cool, wenn es keinen Gewinner gibt, was einen gr\u00f6\u00dferen Jackpot f\u00fcr die n\u00e4chste Ziehung bedeutet. Wenn jemand herausfinden k\u00f6nnte, wie man den gr\u00f6\u00dften Lotto-Jackpot gewinnen kann, w\u00e4re das ein Wunder. Vorerst m\u00fcssen wir also nur von diesen gigantischen Preisen tr\u00e4umen.<\/p>\n<h2>Lotto-Jackpot: Viele Gewinner<\/h2>\n<p>Der gr\u00f6\u00dfte Lotto-Jackpot wurde 2016 an drei Gewinner ausgezahlt. Die Gewinnsumme von 1,6 Milliarden Dollar wurde beim Powerball gewonnen und wird noch von einem anderen Lotto-Jackpot \u00fcbertroffen. Selbst wenn die Gewinnsumme geteilt wurde, erzielte jeder Gewinner einen Rekordgewinn bei Lotterien. Oftmals gibt es einen riesigen Lotto-Jackpot, doch wenn er auf viele Gewinner aufgeteilt wird, erkennt keiner von ihnen, wie gro\u00df der tats\u00e4chliche Jackpot war.<\/p>\n<h2>Lotto-Jackpot: Ein Gewinner<\/h2>\n<p><img loading=\"lazy\" decoding=\"async\" src=\"images\/lottery_winner.jpg\" alt=\"Powerball-Jackpot aus Gro\u00dfbritannien\" width=\"167\" height=\"250\" style=\"margin: 1px; float: right;\" \/>Wenn ein Gewinner den <a href=\"https:\/\/www.jackpotlotteryonline.com\" target=\"_blank\" rel=\"noopener noreferrer\">gr\u00f6\u00dften Lotto-Jackpot<\/a> mit nach Hause nimmt, staunen alle. Es ist etwas ganz Besonderes, wenn ein einzelner Mensch mehr gewinnt, als er in seinem Leben ausgeben kann. Es scheint so unwirklich, den gr\u00f6\u00dften Lotto-Jackpot zu knacken, und doch passiert es. Kein Wunder, dass die Gewinner der gr\u00f6\u00dften Lotto-Jackpots anonym bleiben m\u00f6chten, sonst w\u00fcrden sie ihr Leben lang gejagt!<\/p>\n<h2><span style=\"font-size: 12pt;\">Den gr\u00f6\u00dften Lotto-Jackpot finden<\/span><\/h2>\n<p>Um den gr\u00f6\u00dften Lotto-Jackpot zu finden, nutzen Sie unsere Website. Dort finden Sie st\u00e4ndig aktuelle Neuigkeiten zu Lotterien und ihren Jackpots. So finden Sie heraus, wo Sie spielen sollten, wenn Sie auf der Suche nach den Millionen sind. Vergessen Sie nicht, sich \u00fcber die Gewinnchancen und Statistiken der gr\u00f6\u00dften Lotto-Jackpots zu informieren. Auch wenn letztendlich das Gl\u00fcck \u00fcber Ihren Gewinn entscheidet, k\u00f6nnen Sie klug sein und auf die Lotto-Jackpots setzen, bei denen Sie die besten Gewinnchancen haben. RedFoxLotto hilft Ihnen, Zugang zu allen gro\u00dfen Jackpot-Lotterien weltweit zu erhalten. <a href=\"https:\/\/redfoxlotto.com\/?ref=A8564250A2&amp;medium=pwb\" target=\"_blank\" rel=\"noopener noreferrer\"><strong><span style=\"text-decoration: underline;\">Klicken Sie hier, um Ihren Lottoschein jetzt online bei RedFoxLotto zu kaufen!<\/span><\/strong><\/a><\/p>\n<h2>Den Jackpot knacken<\/h2>\n<p>Viele Spieler denken f\u00e4lschlicherweise, dass es beim Jackpot-Gewinn nur ums Geld geht. Wenn sich alles nur auf den gr\u00f6\u00dften Lotto-Jackpot konzentriert, k\u00f6nnte man meinen, das sei alles, was z\u00e4hlt. Tats\u00e4chlich ist es aber gerade die Chance auf den gr\u00f6\u00dften Lotto-Jackpot, die das Spiel so spannend macht. Spieler sollten nicht w\u00fctend oder traurig sein, wenn sie ihn nicht gewinnen. Die Wahrheit ist: Den gr\u00f6\u00dften Lotto-Jackpot werden Sie h\u00f6chstwahrscheinlich nicht knacken. Spielen Sie also mit und haben Sie Spa\u00df daran, ihn zu gewinnen. Eine Zahl vom gro\u00dfen Gewinn entfernt ist kein Misserfolg, sondern ein gro\u00dfartiges Erlebnis. Denken Sie so, und Ihre Lottospiele werden immer ein Gewinn sein!<\/p>\n","protected":false},"excerpt":{"rendered":"<p>Geschichte des gr\u00f6\u00dften Lotto-Jackpots Die gr\u00f6\u00dften Lotto-Jackpots haben etwas Magisches an sich, und es ist kein Wunder, dass die Menschen ihre nationalen Lotto-Jackpots immer weiter wachsen sehen, bis jemand gewinnt.<\/p>\n<p><a href=\"https:\/\/myinternetcasinos.com\/de\/die-groessten-lotto-jackpots-der-geschichte\/\" class=\"more-link\">Continue Reading<span class=\"screen-reader-text\">Die gr\u00f6\u00dften Lotto-Jackpots der Geschichte<\/span><\/a><\/p>\n","protected":false},"author":1,"featured_media":0,"parent":0,"menu_order":0,"comment_status":"closed","ping_status":"closed","template":"","meta":{"footnotes":""},"class_list":["post-32","page","type-page","status-publish","hentry"],"_links":{"self":[{"href":"https:\/\/myinternetcasinos.com\/de\/wp-json\/wp\/v2\/pages\/32","targetHints":{"allow":["GET"]}}],"collection":[{"href":"https:\/\/myinternetcasinos.com\/de\/wp-json\/wp\/v2\/pages"}],"about":[{"href":"https:\/\/myinternetcasinos.com\/de\/wp-json\/wp\/v2\/types\/page"}],"author":[{"embeddable":true,"href":"https:\/\/myinternetcasinos.com\/de\/wp-json\/wp\/v2\/users\/1"}],"replies":[{"embeddable":true,"href":"https:\/\/myinternetcasinos.com\/de\/wp-json\/wp\/v2\/comments?post=32"}],"version-history":[{"count":0,"href":"https:\/\/myinternetcasinos.com\/de\/wp-json\/wp\/v2\/pages\/32\/revisions"}],"wp:attachment":[{"href":"https:\/\/myinternetcasinos.com\/de\/wp-json\/wp\/v2\/media?parent=32"}],"curies":[{"name":"wp","href":"https:\/\/api.w.org\/{rel}","templated":true}]}}