{"id":217,"date":"2025-08-02T14:37:57","date_gmt":"2025-08-02T14:37:57","guid":{"rendered":"https:\/\/myinternetcasinos.com\/hjem\/"},"modified":"2025-08-02T14:37:57","modified_gmt":"2025-08-02T14:37:57","slug":"hjem","status":"publish","type":"page","link":"https:\/\/myinternetcasinos.com\/da\/","title":{"rendered":"Hjem"},"content":{"rendered":"<h2>Anmeldelser af internetcasinoer &#8211; de bedste casinoer p\u00e5 internettet<\/h2>\n<p>M\u00e5let med <strong>MyInternetCasinos.com<\/strong> er at give dig den seneste information og <strong>anmeldelser af internetcasinoer<\/strong>. Det er sjovt at spille p\u00e5 online casino, men det er vigtigt at v\u00e6re godt informeret om, hvor man kan spille, de forskellige casinobonustilbud og kampagner, sikkerhedsproblemer, indbetalingsmuligheder og meget mere.<\/p>\n<p>P\u00e5 vores hjemmeside kan du finde alle disse oplysninger. Vi har k\u00f8rt en omfattende <a href=\"http:\/\/www.gambling6.com\" target=\"_blank\" rel=\"noopener\">test af de bedste internetcasinoer<\/a>. Vores testkriterier inkluderer casinosoftware, spiludvalg, udbetalingsprocenter, sikkerhedsstandarder, kundesupport og meget mere.<\/p>\n<p>Mange online spillere kan lide internetcasinoer med muligheder som sportsv\u00e6ddem\u00e5l, online poker, bingo osv. Hvis du leder efter en casinoanmeldelse og spekulerer p\u00e5, om casinoet accepterer amerikanske spillere, s\u00e5 <a href=\"index.php?option=com_content&amp;view=article&amp;id=92&amp;Itemid=197\"><span style=\"text-decoration: underline;\">tjek vores Slotland-anmeldelse<\/span><\/a>. Dette er uden tvivl den bedste mulighed for spillere, der bor i USA. Slotland har en r\u00e6kke bekvemme og sikre casinoindbetalingsmuligheder, som amerikanske spillere kan bruge.<\/p>\n<ul>\n<li>For at se <strong>anmeldelser af de bedste internetcasinoer<\/strong> skal du blot v\u00e6lge et af casinoerne ovenfor. Find flere casinoanmeldelser ved at klikke p\u00e5 menuen &#8220;Internet Casino Anmeldelser&#8221; i kolonnen til h\u00f8jre.<\/li>\n<li>P\u00e5 MyInternetCasinos.com holder vi dig ogs\u00e5 opdateret om nye kampagner og de mest sp\u00e6ndende spil, du kan spille p\u00e5 internettet.<\/li>\n<li>Leder du efter tips til, hvilken casinostrategi der giver dig de bedste resultater? Det har vi ogs\u00e5.<\/li>\n<li>Mange casinoer p\u00e5 internettet giver dig mulighed for at pr\u00f8ve deres spil gratis &#8211; med gratis spins eller gratis casinopenge-kampagnen beh\u00f8ver du ikke engang at indbetale dine egne penge for at pr\u00f8ve deres casinospil. Og det bedste er, at du kan <a href=\"https:\/\/www.bestuscasinos.org\/games\/slots\/\" target=\"_blank\" rel=\"noopener\">spille spilleautomater online med rigtige penge<\/a> og ogs\u00e5 beholde en god del af dine gevinster (selvom du selv skal indbetale penge for at g\u00f8re dette!)<\/li>\n<\/ul>\n<h3>Nyd de bedste casinoer p\u00e5 internettet &#8211; Held og lykke!<\/h3>\n","protected":false},"excerpt":{"rendered":"<p>Anmeldelser af internetcasinoer &#8211; de bedste casinoer p\u00e5 internettet M\u00e5let med MyInternetCasinos.com er at give dig den seneste information og anmeldelser af internetcasinoer. Det er sjovt at spille p\u00e5 online<\/p>\n<p><a href=\"https:\/\/myinternetcasinos.com\/da\/\" class=\"more-link\">Continue Reading<span class=\"screen-reader-text\">Hjem<\/span><\/a><\/p>\n","protected":false},"author":1,"featured_media":0,"parent":0,"menu_order":0,"comment_status":"closed","ping_status":"closed","template":"","meta":{"footnotes":""},"class_list":["post-217","page","type-page","status-publish","hentry"],"_links":{"self":[{"href":"https:\/\/myinternetcasinos.com\/da\/wp-json\/wp\/v2\/pages\/217","targetHints":{"allow":["GET"]}}],"collection":[{"href":"https:\/\/myinternetcasinos.com\/da\/wp-json\/wp\/v2\/pages"}],"about":[{"href":"https:\/\/myinternetcasinos.com\/da\/wp-json\/wp\/v2\/types\/page"}],"author":[{"embeddable":true,"href":"https:\/\/myinternetcasinos.com\/da\/wp-json\/wp\/v2\/users\/1"}],"replies":[{"embeddable":true,"href":"https:\/\/myinternetcasinos.com\/da\/wp-json\/wp\/v2\/comments?post=217"}],"version-history":[{"count":0,"href":"https:\/\/myinternetcasinos.com\/da\/wp-json\/wp\/v2\/pages\/217\/revisions"}],"wp:attachment":[{"href":"https:\/\/myinternetcasinos.com\/da\/wp-json\/wp\/v2\/media?parent=217"}],"curies":[{"name":"wp","href":"https:\/\/api.w.org\/{rel}","templated":true}]}}