{"id":1207,"date":"2025-08-04T12:11:54","date_gmt":"2025-08-04T12:11:54","guid":{"rendered":"https:\/\/myinternetcasinos.com\/?page_id=1207"},"modified":"2026-01-20T08:24:35","modified_gmt":"2026-01-20T08:24:35","slug":"de-stoerste-lottojackpots-i-historien","status":"publish","type":"page","link":"https:\/\/myinternetcasinos.com\/da\/de-stoerste-lottojackpots-i-historien\/","title":{"rendered":"De st\u00f8rste lottojackpots i historien"},"content":{"rendered":"<h1>Historiens st\u00f8rste lottojackpot<\/h1>\n<p>Der er noget <strong>magisk ved de st\u00f8rste lottojackpots<\/strong>, og det er ikke underligt, at folk f\u00f8lger med i, hvordan deres nationale lottojackpots vokser, indtil nogen vinder. Selvom alle \u00f8nsker at se en vinder hver uge, er der ogs\u00e5 noget fedt ved ingen vinder, hvilket betyder en st\u00f8rre jackpot til den n\u00e6ste tr\u00e6kning. Hvis nogen kunne finde ud af, hvordan man kan sikre sig at vinde den st\u00f8rste lottojackpot, ville det v\u00e6re et mirakel, s\u00e5 i mellemtiden m\u00e5 vi bare dr\u00f8mme om de gigantiske pr\u00e6mier.<\/p>\n<h2>Lottojackpot Mange vindere<\/h2>\n<p>Den st\u00f8rste lottojackpot blev udbetalt til tre vindere i 2016. Pr\u00e6miesummen p\u00e5 1,6 milliarder dollars blev vundet p\u00e5 Powerball, og den skal stadig overg\u00e5s af en anden lottojackpot. Selv hvis pr\u00e6miesummen blev delt, opn\u00e5ede hver vinder stadig en rekord i gevinster i lotterier. Mange gange kan der v\u00e6re en enorm lottojackpot, men hvis den deles mellem mange vindere, vil hver enkelt ikke fornemme, hvor enorm den faktiske jackpot var. <\/p>\n<h2>Lotto Jackpot \u00c9n Vinder<\/h2>\n<p><a href=\"http:\/\/affiliates.redfoxlotto.com\/\/idevaffiliate.php?id=40\" target=\"_blank\" rel=\"noopener\"><img loading=\"lazy\" decoding=\"async\" class=\"alignnone wp-image-1161 size-medium\" src=\"https:\/\/myinternetcasinos.com\/wp-content\/uploads\/2026\/01\/lottery-jackpot-ticket-template-with-numbers-292x300.webp\" alt=\"\" width=\"292\" height=\"300\" srcset=\"https:\/\/myinternetcasinos.com\/wp-content\/uploads\/2026\/01\/lottery-jackpot-ticket-template-with-numbers-292x300.webp 292w, https:\/\/myinternetcasinos.com\/wp-content\/uploads\/2026\/01\/lottery-jackpot-ticket-template-with-numbers.webp 596w\" sizes=\"auto, (max-width: 292px) 100vw, 292px\" \/><\/a>N\u00e5r \u00e9n vinder tager <a href=\"https:\/\/affiliates.redfoxlotto.com\/\/idevaffiliate.php?id=40_1\" target=\"_blank\" rel=\"noopener\">den st\u00f8rste lotto jackpot<\/a> med hjem, ser alle p\u00e5 det med \u00e6refrygt. Der er noget s\u00e5 specielt ved \u00e9n person, der vinder mere, end han kan bruge i et helt liv. Det virker bare s\u00e5 uvirkeligt at vinde den st\u00f8rste lotto jackpot, og alligevel sker det. Det er ikke underligt, at vinderne af de st\u00f8rste lottojackpots \u00f8nsker at forblive anonyme, ellers ville de blive jagtet resten af \u200b\u200bderes liv!<\/p>\n<h2><span style=\"font-size: 12pt;\">Find den st\u00f8rste lottojackpot<\/span><\/h2>\n<p>For at finde den st\u00f8rste lottojackpot, der findes lige nu, kan du bruge vores hjemmeside, hvor nyheder om lotterier og deres jackpots konstant opdateres. P\u00e5 denne m\u00e5de kan du finde ud af, hvor du skal spille, hvis du leder efter millioner. Glem ikke, at det ogs\u00e5 er nyttigt at l\u00e6re mere om odds for at vinde og statistikker for de st\u00f8rste lottojackpots. Selv hvis held i sidste ende afg\u00f8r, om du vinder eller ej, kan du v\u00e6re smart og g\u00e5 efter de lottojackpots, hvor du har de bedste chancer for at vinde. RedFoxLotto hj\u00e6lper dig med at f\u00e5 adgang til alle de store jackpot-lotterier overalt i verden.<a href=\"https:\/\/affiliates.redfoxlotto.com\/\/idevaffiliate.php?id=40_1\" target=\"_blank\" rel=\"noopener\"> <strong><span style=\"text-decoration: underline;\">Klik her for at k\u00f8be din lotterikupon online med RedFoxLotto nu!<\/span><\/strong><\/a><\/p>\n<h2>At vinde jackpotten<\/h2>\n<p>Mange spillere tror fejlagtigt, at det at vinde en jackpot handler om pengene. N\u00e5r alt fokus er p\u00e5 de st\u00f8rste lotto-jackpots, kunne man tro, at det er det eneste, der betyder noget. Sandheden er, at det er selve chancen for at vinde den st\u00f8rste lotto-jackpot, der g\u00f8r spillet s\u00e5 sp\u00e6ndende. Spillere b\u00f8r ikke blive vrede eller triste, n\u00e5r de ikke vinder den. Sandheden er, at du h\u00f8jst sandsynligt ikke vinder den st\u00f8rste lotto-jackpot. S\u00e5 s\u00f8rg for at nyde at konkurrere om den. \u00c9t tal v\u00e6k fra en stor gevinst er ikke en fiasko, men en fantastisk oplevelse. R\u00e6sonner p\u00e5 denne m\u00e5de, og dine lottospil vil altid v\u00e6re vindere!<\/p>\n","protected":false},"excerpt":{"rendered":"<p>Historiens st\u00f8rste lottojackpot Der er noget magisk ved de st\u00f8rste lottojackpots, og det er ikke underligt, at folk f\u00f8lger med i, hvordan deres nationale lottojackpots vokser, indtil nogen vinder. Selvom<\/p>\n<p><a href=\"https:\/\/myinternetcasinos.com\/da\/de-stoerste-lottojackpots-i-historien\/\" class=\"more-link\">Continue Reading<span class=\"screen-reader-text\">De st\u00f8rste lottojackpots i historien<\/span><\/a><\/p>\n","protected":false},"author":2,"featured_media":0,"parent":0,"menu_order":0,"comment_status":"closed","ping_status":"closed","template":"","meta":{"footnotes":""},"class_list":["post-1207","page","type-page","status-publish","hentry"],"_links":{"self":[{"href":"https:\/\/myinternetcasinos.com\/da\/wp-json\/wp\/v2\/pages\/1207","targetHints":{"allow":["GET"]}}],"collection":[{"href":"https:\/\/myinternetcasinos.com\/da\/wp-json\/wp\/v2\/pages"}],"about":[{"href":"https:\/\/myinternetcasinos.com\/da\/wp-json\/wp\/v2\/types\/page"}],"author":[{"embeddable":true,"href":"https:\/\/myinternetcasinos.com\/da\/wp-json\/wp\/v2\/users\/2"}],"replies":[{"embeddable":true,"href":"https:\/\/myinternetcasinos.com\/da\/wp-json\/wp\/v2\/comments?post=1207"}],"version-history":[{"count":1,"href":"https:\/\/myinternetcasinos.com\/da\/wp-json\/wp\/v2\/pages\/1207\/revisions"}],"predecessor-version":[{"id":1208,"href":"https:\/\/myinternetcasinos.com\/da\/wp-json\/wp\/v2\/pages\/1207\/revisions\/1208"}],"wp:attachment":[{"href":"https:\/\/myinternetcasinos.com\/da\/wp-json\/wp\/v2\/media?parent=1207"}],"curies":[{"name":"wp","href":"https:\/\/api.w.org\/{rel}","templated":true}]}}