{"id":216,"date":"2025-08-02T14:37:57","date_gmt":"2025-08-02T14:37:57","guid":{"rendered":"https:\/\/myinternetcasinos.com\/domov\/"},"modified":"2025-08-02T14:37:57","modified_gmt":"2025-08-02T14:37:57","slug":"domov","status":"publish","type":"page","link":"https:\/\/myinternetcasinos.com\/cs\/","title":{"rendered":"Domov"},"content":{"rendered":"<h2>Recenze internetov\u00fdch kasin &#8211; nejlep\u0161\u00ed kasina na internetu<\/h2>\n<p>C\u00edlem <strong>MyInternetCasinos.com<\/strong> je p\u0159in\u00e1\u0161et v\u00e1m nejnov\u011bj\u0161\u00ed informace a <strong>recenze internetov\u00fdch kasin<\/strong>. Hran\u00ed v online kasinu je skv\u011bl\u00e1 z\u00e1bava, ale je d\u016fle\u017eit\u00e9 b\u00fdt dob\u0159e informov\u00e1n o tom, kde hr\u00e1t, o r\u016fzn\u00fdch bonusov\u00fdch nab\u00eddk\u00e1ch a akc\u00edch kasina, o bezpe\u010dnostn\u00edch ot\u00e1zk\u00e1ch, mo\u017enostech vkladu a mnoha dal\u0161\u00edch v\u011bcech.<\/p>\n<p>Na na\u0161ich webov\u00fdch str\u00e1nk\u00e1ch najdete v\u0161echny tyto informace. Provedli jsme komplexn\u00ed test nejlep\u0161\u00edch internetov\u00fdch kasin. Mezi na\u0161e testovac\u00ed krit\u00e9ria pat\u0159\u00ed software kasina, v\u00fdb\u011br her, procenta v\u00fdplat, bezpe\u010dnostn\u00ed standardy, z\u00e1kaznick\u00e1 podpora a mnoho dal\u0161\u00edch.<\/p>\n<p>Mnoho online hr\u00e1\u010d\u016f m\u00e1 r\u00e1do internetov\u00e1 kasina s mo\u017enostmi, jako jsou sportovn\u00ed s\u00e1zen\u00ed, online poker, bingo atd. Pokud hled\u00e1te recenzi kasina a zaj\u00edm\u00e1 v\u00e1s, zda kasino p\u0159ij\u00edm\u00e1 hr\u00e1\u010de z USA, <a href=\"index.php?option=com_content&amp;view=article&amp;id=92&amp;Itemid=197\"><span style=\"text-decoration: underline;\">pod\u00edvejte se na na\u0161i recenzi Slotlandu<\/span><\/a>. Toto je bezpochyby nejlep\u0161\u00ed volba pro hr\u00e1\u010de, kte\u0159\u00ed \u017eij\u00ed v USA. Slotland nab\u00edz\u00ed \u0159adu pohodln\u00fdch a bezpe\u010dn\u00fdch mo\u017enost\u00ed vkladu do kasina, kter\u00e9 mohou ameri\u010dt\u00ed hr\u00e1\u010di vyu\u017e\u00edt.<\/p>\n<ul>\n<li>Chcete-li zobrazit <strong>recenze nejlep\u0161\u00edch internetov\u00fdch kasin<\/strong>, jednodu\u0161e si vyberte jedno z v\u00fd\u0161e uveden\u00fdch kasin. Dal\u0161\u00ed recenze kasin najdete kliknut\u00edm na nab\u00eddku \u201eRecenze internetov\u00fdch kasin\u201c ve sloupci vpravo.<\/li>\n<li>Na MyInternetCasinos.com v\u00e1s tak\u00e9 budeme informovat o nov\u00fdch akc\u00edch a nejzaj\u00edmav\u011bj\u0161\u00edch hr\u00e1ch, kter\u00e9 si m\u016f\u017eete zahr\u00e1t na internetu.<\/li>\n<li>Hled\u00e1te tipy, kter\u00e1 kasinov\u00e1 strategie v\u00e1m p\u0159inese nejlep\u0161\u00ed v\u00fdsledky? I to m\u00e1me.<\/li>\n<li>Mnoho online kasin v\u00e1m d\u00e1v\u00e1 mo\u017enost vyzkou\u0161et si jejich hry zdarma \u2013 s propagac\u00ed rozto\u010den\u00ed zdarma nebo bezplatn\u00fdch kasinov\u00fdch pen\u011bz nemus\u00edte ani vkl\u00e1dat vlastn\u00ed pen\u00edze, abyste si mohli vyzkou\u0161et jejich kasinov\u00e9 hry. A nejlep\u0161\u00ed je, \u017ee si m\u016f\u017eete <a href=\"https:\/\/www.bestuscasinos.org\/games\/slots\/\" target=\"_blank\" rel=\"noopener\">hr\u00e1t online automaty o skute\u010dn\u00e9 pen\u00edze<\/a> a z\u00e1rove\u0148 si ponechat velkou \u010d\u00e1st sv\u00e9 v\u00fdhry (i kdy\u017e na to budete muset prov\u00e9st vlastn\u00ed vklad!)<\/li>\n<\/ul>\n<h3>U\u017eijte si nejlep\u0161\u00ed kasina na internetu &#8211; Hodn\u011b \u0161t\u011bst\u00ed!<\/h3>\n<p>&nbsp;<\/p>\n","protected":false},"excerpt":{"rendered":"<p>Recenze internetov\u00fdch kasin &#8211; nejlep\u0161\u00ed kasina na internetu C\u00edlem MyInternetCasinos.com je p\u0159in\u00e1\u0161et v\u00e1m nejnov\u011bj\u0161\u00ed informace a recenze internetov\u00fdch kasin. Hran\u00ed v online kasinu je skv\u011bl\u00e1 z\u00e1bava, ale je d\u016fle\u017eit\u00e9 b\u00fdt<\/p>\n<p><a href=\"https:\/\/myinternetcasinos.com\/cs\/\" class=\"more-link\">Continue Reading<span class=\"screen-reader-text\">Domov<\/span><\/a><\/p>\n","protected":false},"author":1,"featured_media":0,"parent":0,"menu_order":0,"comment_status":"closed","ping_status":"closed","template":"","meta":{"footnotes":""},"class_list":["post-216","page","type-page","status-publish","hentry"],"_links":{"self":[{"href":"https:\/\/myinternetcasinos.com\/cs\/wp-json\/wp\/v2\/pages\/216","targetHints":{"allow":["GET"]}}],"collection":[{"href":"https:\/\/myinternetcasinos.com\/cs\/wp-json\/wp\/v2\/pages"}],"about":[{"href":"https:\/\/myinternetcasinos.com\/cs\/wp-json\/wp\/v2\/types\/page"}],"author":[{"embeddable":true,"href":"https:\/\/myinternetcasinos.com\/cs\/wp-json\/wp\/v2\/users\/1"}],"replies":[{"embeddable":true,"href":"https:\/\/myinternetcasinos.com\/cs\/wp-json\/wp\/v2\/comments?post=216"}],"version-history":[{"count":0,"href":"https:\/\/myinternetcasinos.com\/cs\/wp-json\/wp\/v2\/pages\/216\/revisions"}],"wp:attachment":[{"href":"https:\/\/myinternetcasinos.com\/cs\/wp-json\/wp\/v2\/media?parent=216"}],"curies":[{"name":"wp","href":"https:\/\/api.w.org\/{rel}","templated":true}]}}