{"id":1205,"date":"2025-08-04T12:11:54","date_gmt":"2025-08-04T12:11:54","guid":{"rendered":"https:\/\/myinternetcasinos.com\/?page_id=1205"},"modified":"2026-01-20T08:22:20","modified_gmt":"2026-01-20T08:22:20","slug":"nejvetsi-jackpoty-v-historii-loterie","status":"publish","type":"page","link":"https:\/\/myinternetcasinos.com\/cs\/nejvetsi-jackpoty-v-historii-loterie\/","title":{"rendered":"Nejv\u011bt\u0161\u00ed jackpoty v historii loterie"},"content":{"rendered":"<h1>Historie nejv\u011bt\u0161\u00edho jackpotu v loterii<\/h1>\n<p>Na nejv\u011bt\u0161\u00edch jackpotech v loterii je n\u011bco <strong>magick\u00e9ho<\/strong> a nen\u00ed divu, \u017ee lid\u00e9 sleduj\u00ed, jak rostou jejich n\u00e1rodn\u00ed jackpoty v loterii, dokud n\u011bkdo nevyhraje. I kdy\u017e ka\u017ed\u00fd chce vid\u011bt v\u00fdherce ka\u017ed\u00fd t\u00fdden, je tak\u00e9 n\u011bco skv\u011bl\u00e9ho na tom, \u017ee \u017e\u00e1dn\u00fd v\u00fdherce nen\u00ed, co\u017e znamen\u00e1 v\u011bt\u0161\u00ed jackpot pro dal\u0161\u00ed losov\u00e1n\u00ed. Pokud by n\u011bkdo dok\u00e1zal p\u0159ij\u00edt na to, jak si zajistit v\u00fdhru nejv\u011bt\u0161\u00edho jackpotu v loterii, byl by to z\u00e1zrak, tak\u017ee mezit\u00edm si o t\u011bchto gigantick\u00fdch cen\u00e1ch mus\u00edme jen sn\u00edt.<\/p>\n<h2>Jackpot v loterii: Mnoho v\u00fdherc\u016f<\/h2>\n<p>Nejv\u011bt\u0161\u00ed jackpot v loterii byl v roce 2016 vyplacen t\u0159em v\u00fdherc\u016fm. V Powerballu byla vyhr\u00e1na v\u00fdhra ve v\u00fd\u0161i 1,6 miliardy dolar\u016f a st\u00e1le ji \u010dek\u00e1 dal\u0161\u00ed jackpot v loterii. I kdyby se v\u00fdhra rozd\u011blila, ka\u017ed\u00fd v\u00fdherce st\u00e1le dos\u00e1hl rekordn\u00edch v\u00fdher v loterii. \u010casto se m\u016f\u017ee st\u00e1t, \u017ee jackpot v loterii bude obrovsk\u00fd, ale pokud se rozd\u011bl\u00ed mezi mnoho v\u00fdherc\u016f, nikdo z nich nepoc\u00edt\u00ed, jak obrovsk\u00fd skute\u010dn\u00fd jackpot byl.<\/p>\n<h2>Jeden v\u00fdherce jackpotu v loterii<\/h2>\n<p><a href=\"http:\/\/affiliates.redfoxlotto.com\/\/idevaffiliate.php?id=40\" target=\"_blank\" rel=\"noopener\"><img loading=\"lazy\" decoding=\"async\" class=\"alignnone wp-image-1161 size-medium\" src=\"https:\/\/myinternetcasinos.com\/wp-content\/uploads\/2026\/01\/lottery-jackpot-ticket-template-with-numbers-292x300.webp\" alt=\"\" width=\"292\" height=\"300\" srcset=\"https:\/\/myinternetcasinos.com\/wp-content\/uploads\/2026\/01\/lottery-jackpot-ticket-template-with-numbers-292x300.webp 292w, https:\/\/myinternetcasinos.com\/wp-content\/uploads\/2026\/01\/lottery-jackpot-ticket-template-with-numbers.webp 596w\" sizes=\"auto, (max-width: 292px) 100vw, 292px\" \/><\/a>Kdy\u017e si jeden v\u00fdherce odnese dom\u016f <a href=\"https:\/\/affiliates.redfoxlotto.com\/\/idevaffiliate.php?id=40_1\" target=\"_blank\" rel=\"noopener\">nejv\u011bt\u0161\u00ed jackpot v loterii<\/a>, v\u0161ichni se na to d\u00edvaj\u00ed s \u00fa\u017easem. Je n\u011bco tak zvl\u00e1\u0161tn\u00edho na tom, \u017ee jeden \u010dlov\u011bk vyhraje v\u00edce, ne\u017e kolik dok\u00e1\u017ee za cel\u00fd \u017eivot utratit. Zd\u00e1 se to tak neskute\u010dn\u00e9 vyhr\u00e1t nejv\u011bt\u0161\u00ed jackpot v loterii, a p\u0159esto se to stane. Nen\u00ed divu, \u017ee v\u00fdherci nejv\u011bt\u0161\u00edch loterijn\u00edch jackpot\u016f cht\u011bj\u00ed z\u016fstat v anonymit\u011b, jinak by byli pron\u00e1sledov\u00e1ni do konce \u017eivota!<\/p>\n<h2><span style=\"font-size: 12pt;\">Jak naj\u00edt nejv\u011bt\u0161\u00ed loterijn\u00ed jackpot<\/span><\/h2>\n<p>Chcete-li naj\u00edt nejv\u011bt\u0161\u00ed loterijn\u00ed jackpot, kter\u00fd je pr\u00e1v\u011b te\u010f k dispozici, m\u016f\u017eete pou\u017e\u00edt na\u0161e webov\u00e9 str\u00e1nky, kde neust\u00e1le aktualizujeme novinky o loteri\u00edch a jejich jackpotech. Takto zjist\u00edte, kde byste m\u011bli hr\u00e1t, pokud hled\u00e1te miliony. Nezapome\u0148te, \u017ee je tak\u00e9 u\u017eite\u010dn\u00e9 dozv\u011bd\u011bt se v\u00edce o pravd\u011bpodobnosti v\u00fdhry a statistik\u00e1ch nejv\u011bt\u0161\u00edch loterijn\u00edch jackpot\u016f. I kdy\u017e \u0161t\u011bst\u00ed nakonec rozhodne o tom, zda vyhrajete, \u010di nikoli, m\u016f\u017eete b\u00fdt chyt\u0159\u00ed a zvolit si loterijn\u00ed jackpoty, kde m\u00e1te nejv\u011bt\u0161\u00ed \u0161anci na v\u00fdhru. RedFoxLotto v\u00e1m pom\u016f\u017ee z\u00edskat p\u0159\u00edstup k jak\u00e9koli z t\u011bch velk\u00fdch jackpotov\u00fdch loteri\u00ed kdekoli na sv\u011bt\u011b.<a href=\"https:\/\/affiliates.redfoxlotto.com\/\/idevaffiliate.php?id=40_1\" target=\"_blank\" rel=\"noopener\"> <strong><span style=\"text-decoration: underline;\">Klikn\u011bte zde a kupte si loterijn\u00ed tiket online s RedFoxLotto hned te\u010f!<\/span><\/strong><\/a><\/p>\n<h2>V\u00fdhra jackpotu<\/h2>\n<p>Mnoho hr\u00e1\u010d\u016f si myln\u011b mysl\u00ed, \u017ee v\u00fdhra jackpotu se to\u010d\u00ed kolem pen\u011bz. Kdy\u017e se ve\u0161ker\u00e1 pozornost soust\u0159ed\u00ed na nejv\u011bt\u0161\u00ed jackpoty loterie, \u010dlov\u011bk by si mohl myslet, \u017ee to je to jedin\u00e9, na \u010dem z\u00e1le\u017e\u00ed. Pravdou je, \u017ee pr\u00e1v\u011b \u0161ance na v\u00fdhru nejv\u011bt\u0161\u00edho jackpotu loterie d\u011bl\u00e1 hru tak vzru\u0161uj\u00edc\u00ed. Hr\u00e1\u010di by se nem\u011bli zlobit ani smutekovat, kdy\u017e ho nevyhraj\u00ed. Pravdou je, \u017ee s nejv\u011bt\u0161\u00ed pravd\u011bpodobnost\u00ed nejv\u011bt\u0161\u00ed jackpot loterie nevyhrajete. Tak\u017ee si sout\u011b\u017een\u00ed o n\u011bj ur\u010dit\u011b u\u017eijte. Jedno \u010d\u00edslo od velk\u00e9 v\u00fdhry nen\u00ed ne\u00fasp\u011bch, ale \u00fa\u017easn\u00fd z\u00e1\u017eitek. Zva\u017ete to takto a va\u0161e loterijn\u00ed hry budou v\u017edycky v\u00fdhern\u00ed!<\/p>\n","protected":false},"excerpt":{"rendered":"<p>Historie nejv\u011bt\u0161\u00edho jackpotu v loterii Na nejv\u011bt\u0161\u00edch jackpotech v loterii je n\u011bco magick\u00e9ho a nen\u00ed divu, \u017ee lid\u00e9 sleduj\u00ed, jak rostou jejich n\u00e1rodn\u00ed jackpoty v loterii, dokud n\u011bkdo nevyhraje. I<\/p>\n<p><a href=\"https:\/\/myinternetcasinos.com\/cs\/nejvetsi-jackpoty-v-historii-loterie\/\" class=\"more-link\">Continue Reading<span class=\"screen-reader-text\">Nejv\u011bt\u0161\u00ed jackpoty v historii loterie<\/span><\/a><\/p>\n","protected":false},"author":2,"featured_media":0,"parent":0,"menu_order":0,"comment_status":"closed","ping_status":"closed","template":"","meta":{"footnotes":""},"class_list":["post-1205","page","type-page","status-publish","hentry"],"_links":{"self":[{"href":"https:\/\/myinternetcasinos.com\/cs\/wp-json\/wp\/v2\/pages\/1205","targetHints":{"allow":["GET"]}}],"collection":[{"href":"https:\/\/myinternetcasinos.com\/cs\/wp-json\/wp\/v2\/pages"}],"about":[{"href":"https:\/\/myinternetcasinos.com\/cs\/wp-json\/wp\/v2\/types\/page"}],"author":[{"embeddable":true,"href":"https:\/\/myinternetcasinos.com\/cs\/wp-json\/wp\/v2\/users\/2"}],"replies":[{"embeddable":true,"href":"https:\/\/myinternetcasinos.com\/cs\/wp-json\/wp\/v2\/comments?post=1205"}],"version-history":[{"count":1,"href":"https:\/\/myinternetcasinos.com\/cs\/wp-json\/wp\/v2\/pages\/1205\/revisions"}],"predecessor-version":[{"id":1206,"href":"https:\/\/myinternetcasinos.com\/cs\/wp-json\/wp\/v2\/pages\/1205\/revisions\/1206"}],"wp:attachment":[{"href":"https:\/\/myinternetcasinos.com\/cs\/wp-json\/wp\/v2\/media?parent=1205"}],"curies":[{"name":"wp","href":"https:\/\/api.w.org\/{rel}","templated":true}]}}